{"id":2895,"date":"2024-09-27T14:18:48","date_gmt":"2024-09-27T11:18:48","guid":{"rendered":"https:\/\/erayman.com\/en\/product\/9-5mm-3-8-profil-e-dm\/"},"modified":"2024-09-27T14:18:48","modified_gmt":"2024-09-27T11:18:48","slug":"9-5mm-3-8-profil-e-dm","status":"publish","type":"product","link":"https:\/\/erayman.com\/en\/product\/9-5mm-3-8-profil-e-dm\/","title":{"rendered":"9.5mm \u2013 3\/8\u201d PROF\u0130L: E-DM"},"content":{"rendered":"","protected":false},"excerpt":{"rendered":"<div class=\"product-short-description\">\n<table style=\"width: 96.4233%;border-color: #000000;border-style: solid;height: 617px\" border=\"0\" cellspacing=\"0\" cellpadding=\"0\">\n<tbody>\n<tr style=\"height: 39px\">\n<td style=\"border-style: solid;border-color: #000000;background-color: #f0eded;width: 26.7426%;text-align: center;height: 10px\"><span style=\"color: #000000;font-size: 100%\"><strong>TAHIL TANES\u0130<\/strong><\/span><\/td>\n<td style=\"border-style: solid;border-color: #000000;background-color: #f0eded;width: 24.1892%;height: 10px;text-align: center\" height=\"40\"><span style=\"color: #000000;font-size: 100%\"><strong>ISO NO (mg)<\/strong><\/span><\/td>\n<td style=\"border-style: solid;border-color: #000000;background-color: #f0eded;width: 23.9025%;height: 10px;text-align: center\"><span style=\"color: #000000;font-size: 100%\"><strong>RENK<\/strong><\/span><\/td>\n<td style=\"border-style: solid;border-color: #000000;background-color: #f0eded;width: 46.6295%;height: 10px;text-align: center\"><span style=\"color: #000000;font-size: 100%\"><strong>ADET \/ KUTU<\/strong><\/span><\/td>\n<\/tr>\n<tr style=\"height: 21px\">\n<td style=\"border-style: solid;border-color: #000000;width: 26.7426%;text-align: center;height: 21px\"><span style=\"color: #000000;font-size: 100%\">8<\/span><\/td>\n<td style=\"border-style: solid;border-color: #000000;width: 24.1892%;height: 21px;text-align: center\" height=\"20\"><span style=\"color: #000000;font-size: 100%\">52<\/span><\/td>\n<td style=\"border-style: solid;border-color: #000000;width: 23.9025%;height: 21px;background-color: #f70b02;text-align: center\"><span style=\"color: #fcfcfc;font-size: 100%\">KIRMIZI<\/span><\/td>\n<td style=\"border-style: solid;border-color: #000000;width: 46.6295%;height: 21px;text-align: center\"><span style=\"color: #000000;font-size: 100%\">4000<\/span><\/td>\n<\/tr>\n<tr style=\"height: 21px\">\n<td style=\"border-style: solid;border-color: #000000;width: 26.7426%;text-align: center;height: 21px\"><span style=\"color: #000000;font-size: 100%\">9<\/span><\/td>\n<td style=\"border-style: solid;border-color: #000000;width: 24.1892%;height: 21px;text-align: center\" height=\"20\"><span style=\"color: #000000;font-size: 100%\">58<\/span><\/td>\n<td style=\"border-style: solid;border-color: #000000;width: 23.9025%;height: 21px;background-color: #092366;text-align: center\"><span style=\"color: #fcfcfc;font-size: 100%\">MAV\u0130<\/span><\/td>\n<td style=\"border-style: solid;border-color: #000000;width: 46.6295%;text-align: center;height: 21px\"><span style=\"color: #000000;font-size: 100%\">4000<\/span><\/td>\n<\/tr>\n<tr style=\"height: 21px\">\n<td style=\"border-style: solid;border-color: #000000;width: 26.7426%;text-align: center;height: 21px\"><span style=\"color: #000000;font-size: 100%\">10<\/span><\/td>\n<td style=\"border-style: solid;border-color: #000000;width: 24.1892%;height: 21px;text-align: center\"><span style=\"color: #000000;font-size: 100%\">65<\/span><\/td>\n<td style=\"border-style: solid;border-color: #000000;width: 23.9025%;background-color: #000000;height: 21px;text-align: center\"><span style=\"color: #fffcfc;font-size: 100%\">S\u0130YAH<\/span><\/td>\n<td style=\"border-style: solid;border-color: #000000;width: 46.6295%;text-align: center;height: 21px\"><span style=\"color: #000000;font-size: 100%\">4000<\/span><\/td>\n<\/tr>\n<tr style=\"height: 21px\">\n<td style=\"border-style: solid;border-color: #000000;width: 26.7426%;text-align: center;height: 21px\"><span style=\"color: #000000;font-size: 100%\">12<\/span><\/td>\n<td style=\"border-style: solid;border-color: #000000;width: 24.1892%;text-align: center;height: 21px\"><span style=\"color: #000000;font-size: 100%\">78<\/span><\/td>\n<td style=\"border-style: solid;border-color: #000000;width: 23.9025%;background-color: #025902;height: 21px;text-align: center\"><span style=\"color: #fcfcfc;font-size: 100%\">YE\u015e\u0130L<\/span><\/td>\n<td style=\"border-style: solid;border-color: #000000;width: 46.6295%;text-align: center;height: 21px\"><span style=\"color: #000000;font-size: 100%\">4000<\/span><\/td>\n<\/tr>\n<tr style=\"height: 21px\">\n<td style=\"border-style: solid;border-color: #000000;width: 26.7426%;text-align: center;height: 21px\"><span style=\"color: #000000;font-size: 100%\">14<\/span><\/td>\n<td style=\"border-style: solid;border-color: #000000;width: 24.1892%;height: 21px;text-align: center\"><span style=\"color: #000000;font-size: 100%\">91<\/span><\/td>\n<td style=\"border-style: solid;border-color: #000000;width: 23.9025%;height: 21px;background-color: #f70b02;text-align: center\"><span style=\"color: #fcfcfc;font-size: 100%\">KIRMIZI<\/span><\/td>\n<td style=\"border-style: solid;border-color: #000000;width: 46.6295%;height: 21px;text-align: center\"><span style=\"color: #000000;font-size: 100%\">4000<\/span><\/td>\n<\/tr>\n<tr style=\"height: 21px\">\n<td style=\"border-style: solid;border-color: #000000;width: 26.7426%;text-align: center;height: 21px\"><span style=\"color: #000000;font-size: 100%\">15<\/span><\/td>\n<td style=\"border-style: solid;border-color: #000000;width: 24.1892%;text-align: center;height: 21px\"><span style=\"color: #000000;font-size: 100%\">97<\/span><\/td>\n<td style=\"border-style: solid;border-color: #000000;width: 23.9025%;background-color: #f6fa14;height: 21px;text-align: center\"><span style=\"color: #000000;font-size: 100%\">SARI<\/span><\/td>\n<td style=\"border-style: solid;border-color: #000000;width: 46.6295%;height: 21px;text-align: center\"><span style=\"color: #000000;font-size: 100%\">2000<\/span><\/td>\n<\/tr>\n<tr style=\"height: 21px\">\n<td style=\"border-style: solid;border-color: #000000;width: 26.7426%;text-align: center;height: 21px\"><span style=\"color: #000000;font-size: 100%\">16<\/span><\/td>\n<td style=\"border-style: solid;border-color: #000000;width: 24.1892%;text-align: center;height: 21px\"><span style=\"color: #000000;font-size: 100%\">104<\/span><\/td>\n<td style=\"border-style: solid;border-color: #000000;width: 23.9025%;background-color: #e843e3;height: 21px;text-align: center\"><span style=\"color: #fcfcfc;font-size: 100%\">PEMBE<\/span><\/td>\n<td style=\"border-style: solid;border-color: #000000;width: 46.6295%;text-align: center;height: 21px\"><span style=\"color: #000000;font-size: 100%\">2000<\/span><\/td>\n<\/tr>\n<tr style=\"height: 21px\">\n<td style=\"border-style: solid;border-color: #000000;width: 26.7426%;text-align: center;height: 21px\"><span style=\"color: #000000;font-size: 100%\">18<\/span><\/td>\n<td style=\"border-style: solid;border-color: #000000;width: 24.1892%;height: 21px;text-align: center\" height=\"20\"><span style=\"color: #000000;font-size: 100%\">117<\/span><\/td>\n<td style=\"border-style: solid;border-color: #000000;width: 23.9025%;background-color: #fa5502;height: 21px;text-align: center\"><span style=\"color: #fcfcfc;font-size: 100%\">TURUNCU<\/span><\/td>\n<td style=\"border-style: solid;border-color: #000000;width: 46.6295%;height: 21px;text-align: center\"><span style=\"color: #000000;font-size: 100%\">2000<\/span><\/td>\n<\/tr>\n<tr style=\"height: 21px\">\n<td style=\"border-style: solid;border-color: #000000;width: 26.7426%;text-align: center;height: 21px\"><span style=\"color: #000000;font-size: 100%\">20<\/span><\/td>\n<td style=\"border-style: solid;border-color: #000000;width: 24.1892%;height: 21px;text-align: center\"><span style=\"color: #000000;font-size: 100%\">130<\/span><\/td>\n<td style=\"border-style: solid;border-color: #000000;width: 23.9025%;background-color: #f6fa14;height: 21px;text-align: center\"><span style=\"color: #000000;font-size: 100%\">SARI<\/span><\/td>\n<td style=\"border-style: solid;border-color: #000000;width: 46.6295%;height: 21px;text-align: center\"><span style=\"color: #000000;font-size: 100%\">2000<\/span><\/td>\n<\/tr>\n<tr style=\"height: 21px\">\n<td style=\"border-style: solid;border-color: #000000;width: 26.7426%;text-align: center;height: 21px\"><span style=\"color: #000000;font-size: 100%\">21<\/span><\/td>\n<td style=\"border-style: solid;border-color: #000000;width: 24.1892%;height: 21px;text-align: center\"><span style=\"color: #000000;font-size: 100%\">136<\/span><\/td>\n<td style=\"border-style: solid;border-color: #000000;width: 23.9025%;background-color: #000000;height: 21px;text-align: center\"><span style=\"color: #fffcfc;font-size: 100%\">S\u0130YAH<\/span><\/td>\n<td style=\"border-style: solid;border-color: #000000;width: 46.6295%;height: 21px;text-align: center\"><span style=\"color: #000000;font-size: 100%\">2000<\/span><\/td>\n<\/tr>\n<tr style=\"height: 21px\">\n<td style=\"border-style: solid;border-color: #000000;width: 26.7426%;text-align: center;height: 21px\"><span style=\"color: #000000;font-size: 100%\">24<\/span><\/td>\n<td style=\"border-style: solid;border-color: #000000;width: 24.1892%;height: 21px;text-align: center\" height=\"20\"><span style=\"color: #000000;font-size: 100%\">156<\/span><\/td>\n<td style=\"border-style: solid;border-color: #000000;width: 23.9025%;height: 21px;background-color: #6f21c2;text-align: center\"><span style=\"color: #fcfcfc;font-size: 100%\">MENEK\u015eE<\/span><\/td>\n<td style=\"border-style: solid;border-color: #000000;width: 46.6295%;height: 21px;text-align: center\"><span style=\"color: #000000;font-size: 100%\">2000<\/span><\/td>\n<\/tr>\n<tr style=\"height: 21px\">\n<td style=\"border-style: solid;border-color: #000000;width: 26.7426%;text-align: center;height: 21px\"><span style=\"color: #000000;font-size: 100%\">26<\/span><\/td>\n<td style=\"border-style: solid;border-color: #000000;width: 24.1892%;height: 21px;text-align: center\"><span style=\"color: #000000;font-size: 100%\">168<\/span><\/td>\n<td style=\"border-style: solid;border-color: #000000;width: 23.9025%;background-color: #025902;height: 21px;text-align: center\"><span style=\"color: #fcfcfc;font-size: 100%\">YE\u015e\u0130L<\/span><\/td>\n<td style=\"border-style: solid;border-color: #000000;width: 46.6295%;text-align: center;height: 21px\"><span style=\"color: #000000;font-size: 100%\">2000<\/span><\/td>\n<\/tr>\n<tr style=\"height: 21px\">\n<td style=\"border-style: solid;border-color: #000000;width: 26.7426%;text-align: center;height: 21px\"><span style=\"color: #000000;font-size: 100%\">27<\/span><\/td>\n<td style=\"border-style: solid;border-color: #000000;width: 24.1892%;text-align: center;height: 21px\"><span style=\"color: #000000;font-size: 100%\">175<\/span><\/td>\n<td style=\"border-style: solid;border-color: #000000;width: 23.9025%;background-color: #f6fa14;height: 21px;text-align: center\"><span style=\"color: #000000;font-size: 100%\">SARI<\/span><\/td>\n<td style=\"border-style: solid;border-color: #000000;width: 46.6295%;height: 21px;text-align: center\"><span style=\"color: #000000;font-size: 100%\">2000<\/span><\/td>\n<\/tr>\n<tr style=\"height: 21px\">\n<td style=\"border-style: solid;border-color: #000000;width: 26.7426%;text-align: center;height: 21px\"><span style=\"color: #000000;font-size: 100%\">29<\/span><\/td>\n<td style=\"border-style: solid;border-color: #000000;width: 24.1892%;height: 21px;text-align: center\" height=\"20\"><span style=\"color: #000000;font-size: 100%\">188<\/span><\/td>\n<td style=\"border-style: solid;border-color: #000000;width: 23.9025%;height: 21px;background-color: #092366;text-align: center\"><span style=\"color: #fcfcfc;font-size: 100%\">MAV\u0130<\/span><\/td>\n<td style=\"border-style: solid;border-color: #000000;width: 46.6295%;height: 21px;text-align: center\"><span style=\"color: #000000;font-size: 100%\">2000<\/span><\/td>\n<\/tr>\n<tr style=\"height: 21px\">\n<td style=\"border-style: solid;border-color: #000000;width: 26.7426%;text-align: center;height: 21px\"><span style=\"color: #000000;font-size: 100%\">32<\/span><\/td>\n<td style=\"border-style: solid;border-color: #000000;width: 24.1892%;height: 21px;text-align: center\" height=\"20\"><span style=\"color: #000000;font-size: 100%\">207<\/span><\/td>\n<td style=\"border-style: solid;border-color: #000000;width: 23.9025%;height: 21px;background-color: #092366;text-align: center\"><span style=\"color: #fcfcfc;font-size: 100%\">MAV\u0130<\/span><\/td>\n<td style=\"border-style: solid;border-color: #000000;width: 46.6295%;text-align: center;height: 21px\"><span style=\"color: #000000;font-size: 100%\">2000<\/span><\/td>\n<\/tr>\n<tr style=\"height: 23px\">\n<td style=\"border-style: solid;border-color: #000000;width: 26.7426%;text-align: center;height: 23px\"><span style=\"color: #000000;font-size: 100%\">33<\/span><\/td>\n<td style=\"border-style: solid;border-color: #000000;width: 24.1892%;text-align: center;height: 23px\"><span style=\"color: #000000\">214<\/span><\/td>\n<td style=\"border-style: solid;border-color: #000000;width: 23.9025%;background-color: #f6fa14;height: 23px;text-align: center\"><span style=\"color: #000000;font-size: 100%\">L\u0130MON<\/span><\/td>\n<td style=\"border-style: solid;border-color: #000000;width: 46.6295%;height: 23px;text-align: center\"><span style=\"color: #000000;font-size: 100%\">2000<\/span><\/td>\n<\/tr>\n<tr style=\"height: 21px\">\n<td style=\"border-style: solid;border-color: #000000;width: 26.7426%;text-align: center;height: 21px\"><span style=\"color: #000000;font-size: 100%\">34<\/span><\/td>\n<td style=\"border-style: solid;border-color: #000000;width: 24.1892%;text-align: center;height: 21px\"><span style=\"color: #000000\">220<\/span><\/td>\n<td style=\"border-style: solid;border-color: #000000;width: 23.9025%;height: 21px;background-color: #6f21c2;text-align: center\"><span style=\"color: #fcfcfc;font-size: 100%\">LEYLAK<\/span><\/td>\n<td style=\"border-style: solid;border-color: #000000;width: 46.6295%;height: 21px;text-align: center\"><span style=\"color: #000000;font-size: 100%\">2000<\/span><\/td>\n<\/tr>\n<tr style=\"height: 21px\">\n<td style=\"border-style: solid;border-color: #000000;width: 26.7426%;text-align: center;height: 21px\"><span style=\"color: #000000;font-size: 100%\">39<\/span><\/td>\n<td style=\"border-style: solid;border-color: #000000;width: 24.1892%;text-align: center;height: 21px\"><span style=\"color: #000000;font-size: 100%\">253<\/span><\/td>\n<td style=\"border-style: solid;border-color: #000000;width: 23.9025%;height: 21px;background-color: #f70b02;text-align: center\"><span style=\"color: #fcfcfc;font-size: 100%\">KIRMIZI<\/span><\/td>\n<td style=\"border-style: solid;border-color: #000000;width: 46.6295%;height: 21px;text-align: center\"><span style=\"color: #000000;font-size: 100%\">2000<\/span><\/td>\n<\/tr>\n<tr style=\"height: 21px\">\n<td style=\"border-style: solid;border-color: #000000;width: 26.7426%;text-align: center;height: 21px\"><span style=\"color: #000000;font-size: 100%\">45<\/span><\/td>\n<td style=\"border-style: solid;border-color: #000000;width: 24.1892%;height: 21px;text-align: center\" height=\"20\"><span style=\"color: #000000;font-size: 100%\">292<\/span><\/td>\n<td style=\"border-style: solid;border-color: #000000;width: 23.9025%;height: 21px;background-color: #17b04c;text-align: center\"><span style=\"color: #fcfcfc;font-size: 100%\">A\u00c7IK YE\u015e\u0130L<\/span><\/td>\n<td style=\"border-style: solid;border-color: #000000;width: 46.6295%;height: 21px;text-align: center\"><span style=\"color: #000000;font-size: 100%\">2000<\/span><\/td>\n<\/tr>\n<tr style=\"height: 21px\">\n<td style=\"border-style: solid;border-color: #000000;width: 26.7426%;text-align: center;height: 21px\"><span style=\"color: #000000;font-size: 100%\">51<\/span><\/td>\n<td style=\"border-style: solid;border-color: #000000;width: 24.1892%;text-align: center;height: 21px\"><span style=\"color: #000000;font-size: 100%\">330<\/span><\/td>\n<td style=\"border-style: solid;border-color: #000000;width: 23.9025%;background-color: #f6fa14;height: 21px;text-align: center\"><span style=\"color: #000000;font-size: 100%\">SARI<\/span><\/td>\n<td style=\"border-style: solid;border-color: #000000;width: 46.6295%;height: 21px;text-align: center\"><span style=\"color: #000000;font-size: 100%\">2000<\/span><\/td>\n<\/tr>\n<tr style=\"height: 21px\">\n<td style=\"border-style: solid;border-color: #000000;width: 26.7426%;text-align: center;height: 21px\"><span style=\"color: #000000;font-size: 100%\">59<\/span><\/td>\n<td style=\"border-style: solid;border-color: #000000;width: 24.1892%;text-align: center;height: 21px\"><span style=\"color: #000000;font-size: 100%\">382<\/span><\/td>\n<td style=\"border-style: solid;border-color: #000000;width: 23.9025%;background-color: #660137;height: 21px;text-align: center\"><span style=\"color: #fcfcfc\">BORDO<\/span><\/td>\n<td style=\"border-style: solid;border-color: #000000;width: 46.6295%;text-align: center;height: 21px\"><span style=\"color: #000000;font-size: 100%\">1500<\/span><\/td>\n<\/tr>\n<tr style=\"height: 21px\">\n<td style=\"border-style: solid;border-color: #000000;width: 26.7426%;text-align: center;height: 21px\"><span style=\"color: #000000;font-size: 100%\">61<\/span><\/td>\n<td style=\"border-style: solid;border-color: #000000;width: 24.1892%;text-align: center;height: 21px\"><span style=\"color: #000000;font-size: 100%\">395<\/span><\/td>\n<td style=\"border-style: solid;border-color: #000000;width: 23.9025%;height: 21px;background-color: #092366;text-align: center\"><span style=\"color: #fcfcfc;font-size: 100%\">MAV\u0130<\/span><\/td>\n<td style=\"border-style: solid;border-color: #000000;width: 46.6295%;text-align: center;height: 21px\">1500<\/td>\n<\/tr>\n<tr style=\"height: 21px\">\n<td style=\"border-style: solid;border-color: #000000;width: 26.7426%;text-align: center;height: 21px\"><span style=\"color: #000000;font-size: 100%\">65<\/span><\/td>\n<td style=\"border-style: solid;border-color: #000000;width: 24.1892%;text-align: center;height: 21px\"><span style=\"color: #000000;font-size: 100%\">421<\/span><\/td>\n<td style=\"border-style: solid;border-color: #000000;width: 23.9025%;background-color: #e843e3;height: 21px;text-align: center\"><span style=\"color: #fcfcfc;font-size: 100%\">PEMBE<\/span><\/td>\n<td style=\"border-style: solid;border-color: #000000;width: 46.6295%;text-align: center;height: 21px\"><span style=\"color: #000000;font-size: 100%\">1500<\/span><\/td>\n<\/tr>\n<tr style=\"height: 21px\">\n<td style=\"border-style: solid;border-color: #000000;width: 26.7426%;text-align: center;height: 21px\"><span style=\"color: #000000;font-size: 100%\">70<\/span><\/td>\n<td style=\"border-style: solid;border-color: #000000;width: 24.1892%;text-align: center;height: 21px\"><span style=\"color: #000000;font-size: 100%\">454<\/span><\/td>\n<td style=\"border-style: solid;border-color: #000000;width: 23.9025%;background-color: #39edd2;height: 21px;text-align: center\"><span style=\"color: #fcfcfc;font-size: 100%\">TURKUAZ<\/span><\/td>\n<td style=\"border-style: solid;border-color: #000000;width: 46.6295%;height: 21px;text-align: center\"><span style=\"color: #000000;font-size: 100%\">1500<\/span><\/td>\n<\/tr>\n<tr style=\"height: 21px\">\n<td style=\"border-style: solid;border-color: #000000;width: 26.7426%;text-align: center;height: 21px\"><span style=\"color: #000000;font-size: 100%\">74<\/span><\/td>\n<td style=\"border-style: solid;border-color: #000000;width: 24.1892%;text-align: center;height: 21px\"><span style=\"color: #000000;font-size: 100%\">480<\/span><\/td>\n<td style=\"border-style: solid;border-color: #000000;width: 23.9025%;height: 21px;background-color: #6f21c2;text-align: center\"><span style=\"color: #fcfcfc;font-size: 100%\">MENEK\u015eE<\/span><\/td>\n<td style=\"border-style: solid;border-color: #000000;width: 46.6295%;height: 21px;text-align: center\"><span style=\"color: #000000;font-size: 100%\">1500<\/span><\/td>\n<\/tr>\n<tr style=\"height: 21px\">\n<td style=\"border-style: solid;border-color: #000000;width: 26.7426%;text-align: center;height: 19px\"><span style=\"color: #000000;font-size: 100%\">85<\/span><\/td>\n<td style=\"border-style: solid;border-color: #000000;width: 24.1892%;text-align: center;height: 19px\">551<\/td>\n<td style=\"border-style: solid;border-color: #000000;width: 23.9025%;height: 19px;background-color: #f70b02;text-align: center\"><span style=\"color: #fcfcfc;font-size: 100%\">KIRMIZI<\/span><\/td>\n<td style=\"border-style: solid;border-color: #000000;width: 46.6295%;height: 19px;text-align: center\"><span style=\"color: #000000;font-size: 100%\">1500<\/span><\/td>\n<\/tr>\n<tr style=\"height: 21px\">\n<td style=\"border-style: solid;border-color: #000000;width: 26.7426%;text-align: center;height: 21px\"><span style=\"color: #000000;font-size: 100%\">90<\/span><\/td>\n<td style=\"border-style: solid;border-color: #000000;width: 24.1892%;text-align: center;height: 21px\">583<\/td>\n<td style=\"border-style: solid;border-color: #000000;width: 23.9025%;background-color: #e843e3;height: 21px;text-align: center\"><span style=\"color: #fcfcfc;font-size: 100%\">PEMBE<\/span><\/td>\n<td style=\"border-style: solid;border-color: #000000;width: 46.6295%;text-align: center;height: 21px\"><span style=\"color: #000000;font-size: 100%\">1500<\/span><\/td>\n<\/tr>\n<tr style=\"height: 21px\">\n<td style=\"border-style: solid;border-color: #000000;width: 26.7426%;text-align: center;height: 21px\"><span style=\"color: #000000;font-size: 100%\">115<\/span><\/td>\n<td style=\"border-style: solid;border-color: #000000;width: 24.1892%;text-align: center;height: 21px\">745<\/td>\n<td style=\"border-style: solid;border-color: #000000;width: 23.9025%;background-color: #f70b02;text-align: center;height: 21px\"><span style=\"color: #fcfcfc;font-size: 100%\">KIRMIZI<\/span><\/td>\n<td style=\"border-style: solid;border-color: #000000;width: 46.6295%;text-align: center;height: 21px\"><span style=\"color: #000000;font-size: 100%\">750<\/span><\/td>\n<\/tr>\n<tr style=\"height: 19px\">\n<td style=\"border-style: solid;border-color: #000000;width: 26.7426%;text-align: center;height: 19px\"><span style=\"color: #000000;font-size: 100%\">131<\/span><\/td>\n<td style=\"border-style: solid;border-color: #000000;width: 24.1892%;text-align: center;height: 19px\">849<\/td>\n<td style=\"border-style: solid;border-color: #000000;width: 23.9025%;background-color: #e843e3;height: 21px;text-align: center\"><span style=\"color: #fcfcfc;font-size: 100%\">PEMBE<\/span><\/td>\n<td style=\"border-style: solid;border-color: #000000;width: 46.6295%;text-align: center;height: 21px\"><span style=\"color: #000000;font-size: 100%\">500<\/span><\/td>\n<\/tr>\n<\/tbody>\n<\/table>\n<\/div>\n","protected":false},"featured_media":2896,"comment_status":"closed","ping_status":"closed","template":"","meta":[],"product_cat":[293,284],"product_tag":[],"class_list":{"0":"post-2895","1":"product","2":"type-product","3":"status-publish","4":"has-post-thumbnail","6":"product_cat-9-5mm-3-8","7":"product_cat-plastic-trips-for-yarn-and-twisting-machines","9":"first","10":"instock","11":"shipping-taxable","12":"product-type-simple"},"aioseo_notices":[],"_links":{"self":[{"href":"https:\/\/erayman.com\/en\/wp-json\/wp\/v2\/product\/2895"}],"collection":[{"href":"https:\/\/erayman.com\/en\/wp-json\/wp\/v2\/product"}],"about":[{"href":"https:\/\/erayman.com\/en\/wp-json\/wp\/v2\/types\/product"}],"replies":[{"embeddable":true,"href":"https:\/\/erayman.com\/en\/wp-json\/wp\/v2\/comments?post=2895"}],"wp:featuredmedia":[{"embeddable":true,"href":"https:\/\/erayman.com\/en\/wp-json\/wp\/v2\/media\/2896"}],"wp:attachment":[{"href":"https:\/\/erayman.com\/en\/wp-json\/wp\/v2\/media?parent=2895"}],"wp:term":[{"taxonomy":"product_cat","embeddable":true,"href":"https:\/\/erayman.com\/en\/wp-json\/wp\/v2\/product_cat?post=2895"},{"taxonomy":"product_tag","embeddable":true,"href":"https:\/\/erayman.com\/en\/wp-json\/wp\/v2\/product_tag?post=2895"}],"curies":[{"name":"wp","href":"https:\/\/api.w.org\/{rel}","templated":true}]}}