{"id":2871,"date":"2024-09-27T15:44:01","date_gmt":"2024-09-27T12:44:01","guid":{"rendered":"https:\/\/erayman.com\/en\/product\/17-1mm-43-64-profil-g-bm\/"},"modified":"2024-09-27T15:44:01","modified_gmt":"2024-09-27T12:44:01","slug":"17-1mm-43-64-profil-g-bm","status":"publish","type":"product","link":"https:\/\/erayman.com\/en\/product\/17-1mm-43-64-profil-g-bm\/","title":{"rendered":"17.1mm \u2013 43\/64\u201d PROF\u0130L: G-BM"},"content":{"rendered":"","protected":false},"excerpt":{"rendered":"<div class=\"product-short-description\">\n<table style=\"width: 101.38%;border-color: #000000;border-style: solid;height: 492px\" border=\"0\" cellspacing=\"0\" cellpadding=\"0\">\n<tbody>\n<tr style=\"height: 39px\">\n<td style=\"border-style: solid;border-color: #000000;background-color: #f0eded;width: 25.4905%;text-align: center;height: 10px\"><span style=\"color: #000000;font-size: 100%\"><strong>TAHIL TANES\u0130<\/strong><\/span><\/td>\n<td style=\"border-style: solid;border-color: #000000;background-color: #f0eded;width: 24.9656%;height: 10px;text-align: center\" height=\"40\"><span style=\"color: #000000;font-size: 100%\"><strong>ISO NO (mg)<\/strong><\/span><\/td>\n<td style=\"border-style: solid;border-color: #000000;background-color: #f0eded;width: 24.3782%;height: 10px;text-align: center\"><span style=\"color: #000000;font-size: 100%\"><strong>RENK<\/strong><\/span><\/td>\n<td style=\"border-style: solid;border-color: #000000;background-color: #f0eded;width: 50.1608%;height: 10px;text-align: center\"><span style=\"color: #000000;font-size: 100%\"><strong>ADET \/ KUTU<\/strong><\/span><\/td>\n<\/tr>\n<tr style=\"height: 21px\">\n<td style=\"border-style: solid;border-color: #000000;width: 25.4905%;text-align: center;height: 21px\"><span style=\"color: #000000;font-size: 100%\">27<\/span><\/td>\n<td style=\"border-style: solid;border-color: #000000;width: 24.9656%;height: 21px;text-align: center\" height=\"20\"><span style=\"color: #000000;font-size: 100%\">175<\/span><\/td>\n<td style=\"border-style: solid;border-color: #000000;width: 24.3782%;height: 21px;background-color: #f70b02;text-align: center\"><span style=\"color: #fcfcfc;font-size: 100%\">KIRMIZI<\/span><\/td>\n<td style=\"border-style: solid;border-color: #000000;width: 50.1608%;height: 21px;text-align: center\"><span style=\"color: #000000;font-size: 100%\">2000<\/span><\/td>\n<\/tr>\n<tr style=\"height: 21px\">\n<td style=\"border-style: solid;border-color: #000000;width: 25.4905%;text-align: center;height: 21px\"><span style=\"color: #000000;font-size: 100%\">35<\/span><\/td>\n<td style=\"border-style: solid;border-color: #000000;width: 24.9656%;height: 21px;text-align: center\"><span style=\"color: #000000;font-size: 100%\">227<\/span><\/td>\n<td style=\"border-style: solid;border-color: #000000;width: 24.3782%;background-color: #fa5502;height: 21px;text-align: center\"><span style=\"color: #fcfcfc;font-size: 100%\">TURUNCU<\/span><\/td>\n<td style=\"border-style: solid;border-color: #000000;width: 50.1608%;text-align: center;height: 21px\"><span style=\"color: #000000;font-size: 100%\">2000<\/span><\/td>\n<\/tr>\n<tr style=\"height: 21px\">\n<td style=\"border-style: solid;border-color: #000000;width: 25.4905%;text-align: center;height: 21px\"><span style=\"color: #000000;font-size: 100%\">43<\/span><\/td>\n<td style=\"border-style: solid;border-color: #000000;width: 24.9656%;height: 21px;text-align: center\"><span style=\"color: #000000;font-size: 100%\">279<\/span><\/td>\n<td style=\"border-style: solid;border-color: #000000;width: 24.3782%;background-color: #025902;height: 21px;text-align: center\"><span style=\"color: #fcfcfc;font-size: 100%\">YE\u015e\u0130L<\/span><\/td>\n<td style=\"border-style: solid;border-color: #000000;width: 50.1608%;height: 21px;text-align: center\"><span style=\"color: #000000;font-size: 100%\">2000<\/span><\/td>\n<\/tr>\n<tr style=\"height: 21px\">\n<td style=\"border-style: solid;border-color: #000000;width: 25.4905%;text-align: center;height: 21px\"><span style=\"color: #000000;font-size: 100%\">47<\/span><\/td>\n<td style=\"border-style: solid;border-color: #000000;width: 24.9656%;height: 21px;text-align: center\"><span style=\"color: #000000;font-size: 100%\">305<\/span><\/td>\n<td style=\"border-style: solid;border-color: #000000;width: 24.3782%;background-color: #f6fa14;height: 21px;text-align: center\"><span style=\"color: #000000;font-size: 100%\">SARI<\/span><\/td>\n<td style=\"border-style: solid;border-color: #000000;width: 50.1608%;height: 21px;text-align: center\"><span style=\"color: #000000;font-size: 100%\">2000<\/span><\/td>\n<\/tr>\n<tr style=\"height: 21px\">\n<td style=\"border-style: solid;border-color: #000000;width: 25.4905%;text-align: center;height: 21px\"><span style=\"color: #000000;font-size: 100%\">51<\/span><\/td>\n<td style=\"border-style: solid;border-color: #000000;width: 24.9656%;text-align: center;height: 21px\"><span style=\"color: #000000;font-size: 100%\">330<\/span><\/td>\n<td style=\"border-style: solid;border-color: #000000;width: 24.3782%;height: 21px;background-color: #6f21c2;text-align: center\"><span style=\"color: #fcfcfc;font-size: 100%\">MENEK\u015eE<\/span><\/td>\n<td style=\"border-style: solid;border-color: #000000;width: 50.1608%;height: 21px;text-align: center\"><span style=\"color: #000000;font-size: 100%\">2000<\/span><\/td>\n<\/tr>\n<tr style=\"height: 21px\">\n<td style=\"border-style: solid;border-color: #000000;width: 25.4905%;text-align: center;height: 21px\"><span style=\"color: #000000;font-size: 100%\">62<\/span><\/td>\n<td style=\"border-style: solid;border-color: #000000;width: 24.9656%;text-align: center;height: 21px\"><span style=\"color: #000000;font-size: 100%\">402<\/span><\/td>\n<td style=\"border-style: solid;border-color: #000000;width: 24.3782%;height: 21px;background-color: #6f21c2;text-align: center\"><span style=\"color: #fcfcfc;font-size: 100%\">MENEK\u015eE<\/span><\/td>\n<td style=\"border-style: solid;border-color: #000000;width: 50.1608%;height: 21px;text-align: center\"><span style=\"color: #000000;font-size: 100%\">1500<\/span><\/td>\n<\/tr>\n<tr style=\"height: 21px\">\n<td style=\"border-style: solid;border-color: #000000;width: 25.4905%;text-align: center;height: 21px\"><span style=\"color: #000000;font-size: 100%\">67<\/span><\/td>\n<td style=\"border-style: solid;border-color: #000000;width: 24.9656%;height: 21px;text-align: center\" height=\"20\"><span style=\"color: #000000;font-size: 100%\">434<\/span><\/td>\n<td style=\"border-style: solid;border-color: #000000;width: 24.3782%;background-color: #025902;height: 21px;text-align: center\"><span style=\"color: #fcfcfc;font-size: 100%\">YE\u015e\u0130L<\/span><\/td>\n<td style=\"border-style: solid;border-color: #000000;width: 50.1608%;height: 21px;text-align: center\"><span style=\"color: #000000;font-size: 100%\">1500<\/span><\/td>\n<\/tr>\n<tr style=\"height: 21px\">\n<td style=\"border-style: solid;border-color: #000000;width: 25.4905%;text-align: center;height: 21px\"><span style=\"color: #000000;font-size: 100%\">73<\/span><\/td>\n<td style=\"border-style: solid;border-color: #000000;width: 24.9656%;height: 21px;text-align: center\"><span style=\"color: #000000;font-size: 100%\">473<\/span><\/td>\n<td style=\"border-style: solid;border-color: #000000;width: 24.3782%;height: 21px;background-color: #092366;text-align: center\"><span style=\"color: #fcfcfc;font-size: 100%\">MAV\u0130<\/span><\/td>\n<td style=\"border-style: solid;border-color: #000000;width: 50.1608%;height: 21px;text-align: center\"><span style=\"color: #000000;font-size: 100%\">1500<\/span><\/td>\n<\/tr>\n<tr style=\"height: 21px\">\n<td style=\"border-style: solid;border-color: #000000;width: 25.4905%;text-align: center;height: 21px\"><span style=\"color: #000000;font-size: 100%\">81<\/span><\/td>\n<td style=\"border-style: solid;border-color: #000000;width: 24.9656%;height: 21px;text-align: center\"><span style=\"color: #000000;font-size: 100%\">525<\/span><\/td>\n<td style=\"border-style: solid;border-color: #000000;width: 24.3782%;background-color: #f6fa14;height: 21px;text-align: center\"><span style=\"color: #000000;font-size: 100%\">SARI<\/span><\/td>\n<td style=\"border-style: solid;border-color: #000000;width: 50.1608%;height: 21px;text-align: center\"><span style=\"color: #000000;font-size: 100%\">1000<\/span><\/td>\n<\/tr>\n<tr style=\"height: 21px\">\n<td style=\"border-style: solid;border-color: #000000;width: 25.4905%;text-align: center;height: 21px\"><span style=\"color: #000000;font-size: 100%\">85<\/span><\/td>\n<td style=\"border-style: solid;border-color: #000000;width: 24.9656%;text-align: center;height: 21px\"><span style=\"color: #000000;font-size: 100%\">551<\/span><\/td>\n<td style=\"border-style: solid;border-color: #000000;width: 24.3782%;height: 21px;background-color: #f70b02;text-align: center\"><span style=\"color: #fcfcfc;font-size: 100%\">KIRMIZI<\/span><\/td>\n<td style=\"border-style: solid;border-color: #000000;width: 50.1608%;height: 21px;text-align: center\"><span style=\"color: #000000;font-size: 100%\">1000<\/span><\/td>\n<\/tr>\n<tr style=\"height: 21px\">\n<td style=\"border-style: solid;border-color: #000000;width: 25.4905%;text-align: center;height: 21px\"><span style=\"color: #000000;font-size: 100%\">90<\/span><\/td>\n<td style=\"border-style: solid;border-color: #000000;width: 24.9656%;height: 21px;text-align: center\" height=\"20\"><span style=\"color: #000000;font-size: 100%\">583<\/span><\/td>\n<td style=\"border-style: solid;border-color: #000000;width: 24.3782%;height: 21px;background-color: #e843e3;text-align: center\"><span style=\"color: #fcfcfc;font-size: 100%\">PEMBE<\/span><\/td>\n<td style=\"border-style: solid;border-color: #000000;width: 50.1608%;height: 21px;text-align: center\"><span style=\"color: #000000;font-size: 100%\">1000<\/span><\/td>\n<\/tr>\n<tr style=\"height: 21px\">\n<td style=\"border-style: solid;border-color: #000000;width: 25.4905%;text-align: center;height: 21px\"><span style=\"color: #000000;font-size: 100%\">95<\/span><\/td>\n<td style=\"border-style: solid;border-color: #000000;width: 24.9656%;height: 21px;text-align: center\" height=\"20\"><span style=\"color: #000000;font-size: 100%\">616<\/span><\/td>\n<td style=\"border-style: solid;border-color: #000000;width: 24.3782%;height: 21px;background-color: #17b04c;text-align: center\"><span style=\"color: #fcfcfc;font-size: 100%\">A\u00c7IK YE\u015e\u0130L<\/span><\/td>\n<td style=\"border-style: solid;border-color: #000000;width: 50.1608%;height: 21px;text-align: center\"><span style=\"color: #000000;font-size: 100%\">1000<\/span><\/td>\n<\/tr>\n<tr style=\"height: 21px\">\n<td style=\"border-style: solid;border-color: #000000;width: 25.4905%;text-align: center;height: 20px\"><span style=\"color: #000000;font-size: 100%\">108<\/span><\/td>\n<td style=\"border-style: solid;border-color: #000000;width: 24.9656%;height: 20px;text-align: center\" height=\"20\"><span style=\"color: #000000;font-size: 100%\">700<\/span><\/td>\n<td style=\"border-style: solid;border-color: #000000;width: 24.3782%;height: 20px;background-color: #f70b02;text-align: center\"><span style=\"color: #fcfcfc;font-size: 100%\">KIRMIZI<\/span><\/td>\n<td style=\"border-style: solid;border-color: #000000;width: 50.1608%;height: 20px;text-align: center\"><span style=\"color: #000000;font-size: 100%\">1000<\/span><\/td>\n<\/tr>\n<tr style=\"height: 21px\">\n<td style=\"border-style: solid;border-color: #000000;width: 25.4905%;text-align: center;height: 21px\"><span style=\"color: #000000;font-size: 100%\">118<\/span><\/td>\n<td style=\"border-style: solid;border-color: #000000;width: 24.9656%;height: 21px;text-align: center\"><span style=\"color: #000000\">765<\/span><\/td>\n<td style=\"border-style: solid;border-color: #000000;width: 24.3782%;background-color: #025902;height: 21px;text-align: center\"><span style=\"color: #fcfcfc;font-size: 100%\">YE\u015e\u0130L<\/span><\/td>\n<td style=\"border-style: solid;border-color: #000000;width: 50.1608%;height: 21px;text-align: center\"><span style=\"color: #000000;font-size: 100%\">750<\/span><\/td>\n<\/tr>\n<tr style=\"height: 21px\">\n<td style=\"border-style: solid;border-color: #000000;width: 25.4905%;text-align: center;height: 21px\"><span style=\"color: #000000;font-size: 100%\">120<\/span><\/td>\n<td style=\"border-style: solid;border-color: #000000;width: 24.9656%;text-align: center;height: 21px\"><span style=\"color: #000000;font-size: 100%\">778<\/span><\/td>\n<td style=\"border-style: solid;border-color: #000000;width: 24.3782%;background-color: #000000;height: 21px;text-align: center\"><span style=\"color: #fcfcfc;font-size: 100%\">S\u0130YAH<\/span><\/td>\n<td style=\"border-style: solid;border-color: #000000;width: 50.1608%;text-align: center;height: 21px\"><span style=\"color: #000000;font-size: 100%\">750<\/span><\/td>\n<\/tr>\n<tr style=\"height: 21px\">\n<td style=\"border-style: solid;border-color: #000000;width: 25.4905%;text-align: center;height: 21px\"><span style=\"color: #000000;font-size: 100%\">132<\/span><\/td>\n<td style=\"border-style: solid;border-color: #000000;width: 24.9656%;height: 21px;text-align: center\" height=\"20\"><span style=\"color: #000000\">855<\/span><\/td>\n<td style=\"border-style: solid;border-color: #000000;width: 24.3782%;background-color: #f6fa14;height: 21px;text-align: center\"><span style=\"color: #000000;font-size: 100%\">SARI<\/span><\/td>\n<td style=\"border-style: solid;border-color: #000000;width: 50.1608%;height: 21px;text-align: center\"><span style=\"color: #000000;font-size: 100%\">750<\/span><\/td>\n<\/tr>\n<tr style=\"height: 21px\">\n<td style=\"border-style: solid;border-color: #000000;width: 25.4905%;text-align: center;height: 21px\"><span style=\"color: #000000;font-size: 100%\">144<\/span><\/td>\n<td style=\"border-style: solid;border-color: #000000;width: 24.9656%;height: 21px;text-align: center\" height=\"20\"><span style=\"color: #000000;font-size: 100%\">933<\/span><\/td>\n<td style=\"border-style: solid;border-color: #000000;width: 24.3782%;height: 21px;background-color: #f70b02;text-align: center\"><span style=\"color: #fcfcfc;font-size: 100%\">KIRMIZI<\/span><\/td>\n<td style=\"border-style: solid;border-color: #000000;width: 50.1608%;height: 21px;text-align: center\"><span style=\"color: #000000;font-size: 100%\">750<\/span><\/td>\n<\/tr>\n<tr style=\"height: 21px\">\n<td style=\"border-style: solid;border-color: #000000;width: 25.4905%;text-align: center;height: 21px\"><span style=\"color: #000000;font-size: 100%\">155<\/span><\/td>\n<td style=\"border-style: solid;border-color: #000000;width: 24.9656%;text-align: center;height: 21px\"><span style=\"color: #000000;font-size: 100%\">1004<\/span><\/td>\n<td style=\"border-style: solid;border-color: #000000;width: 24.3782%;height: 21px;background-color: #6f21c2;text-align: center\"><span style=\"color: #fcfcfc;font-size: 100%\">MENEK\u015eE<\/span><\/td>\n<td style=\"border-style: solid;border-color: #000000;width: 50.1608%;height: 21px;text-align: center\"><span style=\"color: #000000;font-size: 100%\">750<\/span><\/td>\n<\/tr>\n<tr style=\"height: 21px\">\n<td style=\"border-style: solid;border-color: #000000;width: 25.4905%;text-align: center;height: 21px\"><span style=\"color: #000000;font-size: 100%\">165<\/span><\/td>\n<td style=\"border-style: solid;border-color: #000000;width: 24.9656%;text-align: center;height: 21px\"><span style=\"color: #000000;font-size: 100%\">1069<\/span><\/td>\n<td style=\"border-style: solid;border-color: #000000;width: 24.3782%;background-color: #39edd2;height: 21px;text-align: center\"><span style=\"color: #fcfcfc;font-size: 100%\">TURKUAZ<\/span><\/td>\n<td style=\"border-style: solid;border-color: #000000;width: 50.1608%;text-align: center;height: 21px\"><span style=\"color: #000000;font-size: 100%\">750<\/span><\/td>\n<\/tr>\n<tr style=\"height: 21px\">\n<td style=\"border-style: solid;border-color: #000000;width: 25.4905%;text-align: center;height: 21px\"><span style=\"color: #000000;font-size: 100%\">178<\/span><\/td>\n<td style=\"border-style: solid;border-color: #000000;width: 24.9656%;text-align: center;height: 21px\"><span style=\"color: #000000;font-size: 100%\">1153<\/span><\/td>\n<td style=\"border-style: solid;border-color: #000000;width: 24.3782%;background-color: #fa5502;height: 21px;text-align: center\"><span style=\"color: #fcfcfc;font-size: 100%\">TURUNCU<\/span><\/td>\n<td style=\"border-style: solid;border-color: #000000;width: 50.1608%;text-align: center;height: 21px\"><span style=\"color: #000000;font-size: 100%\">500<\/span><\/td>\n<\/tr>\n<tr style=\"height: 21px\">\n<td style=\"border-style: solid;border-color: #000000;width: 25.4905%;text-align: center;height: 21px\"><span style=\"color: #000000;font-size: 100%\">191<\/span><\/td>\n<td style=\"border-style: solid;border-color: #000000;width: 24.9656%;text-align: center;height: 21px\"><span style=\"color: #000000;font-size: 100%\">1238<\/span><\/td>\n<td style=\"border-style: solid;border-color: #000000;width: 24.3782%;height: 21px;background-color: #092366;text-align: center\"><span style=\"color: #fcfcfc;font-size: 100%\">MAV\u0130<\/span><\/td>\n<td style=\"border-style: solid;border-color: #000000;width: 50.1608%;height: 21px;text-align: center\"><span style=\"color: #000000;font-size: 100%\">500<\/span><\/td>\n<\/tr>\n<tr style=\"height: 21px\">\n<td style=\"border-style: solid;border-color: #000000;width: 25.4905%;text-align: center;height: 21px\"><span style=\"color: #000000;font-size: 100%\">208<\/span><\/td>\n<td style=\"border-style: solid;border-color: #000000;width: 24.9656%;text-align: center;height: 21px\"><span style=\"color: #000000;font-size: 100%\">1348<\/span><\/td>\n<td style=\"border-style: solid;border-color: #000000;width: 24.3782%;background-color: #f70b02;text-align: center;height: 21px\"><span style=\"color: #fcfcfc;font-size: 100%\">KIRMIZI<\/span><\/td>\n<td style=\"border-style: solid;border-color: #000000;width: 50.1608%;text-align: center;height: 21px\"><span style=\"color: #000000;font-size: 100%\">500<\/span><\/td>\n<\/tr>\n<tr style=\"height: 21px\">\n<td style=\"border-style: solid;border-color: #000000;width: 25.4905%;text-align: center;height: 21px\"><span style=\"color: #000000;font-size: 100%\">249<\/span><\/td>\n<td style=\"border-style: solid;border-color: #000000;width: 24.9656%;text-align: center;height: 21px\"><span style=\"color: #000000;font-size: 100%\">1614<\/span><\/td>\n<td style=\"border-style: solid;border-color: #000000;width: 24.3782%;height: 21px;background-color: #17b04c;text-align: center\"><span style=\"color: #fcfcfc;font-size: 100%\">A\u00c7IK YE\u015e\u0130L<\/span><\/td>\n<td style=\"border-style: solid;border-color: #000000;width: 50.1608%;height: 21px;text-align: center\"><span style=\"color: #000000;font-size: 100%\">400<\/span><\/td>\n<\/tr>\n<\/tbody>\n<\/table>\n<\/div>\n","protected":false},"featured_media":2872,"comment_status":"closed","ping_status":"closed","template":"","meta":[],"product_cat":[289,284],"product_tag":[],"class_list":{"0":"post-2871","1":"product","2":"type-product","3":"status-publish","4":"has-post-thumbnail","6":"product_cat-17-1mm-4364","7":"product_cat-plastic-trips-for-yarn-and-twisting-machines","9":"first","10":"instock","11":"shipping-taxable","12":"product-type-simple"},"aioseo_notices":[],"_links":{"self":[{"href":"https:\/\/erayman.com\/en\/wp-json\/wp\/v2\/product\/2871"}],"collection":[{"href":"https:\/\/erayman.com\/en\/wp-json\/wp\/v2\/product"}],"about":[{"href":"https:\/\/erayman.com\/en\/wp-json\/wp\/v2\/types\/product"}],"replies":[{"embeddable":true,"href":"https:\/\/erayman.com\/en\/wp-json\/wp\/v2\/comments?post=2871"}],"wp:featuredmedia":[{"embeddable":true,"href":"https:\/\/erayman.com\/en\/wp-json\/wp\/v2\/media\/2872"}],"wp:attachment":[{"href":"https:\/\/erayman.com\/en\/wp-json\/wp\/v2\/media?parent=2871"}],"wp:term":[{"taxonomy":"product_cat","embeddable":true,"href":"https:\/\/erayman.com\/en\/wp-json\/wp\/v2\/product_cat?post=2871"},{"taxonomy":"product_tag","embeddable":true,"href":"https:\/\/erayman.com\/en\/wp-json\/wp\/v2\/product_tag?post=2871"}],"curies":[{"name":"wp","href":"https:\/\/api.w.org\/{rel}","templated":true}]}}