{"id":2851,"date":"2024-09-27T16:05:44","date_gmt":"2024-09-27T13:05:44","guid":{"rendered":"https:\/\/erayman.com\/en\/product\/25-4mm-1-profil-km\/"},"modified":"2024-09-27T16:05:44","modified_gmt":"2024-09-27T13:05:44","slug":"25-4mm-1-profil-km","status":"publish","type":"product","link":"https:\/\/erayman.com\/en\/product\/25-4mm-1-profil-km\/","title":{"rendered":"25.4mm \u2013 1\u201d PROF\u0130L: KM"},"content":{"rendered":"","protected":false},"excerpt":{"rendered":"<div class=\"product-short-description\">\n<table style=\"width: 101.359%;border-color: #000000;border-style: solid;height: 155px\" border=\"0\" cellspacing=\"0\" cellpadding=\"0\">\n<tbody>\n<tr style=\"height: 39px\">\n<td style=\"border-style: solid;border-color: #000000;background-color: #f0eded;width: 33.4928%;height: 10px;text-align: center\" height=\"40\"><span style=\"color: #000000;font-size: 100%\"><strong>ISO NO (mg)<\/strong><\/span><\/td>\n<td style=\"border-style: solid;border-color: #000000;background-color: #f0eded;width: 36.6029%;height: 10px;text-align: center\"><span style=\"color: #000000;font-size: 100%\"><strong>RENK<\/strong><\/span><\/td>\n<td style=\"border-style: solid;border-color: #000000;background-color: #f0eded;width: 54.9569%;height: 10px;text-align: center\"><span style=\"color: #000000;font-size: 100%\"><strong>ADET \/ KUTU<\/strong><\/span><\/td>\n<\/tr>\n<tr style=\"height: 10px\">\n<td style=\"border-style: solid;border-color: #000000;width: 33.4928%;height: 10px;text-align: center\" height=\"20\"><span style=\"color: #000000;font-size: 100%\">1250<\/span><\/td>\n<td style=\"border-style: solid;border-color: #000000;width: 36.6029%;height: 10px;background-color: #f70b02;text-align: center\"><span style=\"color: #fcfcfc;font-size: 100%\">KIRMIZI<\/span><\/td>\n<td style=\"border-style: solid;border-color: #000000;width: 54.9569%;height: 10px;text-align: center\"><span style=\"color: #000000;font-size: 100%\">500<\/span><\/td>\n<\/tr>\n<tr style=\"height: 10px\">\n<td style=\"border-style: solid;border-color: #000000;width: 33.4928%;height: 10px;text-align: center\" height=\"20\"><span style=\"color: #000000;font-size: 100%\">1400<\/span><\/td>\n<td style=\"border-style: solid;border-color: #000000;width: 36.6029%;height: 10px;background-color: #39edd2;text-align: center\"><span style=\"color: #fcfcfc;font-size: 100%\">TURKUAZ<\/span><\/td>\n<td style=\"border-style: solid;border-color: #000000;width: 54.9569%;height: 10px;text-align: center\"><span style=\"color: #000000;font-size: 100%\">500<\/span><\/td>\n<\/tr>\n<tr style=\"height: 10px\">\n<td style=\"border-style: solid;border-color: #000000;width: 33.4928%;height: 10px;text-align: center\" height=\"20\"><span style=\"color: #000000;font-size: 100%\">2500<\/span><\/td>\n<td style=\"border-style: solid;border-color: #000000;width: 36.6029%;height: 10px;background-color: #092366;text-align: center\"><span style=\"color: #fcfcfc;font-size: 100%\">MAV\u0130<\/span><\/td>\n<td style=\"border-style: solid;border-color: #000000;width: 54.9569%;height: 10px;text-align: center\"><span style=\"color: #000000;font-size: 100%\">250<\/span><\/td>\n<\/tr>\n<tr style=\"height: 21px\">\n<td style=\"border-style: solid;border-color: #000000;width: 33.4928%;height: 21px;text-align: center\"><span style=\"color: #000000;font-size: 100%\">3000<\/span><\/td>\n<td style=\"border-style: solid;border-color: #000000;width: 36.6029%;background-color: #f6fa14;height: 21px;text-align: center\"><span style=\"color: #000000;font-size: 100%\">SARI<\/span><\/td>\n<td style=\"border-style: solid;border-color: #000000;width: 54.9569%;height: 21px;text-align: center\"><span style=\"color: #000000;font-size: 100%\">200<\/span><\/td>\n<\/tr>\n<tr style=\"height: 21px\">\n<td style=\"border-style: solid;border-color: #000000;width: 33.4928%;text-align: center;height: 21px\"><span style=\"color: #000000;font-size: 100%\">3450<\/span><\/td>\n<td style=\"border-style: solid;border-color: #000000;width: 36.6029%;height: 21px;background-color: #4a3218;text-align: center\"><span style=\"color: #fcfcfc;font-size: 100%\">KAHVERENG\u0130<\/span><\/td>\n<td style=\"border-style: solid;border-color: #000000;width: 54.9569%;height: 21px;text-align: center\"><span style=\"color: #000000;font-size: 100%\">200<\/span><\/td>\n<\/tr>\n<tr style=\"height: 10px\">\n<td style=\"border-style: solid;border-color: #000000;width: 33.4928%;height: 10px;text-align: center\" height=\"20\"><span style=\"color: #000000;font-size: 100%\">4000<\/span><\/td>\n<td style=\"border-style: solid;border-color: #000000;width: 36.6029%;height: 10px;background-color: #092366;text-align: center\"><span style=\"color: #fcfcfc;font-size: 100%\">MAV\u0130<\/span><\/td>\n<td style=\"border-style: solid;border-color: #000000;width: 54.9569%;height: 10px;text-align: center\"><span style=\"color: #000000;font-size: 100%\">200<\/span><\/td>\n<\/tr>\n<tr style=\"height: 21px\">\n<td style=\"border-style: solid;border-color: #000000;width: 33.4928%;text-align: center;height: 21px\"><span style=\"color: #000000;font-size: 100%\">4200<\/span><\/td>\n<td style=\"border-style: solid;border-color: #000000;width: 36.6029%;background-color: #17b04c;text-align: center;height: 21px\"><span style=\"color: #fcfcfc;font-size: 100%\"><span style=\"color: #fcfcfc\">A\u00c7IK YE\u015e\u0130L<\/span><\/span><\/td>\n<td style=\"border-style: solid;border-color: #000000;width: 54.9569%;text-align: center;height: 21px\"><span style=\"color: #000000;font-size: 100%\">150<\/span><\/td>\n<\/tr>\n<tr style=\"height: 21px\">\n<td style=\"border-style: solid;border-color: #000000;width: 33.4928%;text-align: center;height: 21px\"><span style=\"color: #000000;font-size: 100%\">4500<\/span><\/td>\n<td style=\"border-style: solid;border-color: #000000;width: 36.6029%;background-color: #e843e3;text-align: center;height: 21px\"><span style=\"color: #fcfcfc;font-size: 100%\"><span style=\"color: #fcfcfc\">PEMBE<\/span><br \/>\n<\/span><\/td>\n<td style=\"border-style: solid;border-color: #000000;width: 54.9569%;text-align: center;height: 21px\"><span style=\"color: #000000;font-size: 100%\">150<\/span><\/td>\n<\/tr>\n<tr style=\"height: 21px\">\n<td style=\"border-style: solid;border-color: #000000;width: 33.4928%;text-align: center;height: 21px\"><span style=\"color: #000000;font-size: 100%\">4900<\/span><\/td>\n<td style=\"border-style: solid;border-color: #000000;width: 36.6029%;background-color: #e843e3;text-align: center;height: 21px\"><span style=\"color: #fcfcfc;font-size: 100%\"><span style=\"color: #fcfcfc\">PEMBE<\/span><br \/>\n<\/span><\/td>\n<td style=\"border-style: solid;border-color: #000000;width: 54.9569%;text-align: center;height: 21px\"><span style=\"color: #000000;font-size: 100%\">150<\/span><\/td>\n<\/tr>\n<\/tbody>\n<\/table>\n<\/div>\n","protected":false},"featured_media":2852,"comment_status":"closed","ping_status":"closed","template":"","meta":[],"product_cat":[286,284],"product_tag":[],"class_list":{"0":"post-2851","1":"product","2":"type-product","3":"status-publish","4":"has-post-thumbnail","6":"product_cat-25-4mm-1","7":"product_cat-plastic-trips-for-yarn-and-twisting-machines","9":"first","10":"instock","11":"shipping-taxable","12":"product-type-simple"},"aioseo_notices":[],"_links":{"self":[{"href":"https:\/\/erayman.com\/en\/wp-json\/wp\/v2\/product\/2851"}],"collection":[{"href":"https:\/\/erayman.com\/en\/wp-json\/wp\/v2\/product"}],"about":[{"href":"https:\/\/erayman.com\/en\/wp-json\/wp\/v2\/types\/product"}],"replies":[{"embeddable":true,"href":"https:\/\/erayman.com\/en\/wp-json\/wp\/v2\/comments?post=2851"}],"wp:featuredmedia":[{"embeddable":true,"href":"https:\/\/erayman.com\/en\/wp-json\/wp\/v2\/media\/2852"}],"wp:attachment":[{"href":"https:\/\/erayman.com\/en\/wp-json\/wp\/v2\/media?parent=2851"}],"wp:term":[{"taxonomy":"product_cat","embeddable":true,"href":"https:\/\/erayman.com\/en\/wp-json\/wp\/v2\/product_cat?post=2851"},{"taxonomy":"product_tag","embeddable":true,"href":"https:\/\/erayman.com\/en\/wp-json\/wp\/v2\/product_tag?post=2851"}],"curies":[{"name":"wp","href":"https:\/\/api.w.org\/{rel}","templated":true}]}}