{"id":2849,"date":"2024-09-27T16:06:35","date_gmt":"2024-09-27T13:06:35","guid":{"rendered":"https:\/\/erayman.com\/en\/product\/25-4mm-1-profil-j-c\/"},"modified":"2024-09-27T16:06:35","modified_gmt":"2024-09-27T13:06:35","slug":"25-4mm-1-profil-j-c","status":"publish","type":"product","link":"https:\/\/erayman.com\/en\/product\/25-4mm-1-profil-j-c\/","title":{"rendered":"25.4mm \u2013 1\u201d PROF\u0130L: J-C"},"content":{"rendered":"","protected":false},"excerpt":{"rendered":"<div class=\"product-short-description\">\n<table style=\"width: 101.38%;border-color: #000000;border-style: solid;height: 491px\" border=\"0\" cellspacing=\"0\" cellpadding=\"0\">\n<tbody>\n<tr style=\"height: 39px\">\n<td style=\"border-style: solid;border-color: #000000;background-color: #f0eded;width: 25.4905%;text-align: center;height: 10px\"><span style=\"color: #000000;font-size: 100%\"><strong>TAHIL TANES\u0130<\/strong><\/span><\/td>\n<td style=\"border-style: solid;border-color: #000000;background-color: #f0eded;width: 24.9656%;height: 10px;text-align: center\" height=\"40\"><span style=\"color: #000000;font-size: 100%\"><strong>ISO NO (mg)<\/strong><\/span><\/td>\n<td style=\"border-style: solid;border-color: #000000;background-color: #f0eded;width: 24.3782%;height: 10px;text-align: center\"><span style=\"color: #000000;font-size: 100%\"><strong>RENK<\/strong><\/span><\/td>\n<td style=\"border-style: solid;border-color: #000000;background-color: #f0eded;width: 50.1608%;height: 10px;text-align: center\"><span style=\"color: #000000;font-size: 100%\"><strong>ADET \/ KUTU<\/strong><\/span><\/td>\n<\/tr>\n<tr style=\"height: 21px\">\n<td style=\"border-style: solid;border-color: #000000;width: 25.4905%;text-align: center;height: 21px\"><span style=\"color: #000000;font-size: 100%\">66<\/span><\/td>\n<td style=\"border-style: solid;border-color: #000000;width: 24.9656%;height: 21px;text-align: center\" height=\"20\"><span style=\"color: #000000;font-size: 100%\">428<\/span><\/td>\n<td style=\"border-style: solid;border-color: #000000;width: 24.3782%;background-color: #f6fa14;height: 21px;text-align: center\"><span style=\"color: #000000;font-size: 100%\">SARI<\/span><\/td>\n<td style=\"border-style: solid;border-color: #000000;width: 50.1608%;height: 21px;text-align: center\"><span style=\"color: #000000;font-size: 100%\">1500<\/span><\/td>\n<\/tr>\n<tr style=\"height: 21px\">\n<td style=\"border-style: solid;border-color: #000000;width: 25.4905%;text-align: center;height: 21px\"><span style=\"color: #000000;font-size: 100%\">67<\/span><\/td>\n<td style=\"border-style: solid;border-color: #000000;width: 24.9656%;height: 21px;text-align: center\"><span style=\"color: #000000;font-size: 100%\">434<\/span><\/td>\n<td style=\"border-style: solid;border-color: #000000;width: 24.3782%;height: 21px;background-color: #17b04c;text-align: center\"><span style=\"color: #fcfcfc;font-size: 100%\">A\u00c7IK YE\u015e\u0130L<\/span><\/td>\n<td style=\"border-style: solid;border-color: #000000;width: 50.1608%;height: 21px;text-align: center\"><span style=\"color: #000000;font-size: 100%\">1500<\/span><\/td>\n<\/tr>\n<tr style=\"height: 21px\">\n<td style=\"border-style: solid;border-color: #000000;width: 25.4905%;text-align: center;height: 21px\"><span style=\"color: #000000;font-size: 100%\">73<\/span><\/td>\n<td style=\"border-style: solid;border-color: #000000;width: 24.9656%;height: 21px;text-align: center\"><span style=\"color: #000000;font-size: 100%\">473<\/span><\/td>\n<td style=\"border-style: solid;border-color: #000000;width: 24.3782%;background-color: #000000;height: 21px;text-align: center\"><span style=\"color: #fcfcfc;font-size: 100%\">S\u0130YAH<\/span><\/td>\n<td style=\"border-style: solid;border-color: #000000;width: 50.1608%;text-align: center;height: 21px\"><span style=\"color: #000000;font-size: 100%\">1000<\/span><\/td>\n<\/tr>\n<tr style=\"height: 21px\">\n<td style=\"border-style: solid;border-color: #000000;width: 25.4905%;text-align: center;height: 21px\"><span style=\"color: #000000;font-size: 100%\">75<\/span><\/td>\n<td style=\"border-style: solid;border-color: #000000;width: 24.9656%;height: 21px;text-align: center\"><span style=\"color: #000000;font-size: 100%\">486<\/span><\/td>\n<td style=\"border-style: solid;border-color: #000000;width: 24.3782%;height: 21px;background-color: #f70b02;text-align: center\"><span style=\"color: #fcfcfc;font-size: 100%\">KIRMIZI<\/span><\/td>\n<td style=\"border-style: solid;border-color: #000000;width: 50.1608%;height: 21px;text-align: center\"><span style=\"color: #000000;font-size: 100%\">1000<\/span><\/td>\n<\/tr>\n<tr style=\"height: 21px\">\n<td style=\"border-style: solid;border-color: #000000;width: 25.4905%;text-align: center;height: 21px\"><span style=\"color: #000000;font-size: 100%\">78<\/span><\/td>\n<td style=\"border-style: solid;border-color: #000000;width: 24.9656%;text-align: center;height: 21px\"><span style=\"color: #000000;font-size: 100%\">505<\/span><\/td>\n<td style=\"border-style: solid;border-color: #000000;width: 24.3782%;height: 21px;background-color: #092366;text-align: center\"><span style=\"color: #fcfcfc;font-size: 100%\">MAV\u0130<\/span><\/td>\n<td style=\"border-style: solid;border-color: #000000;width: 50.1608%;height: 21px;text-align: center\"><span style=\"color: #000000;font-size: 100%\">1000<\/span><\/td>\n<\/tr>\n<tr style=\"height: 21px\">\n<td style=\"border-style: solid;border-color: #000000;width: 25.4905%;text-align: center;height: 21px\"><span style=\"color: #000000;font-size: 100%\">90<\/span><\/td>\n<td style=\"border-style: solid;border-color: #000000;width: 24.9656%;text-align: center;height: 21px\"><span style=\"color: #000000;font-size: 100%\">583<\/span><\/td>\n<td style=\"border-style: solid;border-color: #000000;width: 24.3782%;height: 21px;background-color: #6f21c2;text-align: center\"><span style=\"color: #fcfcfc;font-size: 100%\">MENEK\u015eE<\/span><\/td>\n<td style=\"border-style: solid;border-color: #000000;width: 50.1608%;height: 21px;text-align: center\"><span style=\"color: #000000;font-size: 100%\">1000<\/span><\/td>\n<\/tr>\n<tr style=\"height: 21px\">\n<td style=\"border-style: solid;border-color: #000000;width: 25.4905%;text-align: center;height: 21px\"><span style=\"color: #000000;font-size: 100%\">102<\/span><\/td>\n<td style=\"border-style: solid;border-color: #000000;width: 24.9656%;height: 21px;text-align: center\" height=\"20\"><span style=\"color: #000000;font-size: 100%\">661<\/span><\/td>\n<td style=\"border-style: solid;border-color: #000000;width: 24.3782%;background-color: #f6fa14;height: 21px;text-align: center\"><span style=\"color: #000000;font-size: 100%\">SARI<\/span><\/td>\n<td style=\"border-style: solid;border-color: #000000;width: 50.1608%;height: 21px;text-align: center\"><span style=\"color: #000000;font-size: 100%\">750<\/span><\/td>\n<\/tr>\n<tr style=\"height: 21px\">\n<td style=\"border-style: solid;border-color: #000000;width: 25.4905%;text-align: center;height: 20px\"><span style=\"color: #000000;font-size: 100%\">119<\/span><\/td>\n<td style=\"border-style: solid;border-color: #000000;width: 24.9656%;height: 20px;text-align: center\"><span style=\"color: #000000;font-size: 100%\">771<\/span><\/td>\n<td style=\"border-style: solid;border-color: #000000;width: 24.3782%;background-color: #fa5502;height: 20px;text-align: center\"><span style=\"color: #fcfcfc;font-size: 100%\">TURUNCU<\/span><\/td>\n<td style=\"border-style: solid;border-color: #000000;width: 50.1608%;text-align: center;height: 20px\"><span style=\"color: #000000;font-size: 100%\">750<\/span><\/td>\n<\/tr>\n<tr style=\"height: 21px\">\n<td style=\"border-style: solid;border-color: #000000;width: 25.4905%;text-align: center;height: 21px\"><span style=\"color: #000000;font-size: 100%\">126<\/span><\/td>\n<td style=\"border-style: solid;border-color: #000000;width: 24.9656%;height: 21px;text-align: center\"><span style=\"color: #000000;font-size: 100%\">816<\/span><\/td>\n<td style=\"border-style: solid;border-color: #000000;width: 24.3782%;background-color: #660137;height: 21px;text-align: center\"><span style=\"color: #fcfcfc;font-size: 100%\">LEYLAK<\/span><\/td>\n<td style=\"border-style: solid;border-color: #000000;width: 50.1608%;height: 21px;text-align: center\"><span style=\"color: #000000;font-size: 100%\">750<\/span><\/td>\n<\/tr>\n<tr style=\"height: 21px\">\n<td style=\"border-style: solid;border-color: #000000;width: 25.4905%;text-align: center;height: 21px\"><span style=\"color: #000000;font-size: 100%\">149<\/span><\/td>\n<td style=\"border-style: solid;border-color: #000000;width: 24.9656%;text-align: center;height: 21px\"><span style=\"color: #000000;font-size: 100%\">966<\/span><\/td>\n<td style=\"border-style: solid;border-color: #000000;width: 24.3782%;height: 21px;background-color: #e843e3;text-align: center\"><span style=\"color: #fcfcfc;font-size: 100%\">PEMBE<\/span><\/td>\n<td style=\"border-style: solid;border-color: #000000;width: 50.1608%;height: 21px;text-align: center\"><span style=\"color: #000000;font-size: 100%\">500<\/span><\/td>\n<\/tr>\n<tr style=\"height: 21px\">\n<td style=\"border-style: solid;border-color: #000000;width: 25.4905%;text-align: center;height: 21px\"><span style=\"color: #000000;font-size: 100%\">154<\/span><\/td>\n<td style=\"border-style: solid;border-color: #000000;width: 24.9656%;height: 21px;text-align: center\" height=\"20\"><span style=\"color: #000000;font-size: 100%\">998<\/span><\/td>\n<td style=\"border-style: solid;border-color: #000000;width: 24.3782%;height: 21px;background-color: #092366;text-align: center\"><span style=\"color: #fcfcfc;font-size: 100%\">MAV\u0130<\/span><\/td>\n<td style=\"border-style: solid;border-color: #000000;width: 50.1608%;height: 21px;text-align: center\"><span style=\"color: #000000;font-size: 100%\">500<\/span><\/td>\n<\/tr>\n<tr style=\"height: 21px\">\n<td style=\"border-style: solid;border-color: #000000;width: 25.4905%;text-align: center;height: 21px\"><span style=\"color: #000000;font-size: 100%\">168<\/span><\/td>\n<td style=\"border-style: solid;border-color: #000000;width: 24.9656%;height: 21px;text-align: center\" height=\"20\"><span style=\"color: #000000;font-size: 100%\">1089<\/span><\/td>\n<td style=\"border-style: solid;border-color: #000000;width: 24.3782%;height: 20px;background-color: #f70b02;text-align: center\"><span style=\"color: #fcfcfc;font-size: 100%\">KIRMIZI<\/span><\/td>\n<td style=\"border-style: solid;border-color: #000000;width: 50.1608%;height: 20px;text-align: center\"><span style=\"color: #000000;font-size: 100%\">500<\/span><\/td>\n<\/tr>\n<tr style=\"height: 21px\">\n<td style=\"border-style: solid;border-color: #000000;width: 25.4905%;text-align: center;height: 20px\"><span style=\"color: #000000;font-size: 100%\">183<\/span><\/td>\n<td style=\"border-style: solid;border-color: #000000;width: 24.9656%;height: 20px;text-align: center\" height=\"20\"><span style=\"color: #000000;font-size: 100%\">1186<\/span><\/td>\n<td style=\"border-style: solid;border-color: #000000;width: 24.3782%;background-color: #025902;height: 21px;text-align: center\"><span style=\"color: #fcfcfc;font-size: 100%\">YE\u015e\u0130L<\/span><\/td>\n<td style=\"border-style: solid;border-color: #000000;width: 50.1608%;height: 21px;text-align: center\"><span style=\"color: #000000;font-size: 100%\">500<\/span><\/td>\n<\/tr>\n<tr style=\"height: 21px\">\n<td style=\"border-style: solid;border-color: #000000;width: 25.4905%;text-align: center;height: 21px\"><span style=\"color: #000000;font-size: 100%\">196<\/span><\/td>\n<td style=\"border-style: solid;border-color: #000000;width: 24.9656%;height: 21px;text-align: center\"><span style=\"color: #000000\">1270<\/span><\/td>\n<td style=\"border-style: solid;border-color: #000000;width: 24.3782%;background-color: #f6fa14;height: 21px;text-align: center\"><span style=\"color: #000000;font-size: 100%\">SARI<\/span><\/td>\n<td style=\"border-style: solid;border-color: #000000;width: 50.1608%;height: 21px;text-align: center\"><span style=\"color: #000000;font-size: 100%\">500<\/span><\/td>\n<\/tr>\n<tr style=\"height: 21px\">\n<td style=\"border-style: solid;border-color: #000000;width: 25.4905%;text-align: center;height: 21px\"><span style=\"color: #000000;font-size: 100%\">212<\/span><\/td>\n<td style=\"border-style: solid;border-color: #000000;width: 24.9656%;text-align: center;height: 21px\"><span style=\"color: #000000;font-size: 100%\">1374<\/span><\/td>\n<td style=\"border-style: solid;border-color: #000000;width: 24.3782%;background-color: #000000;height: 21px;text-align: center\"><span style=\"color: #fcfcfc;font-size: 100%\">S\u0130YAH<\/span><\/td>\n<td style=\"border-style: solid;border-color: #000000;width: 50.1608%;text-align: center;height: 21px\"><span style=\"color: #000000;font-size: 100%\">500<\/span><\/td>\n<\/tr>\n<tr style=\"height: 21px\">\n<td style=\"border-style: solid;border-color: #000000;width: 25.4905%;text-align: center;height: 21px\"><span style=\"color: #000000;font-size: 100%\">291<\/span><\/td>\n<td style=\"border-style: solid;border-color: #000000;width: 24.9656%;height: 21px;text-align: center\" height=\"20\"><span style=\"color: #000000\">1886<\/span><\/td>\n<td style=\"border-style: solid;border-color: #000000;width: 24.3782%;background-color: #fa5502;height: 21px;text-align: center\"><span style=\"color: #fcfcfc;font-size: 100%\">TURUNCU<\/span><\/td>\n<td style=\"border-style: solid;border-color: #000000;width: 50.1608%;text-align: center;height: 21px\"><span style=\"color: #000000;font-size: 100%\">400<\/span><\/td>\n<\/tr>\n<tr style=\"height: 21px\">\n<td style=\"border-style: solid;border-color: #000000;width: 25.4905%;text-align: center;height: 21px\"><span style=\"color: #000000;font-size: 100%\">306<\/span><\/td>\n<td style=\"border-style: solid;border-color: #000000;width: 24.9656%;height: 21px;text-align: center\" height=\"20\"><span style=\"color: #000000;font-size: 100%\">1983<\/span><\/td>\n<td style=\"border-style: solid;border-color: #000000;width: 24.3782%;height: 21px;background-color: #f70b02;text-align: center\"><span style=\"color: #fcfcfc;font-size: 100%\">KIRMIZI<\/span><\/td>\n<td style=\"border-style: solid;border-color: #000000;width: 50.1608%;height: 21px;text-align: center\"><span style=\"color: #000000;font-size: 100%\">300<\/span><\/td>\n<\/tr>\n<tr style=\"height: 21px\">\n<td style=\"border-style: solid;border-color: #000000;width: 25.4905%;text-align: center;height: 21px\"><span style=\"color: #000000;font-size: 100%\">324<\/span><\/td>\n<td style=\"border-style: solid;border-color: #000000;width: 24.9656%;text-align: center;height: 21px\"><span style=\"color: #000000;font-size: 100%\">2100<\/span><\/td>\n<td style=\"border-style: solid;border-color: #000000;width: 24.3782%;background-color: #f6fa14;height: 21px;text-align: center\"><span style=\"color: #000000;font-size: 100%\">SARI<\/span><\/td>\n<td style=\"border-style: solid;border-color: #000000;width: 50.1608%;height: 21px;text-align: center\"><span style=\"color: #000000;font-size: 100%\">300<\/span><\/td>\n<\/tr>\n<tr style=\"height: 21px\">\n<td style=\"border-style: solid;border-color: #000000;width: 25.4905%;text-align: center;height: 21px\"><span style=\"color: #000000;font-size: 100%\">770<\/span><\/td>\n<td style=\"border-style: solid;border-color: #000000;width: 24.9656%;text-align: center;height: 21px\"><span style=\"color: #000000;font-size: 100%\">4990<\/span><\/td>\n<td style=\"border-style: solid;border-color: #000000;width: 24.3782%;background-color: #fa5502;height: 21px;text-align: center\"><span style=\"color: #fcfcfc;font-size: 100%\">TURUNCU<\/span><\/td>\n<td style=\"border-style: solid;border-color: #000000;width: 50.1608%;text-align: center;height: 21px\"><span style=\"color: #000000;font-size: 100%\">150<\/span><\/td>\n<\/tr>\n<tr style=\"height: 21px\">\n<td style=\"border-style: solid;border-color: #000000;width: 25.4905%;text-align: center;height: 21px\"><span style=\"color: #000000;font-size: 100%\">850<\/span><\/td>\n<td style=\"border-style: solid;border-color: #000000;width: 24.9656%;text-align: center;height: 21px\"><span style=\"color: #000000;font-size: 100%\">5508<\/span><\/td>\n<td style=\"border-style: solid;border-color: #000000;width: 24.3782%;background-color: #025902;height: 21px;text-align: center\"><span style=\"color: #fcfcfc;font-size: 100%\">YE\u015e\u0130L<\/span><\/td>\n<td style=\"border-style: solid;border-color: #000000;width: 50.1608%;height: 21px;text-align: center\"><span style=\"color: #000000;font-size: 100%\">150<\/span><\/td>\n<\/tr>\n<tr style=\"height: 21px\">\n<td style=\"border-style: solid;border-color: #000000;width: 25.4905%;text-align: center;height: 21px\"><span style=\"color: #000000;font-size: 100%\">900<\/span><\/td>\n<td style=\"border-style: solid;border-color: #000000;width: 24.9656%;text-align: center;height: 21px\"><span style=\"color: #000000;font-size: 100%\">5832<\/span><\/td>\n<td style=\"border-style: solid;border-color: #000000;width: 24.3782%;height: 21px;background-color: #092366;text-align: center\"><span style=\"color: #fcfcfc;font-size: 100%\">MAV\u0130<\/span><\/td>\n<td style=\"border-style: solid;border-color: #000000;width: 50.1608%;height: 21px;text-align: center\"><span style=\"color: #000000;font-size: 100%\">100<\/span><\/td>\n<\/tr>\n<\/tbody>\n<\/table>\n<\/div>\n","protected":false},"featured_media":2850,"comment_status":"closed","ping_status":"closed","template":"","meta":[],"product_cat":[286,284],"product_tag":[],"class_list":{"0":"post-2849","1":"product","2":"type-product","3":"status-publish","4":"has-post-thumbnail","6":"product_cat-25-4mm-1","7":"product_cat-plastic-trips-for-yarn-and-twisting-machines","9":"first","10":"instock","11":"shipping-taxable","12":"product-type-simple"},"aioseo_notices":[],"_links":{"self":[{"href":"https:\/\/erayman.com\/en\/wp-json\/wp\/v2\/product\/2849"}],"collection":[{"href":"https:\/\/erayman.com\/en\/wp-json\/wp\/v2\/product"}],"about":[{"href":"https:\/\/erayman.com\/en\/wp-json\/wp\/v2\/types\/product"}],"replies":[{"embeddable":true,"href":"https:\/\/erayman.com\/en\/wp-json\/wp\/v2\/comments?post=2849"}],"wp:featuredmedia":[{"embeddable":true,"href":"https:\/\/erayman.com\/en\/wp-json\/wp\/v2\/media\/2850"}],"wp:attachment":[{"href":"https:\/\/erayman.com\/en\/wp-json\/wp\/v2\/media?parent=2849"}],"wp:term":[{"taxonomy":"product_cat","embeddable":true,"href":"https:\/\/erayman.com\/en\/wp-json\/wp\/v2\/product_cat?post=2849"},{"taxonomy":"product_tag","embeddable":true,"href":"https:\/\/erayman.com\/en\/wp-json\/wp\/v2\/product_tag?post=2849"}],"curies":[{"name":"wp","href":"https:\/\/api.w.org\/{rel}","templated":true}]}}