{"id":2828,"date":"2024-09-27T17:28:23","date_gmt":"2024-09-27T14:28:23","guid":{"rendered":"https:\/\/erayman.com\/en\/product\/sinterli-celik-bilezikler\/"},"modified":"2024-10-16T01:48:55","modified_gmt":"2024-10-15T22:48:55","slug":"sintered-steel-bracelets-2","status":"publish","type":"product","link":"https:\/\/erayman.com\/en\/product\/sintered-steel-bracelets-2\/","title":{"rendered":"SINTERED STEEL BRACELETS"},"content":{"rendered":"","protected":false},"excerpt":{"rendered":"<div class=\"product-short-description\">\n<table class=\" alignleft aligncenter\" style=\"height: 638px; width: 101.875%; border-style: solid; border-collapse: collapse;\" border=\"0\" cellspacing=\"0\" cellpadding=\"0\">\n<tbody>\n<tr style=\"height: 21px;\">\n<td style=\"background-color: #f0eded; border-style: solid; border-color: #000000; height: 21px; width: 87.1626%; text-align: center;\" colspan=\"2\"><span style=\"color: #000000; font-family: helvetica, arial, sans-serif;\"><strong>S\u0130NTERL\u0130 B\u0130LEZ\u0130K Y\u00dcZEY G\u00d6R\u00dcN\u00dcM\u00dc<\/strong><\/span><\/td>\n<td style=\"background-color: #f0eded; border-style: solid; border-color: #000000; vertical-align: middle; height: 21px; width: 1.5361%; text-align: center;\" colspan=\"2\" scope=\"col\"><span style=\"color: #000000; font-family: helvetica, arial, sans-serif;\"><strong>&nbsp;FAYDALAR<\/strong><\/span><\/td>\n<\/tr>\n<tr style=\"height: 21px;\">\n<td style=\"border-style: solid; border-color: #000000; height: 146px; width: 50%;\" colspan=\"2\" rowspan=\"8\"><a href=\"https:\/\/alyatekstil.com\/wp-content\/uploads\/2021\/03\/Sinterli-Bilezik-2-scaled.jpg\"><img loading=\"lazy\" decoding=\"async\" class=\"wp-image-9726 aligncenter\" src=\"https:\/\/alyatekstil.com\/wp-content\/uploads\/2021\/03\/Sinterli-Bilezik-2-scaled.jpg\" alt=\"\" width=\"328\" height=\"207\"><\/a><\/td>\n<td style=\"border-style: solid; border-color: #000000; height: 21px; width: 1.5361%; text-align: left;\" colspan=\"2\" scope=\"col\"><span style=\"color: #000000; font-family: helvetica, arial, sans-serif;\"><span style=\"color: #000000;\">&nbsp;\u2013 Daha y\u00fcksek i\u011f h\u0131z\u0131<\/span><\/span><\/td>\n<\/tr>\n<tr style=\"height: 21px;\">\n<td style=\"border-style: solid; border-color: #000000; height: 21px; width: 1.5361%;\" colspan=\"2\" scope=\"col\"><span style=\"color: #000000; font-family: helvetica, arial, sans-serif;\">&nbsp;\u2013 Daha homojen iplik gerginli\u011fi<\/span><\/td>\n<\/tr>\n<tr style=\"height: 21px;\">\n<td style=\"border-style: solid; border-color: #000000; height: 10px; width: 1.5361%;\" colspan=\"2\" scope=\"col\"><span style=\"color: #000000; font-family: helvetica, arial, sans-serif;\"><span style=\"color: #000000;\">&nbsp;\u2013 Daha uzun kop\u00e7a \u00f6mr\u00fc<\/span><\/span><\/td>\n<\/tr>\n<tr style=\"height: 21px;\">\n<td style=\"border-style: solid; border-color: #000000; height: 21px; width: 1.5361%;\" colspan=\"2\"><span style=\"color: #000000; font-family: helvetica, arial, sans-serif;\">&nbsp;\u2013 En y\u00fcksek iplik temizli\u011fi<\/span><\/td>\n<\/tr>\n<tr style=\"height: 21px;\">\n<td style=\"border-style: solid; border-color: #000000; height: 21px; width: 1.5361%;\" colspan=\"2\"><span style=\"color: #000000; font-family: helvetica, arial, sans-serif;\">&nbsp;\u2013 Gereksiz ya\u011f \u00e7\u0131k\u0131\u015f\u0131 yok<\/span><\/td>\n<\/tr>\n<tr style=\"height: 21px;\">\n<td style=\"border-style: solid; border-color: #000000; height: 21px; width: 1.5361%;\" colspan=\"2\"><span style=\"color: #000000; font-family: helvetica, arial, sans-serif;\">&nbsp;\u2013 Daha az ya\u011f t\u00fcketimi<\/span><\/td>\n<\/tr>\n<tr style=\"height: 21px;\">\n<td style=\"border-style: solid; border-color: #000000; height: 21px; width: 1.5361%;\" colspan=\"2\"><span style=\"color: #000000; font-family: helvetica, arial, sans-serif;\">&nbsp;\u2013 Ya\u011f t\u00fcketimi yak\u0131ndan kontrol\u00fc<\/span><\/td>\n<\/tr>\n<tr style=\"height: 21px;\">\n<td style=\"border-style: solid; border-color: #000000; height: 10px; width: 1.5361%;\" colspan=\"2\"><span style=\"color: #000000; font-family: helvetica, arial, sans-serif;\">&nbsp;\u2013 Rutin fitil de\u011fi\u015fiminin kalkmas\u0131<\/span><\/td>\n<\/tr>\n<tr style=\"height: 10px;\">\n<td style=\"border-style: solid; border-color: #000000; height: 10px; width: 95%;\" colspan=\"4\"><span style=\"font-family: helvetica, arial, sans-serif;\"><span style=\"color: #000000;\"><strong>B\u0130LEZ\u0130K Y\u00dcKSEKL\u0130KLER\u0130 (mm):<\/strong> <\/span><span style=\"color: #000000;\">4.8, 6.35, 9.52, 10.3, 11.1, 12.7, 16.8, 17.1, 17.4, 25.4, 38.1, 50.8<\/span><\/span><\/td>\n<\/tr>\n<tr style=\"height: 10px;\">\n<td style=\"border-style: solid; border-color: #000000; height: 10px; width: 95%;\" colspan=\"4\"><span style=\"color: #000000;\"><span style=\"font-family: helvetica, arial, sans-serif;\"><strong>B\u0130LEZ\u0130K \u0130\u00c7 \u00c7AP (mm):<\/strong> 45, 50, 55, 60, 65, 75, 82.5, 90, 110, 120, 127, 133, 136, 140, 152, 165, 180, 195, 216, 227, 250, 300, 350<\/span> <\/span><\/td>\n<\/tr>\n<\/tbody>\n<\/table>\n<\/div>\n","protected":false},"featured_media":2829,"comment_status":"closed","ping_status":"closed","template":"","meta":[],"product_cat":[275,281],"product_tag":[],"class_list":{"0":"post-2828","1":"product","2":"type-product","3":"status-publish","4":"has-post-thumbnail","6":"product_cat-other-textile-machine-parts","7":"product_cat-sintered-steel-rings-for-spinning-and-twisting-machines","9":"first","10":"instock","11":"shipping-taxable","12":"product-type-simple"},"aioseo_notices":[],"_links":{"self":[{"href":"https:\/\/erayman.com\/en\/wp-json\/wp\/v2\/product\/2828"}],"collection":[{"href":"https:\/\/erayman.com\/en\/wp-json\/wp\/v2\/product"}],"about":[{"href":"https:\/\/erayman.com\/en\/wp-json\/wp\/v2\/types\/product"}],"replies":[{"embeddable":true,"href":"https:\/\/erayman.com\/en\/wp-json\/wp\/v2\/comments?post=2828"}],"wp:featuredmedia":[{"embeddable":true,"href":"https:\/\/erayman.com\/en\/wp-json\/wp\/v2\/media\/2829"}],"wp:attachment":[{"href":"https:\/\/erayman.com\/en\/wp-json\/wp\/v2\/media?parent=2828"}],"wp:term":[{"taxonomy":"product_cat","embeddable":true,"href":"https:\/\/erayman.com\/en\/wp-json\/wp\/v2\/product_cat?post=2828"},{"taxonomy":"product_tag","embeddable":true,"href":"https:\/\/erayman.com\/en\/wp-json\/wp\/v2\/product_tag?post=2828"}],"curies":[{"name":"wp","href":"https:\/\/api.w.org\/{rel}","templated":true}]}}