{"id":2826,"date":"2024-09-27T17:33:04","date_gmt":"2024-09-27T14:33:04","guid":{"rendered":"https:\/\/erayman.com\/en\/product\/sr-ovalama-hortumlari\/"},"modified":"2024-10-16T01:48:47","modified_gmt":"2024-10-15T22:48:47","slug":"sr-scrubbing-hoses","status":"publish","type":"product","link":"https:\/\/erayman.com\/en\/product\/sr-scrubbing-hoses\/","title":{"rendered":"SR SCRUBBING HOSES"},"content":{"rendered":"","protected":false},"excerpt":{"rendered":"<div class=\"product-short-description\">\n<table style=\"height: 136px; width: 102.607%;\" border=\"0\" cellspacing=\"0\" cellpadding=\"0\">\n<tbody>\n<tr style=\"height: 39px;\">\n<td style=\"background-color: #f0eded; width: 1.67102%; height: 10px; border-style: solid; border-color: #000000; text-align: center;\"><span style=\"color: #000000; font-size: 100%;\"><strong>#<\/strong><\/span><\/td>\n<td style=\"background-color: #f0eded; width: 8.25417%; height: 10px; border-style: solid; border-color: #000000; text-align: center;\"><span style=\"font-size: 100%; color: #000000;\"><strong>KOD<\/strong><\/span><\/td>\n<td style=\"background-color: #f0eded; width: 20.6393%; height: 10px; border-style: solid; border-color: #000000; text-align: center;\" height=\"40\"><span style=\"font-size: 100%; color: #000000;\"><strong>\u00dcR\u00dcN \u0130SM\u0130<\/strong><\/span><\/td>\n<td style=\"background-color: #f0eded; width: 25.6518%; height: 10px; border-style: solid; border-color: #000000; text-align: center;\"><span style=\"font-size: 100%; color: #000000;\"><strong>\u00d6L\u00c7\u00dc<\/strong><\/span><\/td>\n<td style=\"background-color: #f0eded; width: 10.0149%; height: 10px; border-style: solid; border-color: #000000; text-align: center;\"><span style=\"font-size: 100%;\"><strong><span style=\"color: #000000;\">RENK<\/span><\/strong><\/span><\/td>\n<\/tr>\n<tr style=\"height: 21px;\">\n<td style=\"width: 1.67102%; height: 21px; border-style: solid; border-color: #000000; text-align: center;\"><span style=\"color: #000000; font-size: 100%;\"><strong>1<\/strong><\/span><\/td>\n<td style=\"width: 8.25417%; height: 21px; border-style: solid; border-color: #000000; text-align: center;\"><span style=\"color: #000000; font-size: 100%;\">OH465.166.4G<\/span><\/td>\n<td style=\"width: 20.6393%; height: 21px; border-style: solid; border-color: #000000; text-align: center;\"><span style=\"color: #000000; font-size: 100%;\">OVALAMA HORTUMU<\/span><\/td>\n<td style=\"width: 25.6518%; height: 21px; border-style: solid; border-color: #000000; text-align: center;\"><span style=\"color: #000000; font-size: 100%;\">&nbsp;465 (\u00d8146) x 166 x 4.0mm<\/span><\/td>\n<td style=\"width: 10.0149%; height: 21px; background-color: #35dba1; border-style: solid; border-color: #000000; text-align: center;\"><span style=\"color: #ffffff; font-size: 100%;\">YE\u015e\u0130L<\/span><\/td>\n<\/tr>\n<tr style=\"height: 21px;\">\n<td style=\"width: 1.67102%; height: 21px; border-style: solid; border-color: #000000; text-align: center;\"><span style=\"color: #000000; font-size: 100%;\"><strong>2<\/strong><\/span><\/td>\n<td style=\"width: 8.25417%; height: 21px; border-style: solid; border-color: #000000; text-align: center;\"><span style=\"color: #000000; font-size: 100%;\">OH535.160.035G<\/span><\/td>\n<td style=\"width: 20.6393%; height: 21px; border-style: solid; border-color: #000000; text-align: center;\"><span style=\"color: #000000; font-size: 100%;\">OVALAMA HORTUMU<\/span><\/td>\n<td style=\"width: 25.6518%; height: 21px; border-style: solid; border-color: #000000; text-align: center;\"><span style=\"color: #000000; font-size: 100%;\">535 (\u00d8170) x 160 x 3.5mm<\/span><\/td>\n<td style=\"width: 10.0149%; height: 21px; background-color: #35dba1; border-style: solid; border-color: #000000; text-align: center;\"><span style=\"color: #ffffff; font-size: 100%;\">YE\u015e\u0130L<\/span><\/td>\n<\/tr>\n<tr style=\"height: 21px;\">\n<td style=\"width: 1.67102%; height: 21px; border-style: solid; border-color: #000000; text-align: center;\"><span style=\"color: #000000; font-size: 100%;\"><strong>3<\/strong><\/span><\/td>\n<td style=\"width: 8.25417%; height: 21px; border-style: solid; border-color: #000000; text-align: center;\"><span style=\"color: #000000; font-size: 100%;\">OH465.160.035G<\/span><\/td>\n<td style=\"width: 20.6393%; height: 21px; border-style: solid; border-color: #000000; text-align: center;\"><span style=\"color: #000000; font-size: 100%;\">OVALAMA HORTUMU<\/span><\/td>\n<td style=\"width: 25.6518%; height: 21px; border-style: solid; border-color: #000000; text-align: center;\"><span style=\"color: #000000; font-size: 100%;\">465 (\u00d8146) x 160 x 3.5mm<\/span><\/td>\n<td style=\"width: 10.0149%; height: 21px; background-color: #35dba1; border-style: solid; border-color: #000000; text-align: center;\"><span style=\"color: #ffffff; font-size: 100%;\">YE\u015e\u0130L<\/span><\/td>\n<\/tr>\n<tr style=\"height: 21px;\">\n<td style=\"width: 1.67102%; height: 21px; border-style: solid; border-color: #000000; text-align: center;\"><span style=\"color: #000000; font-size: 100%;\"><strong>4<\/strong><\/span><\/td>\n<td style=\"width: 8.25417%; height: 21px; border-style: solid; border-color: #000000; text-align: center;\"><span style=\"color: #000000; font-size: 100%;\"> OH465.166.4.035<\/span><\/td>\n<td style=\"width: 20.6393%; height: 21px; border-style: solid; border-color: #000000; text-align: center;\"><span style=\"color: #000000; font-size: 100%;\">OVALAMA HORTUMU<\/span><\/td>\n<td style=\"width: 25.6518%; height: 21px; border-style: solid; border-color: #000000; text-align: center;\"><span style=\"color: #000000; font-size: 100%;\">&nbsp;465 (\u00d8146) x 166 x 4.0mm<\/span><\/td>\n<td style=\"width: 10.0149%; background-color: #7d7a7a; height: 21px; border-style: solid; border-color: #000000; text-align: center;\"><span style=\"color: #ffffff; font-size: 100%;\">GR\u0130<\/span><\/td>\n<\/tr>\n<tr style=\"height: 21px;\">\n<td style=\"width: 1.67102%; height: 21px; border-style: solid; border-color: #000000; text-align: center;\"><span style=\"color: #000000; font-size: 100%;\"><strong>5<\/strong><\/span><\/td>\n<td style=\"width: 8.25417%; height: 21px; border-style: solid; border-color: #000000; text-align: center;\"><span style=\"color: #000000; font-size: 100%;\">OH535.160.035<\/span><\/td>\n<td style=\"width: 20.6393%; height: 21px; border-style: solid; border-color: #000000; text-align: center;\"><span style=\"color: #000000; font-size: 100%;\">OVALAMA HORTUMU<\/span><\/td>\n<td style=\"width: 25.6518%; height: 21px; border-style: solid; border-color: #000000; text-align: center;\"><span style=\"color: #000000; font-size: 100%;\">535 (\u00d8170) x 160 x 3.5mm<\/span><\/td>\n<td style=\"width: 10.0149%; background-color: #7d7a7a; height: 21px; border-style: solid; border-color: #000000; text-align: center;\"><span style=\"color: #ffffff; font-size: 100%;\">GR\u0130<\/span><\/td>\n<\/tr>\n<tr style=\"height: 21px;\">\n<td style=\"width: 1.67102%; height: 21px; border-style: solid; border-color: #000000; text-align: center;\"><span style=\"color: #000000; font-size: 100%;\"><strong>6<\/strong><\/span><\/td>\n<td style=\"width: 8.25417%; height: 21px; border-style: solid; border-color: #000000; text-align: center;\"><span style=\"color: #000000; font-size: 100%;\">OH465.160.035<\/span><\/td>\n<td style=\"width: 20.6393%; height: 21px; border-style: solid; border-color: #000000; text-align: center;\"><span style=\"color: #000000; font-size: 100%;\">OVALAMA HORTUMU<\/span><\/td>\n<td style=\"width: 25.6518%; height: 21px; border-style: solid; border-color: #000000; text-align: center;\"><span style=\"color: #000000; font-size: 100%;\">465 (\u00d8146) x 160 x 3.5mm<\/span><\/td>\n<td style=\"width: 10.0149%; background-color: #7d7a7a; height: 21px; border-style: solid; border-color: #000000; text-align: center;\"><span style=\"color: #ffffff; font-size: 100%;\">GR\u0130<\/span><\/td>\n<\/tr>\n<\/tbody>\n<\/table>\n<\/div>\n","protected":false},"featured_media":2827,"comment_status":"closed","ping_status":"closed","template":"","meta":[],"product_cat":[275,280],"product_tag":[],"class_list":{"0":"post-2826","1":"product","2":"type-product","3":"status-publish","4":"has-post-thumbnail","6":"product_cat-other-textile-machine-parts","7":"product_cat-scrubbing-hoses-for-finisher-machines","9":"first","10":"instock","11":"shipping-taxable","12":"product-type-simple"},"aioseo_notices":[],"_links":{"self":[{"href":"https:\/\/erayman.com\/en\/wp-json\/wp\/v2\/product\/2826"}],"collection":[{"href":"https:\/\/erayman.com\/en\/wp-json\/wp\/v2\/product"}],"about":[{"href":"https:\/\/erayman.com\/en\/wp-json\/wp\/v2\/types\/product"}],"replies":[{"embeddable":true,"href":"https:\/\/erayman.com\/en\/wp-json\/wp\/v2\/comments?post=2826"}],"wp:featuredmedia":[{"embeddable":true,"href":"https:\/\/erayman.com\/en\/wp-json\/wp\/v2\/media\/2827"}],"wp:attachment":[{"href":"https:\/\/erayman.com\/en\/wp-json\/wp\/v2\/media?parent=2826"}],"wp:term":[{"taxonomy":"product_cat","embeddable":true,"href":"https:\/\/erayman.com\/en\/wp-json\/wp\/v2\/product_cat?post=2826"},{"taxonomy":"product_tag","embeddable":true,"href":"https:\/\/erayman.com\/en\/wp-json\/wp\/v2\/product_tag?post=2826"}],"curies":[{"name":"wp","href":"https:\/\/api.w.org\/{rel}","templated":true}]}}