{"id":2824,"date":"2024-09-27T17:34:14","date_gmt":"2024-09-27T14:34:14","guid":{"rendered":"https:\/\/erayman.com\/en\/product\/sa-ovalama-hortumlari\/"},"modified":"2024-10-16T01:48:34","modified_gmt":"2024-10-15T22:48:34","slug":"sa-scrubbing-hoses","status":"publish","type":"product","link":"https:\/\/erayman.com\/en\/product\/sa-scrubbing-hoses\/","title":{"rendered":"SA SCRUBBING HOSES"},"content":{"rendered":"","protected":false},"excerpt":{"rendered":"<div class=\"product-short-description\">\n<table class=\" alignleft\" style=\"height: 136px;width: 100.446%;border-color: #000000;border-style: solid\" border=\"0\" cellspacing=\"0\" cellpadding=\"0\">\n<tbody>\n<tr style=\"height: 39px\">\n<td style=\"border-style: solid;border-color: #000000;background-color: #f0eded;width: 2.40171%;height: 10px;text-align: center\"><strong>#<\/strong><\/td>\n<td style=\"border-style: solid;border-color: #000000;background-color: #f0eded;width: 6.47544%;height: 10px;text-align: center\"><span style=\"color: #000000;font-size: 100%\"><strong>KOD<\/strong><\/span><\/td>\n<td style=\"border-style: solid;border-color: #000000;background-color: #f0eded;width: 29.7786%;height: 10px;text-align: center\" height=\"40\"><span style=\"color: #000000;font-size: 100%\"><strong>\u00dcR\u00dcN \u0130SM\u0130<\/strong><\/span><\/td>\n<td style=\"border-style: solid;border-color: #000000;background-color: #f0eded;width: 48.4883%;height: 10px;text-align: center\"><span style=\"color: #000000;font-size: 100%\"><strong>\u00d6L\u00c7\u00dc<\/strong><\/span><\/td>\n<td style=\"border-style: solid;border-color: #000000;background-color: #f0eded;width: 23.5475%;height: 10px;text-align: center\"><span style=\"color: #000000;font-size: 100%\"><strong>RENK<\/strong><\/span><\/td>\n<\/tr>\n<tr style=\"height: 21px\">\n<td style=\"border-style: solid;border-color: #000000;width: 2.40171%;height: 21px;text-align: center\"><strong><span style=\"color: #000000;font-size: 100%\">&nbsp;1<\/span><\/strong><\/td>\n<td style=\"border-style: solid;border-color: #000000;width: 6.47544%;height: 21px\"><span style=\"color: #000000\">OH459.121.4G<\/span><\/td>\n<td style=\"border-style: solid;border-color: #000000;width: 29.7786%;height: 21px;text-align: center\"><span style=\"color: #000000;font-size: 100%\">OVALAMA HORTUMU<\/span><\/td>\n<td style=\"border-style: solid;border-color: #000000;width: 48.4883%;height: 21px;text-align: center\"><span style=\"color: #000000;font-size: 100%\">459 (\u00d8146) x 121 x 4.0mm<\/span><\/td>\n<td style=\"border-style: solid;border-color: #000000;width: 23.5475%;height: 21px;background-color: #35dba1;text-align: center\"><span style=\"color: #fcfcfc\">YE\u015e\u0130L<\/span><\/td>\n<\/tr>\n<tr style=\"height: 21px\">\n<td style=\"border-style: solid;border-color: #000000;width: 2.40171%;height: 21px;text-align: center\"><strong><span style=\"color: #000000;font-size: 100%\">&nbsp;2<\/span><\/strong><\/td>\n<td style=\"border-style: solid;border-color: #000000;width: 6.47544%;height: 21px\"><span style=\"color: #000000;font-size: 100%\">OH427.155.4.3G<\/span><\/td>\n<td style=\"border-style: solid;border-color: #000000;width: 29.7786%;height: 21px;text-align: center\"><span style=\"color: #000000;font-size: 100%\">OVALAMA HORTUMU<\/span><\/td>\n<td style=\"border-style: solid;border-color: #000000;width: 48.4883%;height: 21px;text-align: center\"><span style=\"color: #000000;font-size: 100%\">427 (\u00d8136) x 155 x 4.3mm<\/span><\/td>\n<td style=\"border-style: solid;border-color: #000000;width: 23.5475%;height: 21px;background-color: #35dba1;text-align: center\"><span style=\"color: #fcfcfc;font-size: 100%\">YE\u015e\u0130L<\/span><\/td>\n<\/tr>\n<tr style=\"height: 21px\">\n<td style=\"border-style: solid;border-color: #000000;width: 2.40171%;height: 21px;text-align: center\"><strong><span style=\"color: #000000;font-size: 100%\">&nbsp;3<\/span><\/strong><\/td>\n<td style=\"border-style: solid;border-color: #000000;width: 6.47544%;height: 21px\"><span style=\"color: #000000;font-size: 100%\">OH535.135.4G<\/span><\/td>\n<td style=\"border-style: solid;border-color: #000000;width: 29.7786%;height: 21px;text-align: center\"><span style=\"color: #000000;font-size: 100%\">OVALAMA HORTUMU<\/span><\/td>\n<td style=\"border-style: solid;border-color: #000000;width: 48.4883%;height: 21px;text-align: center\"><span style=\"color: #000000;font-size: 100%\">535 (\u00d8170) x 135 x 4.0mm<\/span><\/td>\n<td style=\"border-style: solid;border-color: #000000;width: 23.5475%;height: 21px;background-color: #35dba1;text-align: center\"><span style=\"color: #fcfcfc;font-size: 100%\">YE\u015e\u0130L<\/span><\/td>\n<\/tr>\n<tr style=\"height: 21px\">\n<td style=\"border-style: solid;border-color: #000000;width: 2.40171%;height: 21px;text-align: center\"><strong><span style=\"color: #000000;font-size: 100%\">&nbsp;4<\/span><\/strong><\/td>\n<td style=\"border-style: solid;border-color: #000000;width: 6.47544%;height: 21px\"><span style=\"color: #000000\">OH459.121.4.035<\/span><\/td>\n<td style=\"border-style: solid;border-color: #000000;width: 29.7786%;height: 21px;text-align: center\"><span style=\"color: #000000;font-size: 100%\">OVALAMA HORTUMU<\/span><\/td>\n<td style=\"border-style: solid;border-color: #000000;width: 48.4883%;height: 21px;text-align: center\"><span style=\"color: #000000;font-size: 100%\">459 (\u00d8146) x 121 x 4.0mm<\/span><\/td>\n<td style=\"border-style: solid;border-color: #000000;width: 23.5475%;background-color: #7d7a7a;height: 21px;text-align: center\"><span style=\"color: #fcfcfc;font-size: 100%\">GR\u0130<\/span><\/td>\n<\/tr>\n<tr style=\"height: 21px\">\n<td style=\"border-style: solid;border-color: #000000;width: 2.40171%;height: 21px;text-align: center\"><strong><span style=\"color: #000000;font-size: 100%\">&nbsp;5<\/span><\/strong><\/td>\n<td style=\"border-style: solid;border-color: #000000;width: 6.47544%;height: 21px\"><span style=\"color: #000000;font-size: 100%\">OH427.155.4.3.035<\/span><\/td>\n<td style=\"border-style: solid;border-color: #000000;width: 29.7786%;height: 21px;text-align: center\"><span style=\"color: #000000;font-size: 100%\">OVALAMA HORTUMU<\/span><\/td>\n<td style=\"border-style: solid;border-color: #000000;width: 48.4883%;height: 21px;text-align: center\"><span style=\"color: #000000;font-size: 100%\">427 (\u00d8136) x 155 x 4.3mm<\/span><\/td>\n<td style=\"border-style: solid;border-color: #000000;width: 23.5475%;background-color: #7d7a7a;height: 21px;text-align: center\"><span style=\"color: #fcfcfc;font-size: 100%\">GR\u0130<\/span><\/td>\n<\/tr>\n<tr style=\"height: 21px\">\n<td style=\"border-style: solid;border-color: #000000;width: 2.40171%;height: 21px;text-align: center\"><strong><span style=\"color: #000000;font-size: 100%\">&nbsp;6<\/span><\/strong><\/td>\n<td style=\"border-style: solid;border-color: #000000;width: 6.47544%;height: 21px\"><span style=\"color: #000000;font-size: 100%\">OH535.135.4.035<\/span><\/td>\n<td style=\"border-style: solid;border-color: #000000;width: 29.7786%;height: 21px;text-align: center\"><span style=\"color: #000000;font-size: 100%\">OVALAMA HORTUMU<\/span><\/td>\n<td style=\"border-style: solid;border-color: #000000;width: 48.4883%;height: 21px;text-align: center\"><span style=\"color: #000000;font-size: 100%\">535 (\u00d8170) x 135 x 4.0mm<\/span><\/td>\n<td style=\"border-style: solid;border-color: #000000;width: 23.5475%;background-color: #7d7a7a;height: 21px;text-align: center\"><span style=\"color: #fcfcfc;font-size: 100%\">GR\u0130<\/span><\/td>\n<\/tr>\n<\/tbody>\n<\/table>\n<\/div>\n","protected":false},"featured_media":2825,"comment_status":"closed","ping_status":"closed","template":"","meta":[],"product_cat":[275,280],"product_tag":[],"class_list":{"0":"post-2824","1":"product","2":"type-product","3":"status-publish","4":"has-post-thumbnail","6":"product_cat-other-textile-machine-parts","7":"product_cat-scrubbing-hoses-for-finisher-machines","9":"first","10":"instock","11":"shipping-taxable","12":"product-type-simple"},"aioseo_notices":[],"_links":{"self":[{"href":"https:\/\/erayman.com\/en\/wp-json\/wp\/v2\/product\/2824"}],"collection":[{"href":"https:\/\/erayman.com\/en\/wp-json\/wp\/v2\/product"}],"about":[{"href":"https:\/\/erayman.com\/en\/wp-json\/wp\/v2\/types\/product"}],"replies":[{"embeddable":true,"href":"https:\/\/erayman.com\/en\/wp-json\/wp\/v2\/comments?post=2824"}],"wp:featuredmedia":[{"embeddable":true,"href":"https:\/\/erayman.com\/en\/wp-json\/wp\/v2\/media\/2825"}],"wp:attachment":[{"href":"https:\/\/erayman.com\/en\/wp-json\/wp\/v2\/media?parent=2824"}],"wp:term":[{"taxonomy":"product_cat","embeddable":true,"href":"https:\/\/erayman.com\/en\/wp-json\/wp\/v2\/product_cat?post=2824"},{"taxonomy":"product_tag","embeddable":true,"href":"https:\/\/erayman.com\/en\/wp-json\/wp\/v2\/product_tag?post=2824"}],"curies":[{"name":"wp","href":"https:\/\/api.w.org\/{rel}","templated":true}]}}