{"id":2822,"date":"2024-09-27T17:35:07","date_gmt":"2024-09-27T14:35:07","guid":{"rendered":"https:\/\/erayman.com\/en\/product\/cx-ovalama-hortumlari\/"},"modified":"2024-10-16T01:48:25","modified_gmt":"2024-10-15T22:48:25","slug":"cx-scrubbing-hoses","status":"publish","type":"product","link":"https:\/\/erayman.com\/en\/product\/cx-scrubbing-hoses\/","title":{"rendered":"CX SCRUBBING HOSES"},"content":{"rendered":"","protected":false},"excerpt":{"rendered":"<div class=\"product-short-description\">\n<table class=\" alignleft\" style=\"height: 136px;width: 100.446%;border-color: #000000;border-style: inset\" border=\"0\" cellspacing=\"0\" cellpadding=\"0\">\n<tbody>\n<tr style=\"height: 39px\">\n<td style=\"border-style: solid;border-color: #000000;background-color: #f0eded;width: 1.86567%;height: 10px;text-align: center\"><span style=\"color: #000000;font-size: 100%\"><strong>#<\/strong><\/span><\/td>\n<td style=\"border-style: solid;border-color: #000000;background-color: #f0eded;width: 25%;height: 10px;text-align: center\"><span style=\"color: #000000;font-size: 100%\"><strong>KOD<\/strong><\/span><\/td>\n<td style=\"border-style: solid;border-color: #000000;background-color: #f0eded;width: 21.8283%;height: 10px;text-align: center\" height=\"40\"><span style=\"color: #000000;font-size: 100%\"><strong>\u00dcR\u00dcN \u0130SM\u0130<\/strong><\/span><\/td>\n<td style=\"border-style: solid;border-color: #000000;background-color: #f0eded;width: 39.5523%;height: 10px;text-align: center\"><span style=\"color: #000000;font-size: 100%\"><strong>\u00d6L\u00c7\u00dc<\/strong><\/span><\/td>\n<td style=\"border-style: solid;border-color: #000000;background-color: #f0eded;width: 11.5672%;height: 10px;text-align: center\"><span style=\"color: #000000;font-size: 100%\"><strong>RENK<\/strong><\/span><\/td>\n<\/tr>\n<tr style=\"height: 21px\">\n<td style=\"border-style: solid;border-color: #000000;width: 1.86567%;height: 21px;text-align: center\"><span style=\"font-size: 100%\"><strong><span style=\"color: #000000\">1<\/span><\/strong><\/span><\/td>\n<td style=\"border-style: solid;border-color: #000000;width: 25%;height: 21px\"><span style=\"color: #000000;font-size: 100%\">OH540.170.4.3G<\/span><\/td>\n<td style=\"border-style: solid;border-color: #000000;width: 21.8283%;height: 21px;text-align: center\"><span style=\"color: #000000;font-size: 100%\">OVALAMA HORTUMU<\/span><\/td>\n<td style=\"border-style: solid;border-color: #000000;width: 39.5523%;height: 21px;text-align: center\"><span style=\"color: #000000;font-size: 100%\">540 (\u00d8172) x 170 x 4.3mm<\/span><\/td>\n<td style=\"border-style: solid;border-color: #000000;width: 11.5672%;height: 21px;background-color: #35dba1;text-align: center\"><span style=\"color: #fcfcfc;font-size: 100%\">YE\u015e\u0130L<\/span><\/td>\n<\/tr>\n<tr style=\"height: 21px\">\n<td style=\"border-style: solid;border-color: #000000;width: 1.86567%;height: 21px;text-align: center\"><span style=\"font-size: 100%\"><strong><span style=\"color: #000000\">2<\/span><\/strong><\/span><\/td>\n<td style=\"border-style: solid;border-color: #000000;width: 25%;height: 21px\"><span style=\"color: #000000;font-size: 100%\">OH550.170.4G<\/span><\/td>\n<td style=\"border-style: solid;border-color: #000000;width: 21.8283%;height: 21px;text-align: center\"><span style=\"color: #000000;font-size: 100%\">OVALAMA HORTUMU<\/span><\/td>\n<td style=\"border-style: solid;border-color: #000000;width: 39.5523%;height: 21px;text-align: center\"><span style=\"color: #000000;font-size: 100%\">550 (\u00d8175) x 170 x 4.0mm<\/span><\/td>\n<td style=\"border-style: solid;border-color: #000000;width: 11.5672%;height: 21px;background-color: #35dba1;text-align: center\"><span style=\"color: #fcfcfc;font-size: 100%\">YE\u015e\u0130L<\/span><\/td>\n<\/tr>\n<tr style=\"height: 21px\">\n<td style=\"border-style: solid;border-color: #000000;width: 1.86567%;height: 21px;text-align: center\"><span style=\"font-size: 100%\"><strong><span style=\"color: #000000\">3<\/span><\/strong><\/span><\/td>\n<td style=\"border-style: solid;border-color: #000000;width: 25%;height: 21px\"><span style=\"color: #000000;font-size: 100%\">OH550.155.4G<\/span><\/td>\n<td style=\"border-style: solid;border-color: #000000;width: 21.8283%;height: 21px;text-align: center\"><span style=\"color: #000000;font-size: 100%\">OVALAMA HORTUMU<\/span><\/td>\n<td style=\"border-style: solid;border-color: #000000;width: 39.5523%;height: 21px;text-align: center\"><span style=\"color: #000000;font-size: 100%\">550 (\u00d8175) x 155 x 4.0mm<\/span><\/td>\n<td style=\"border-style: solid;border-color: #000000;width: 11.5672%;height: 21px;background-color: #35dba1;text-align: center\"><span style=\"color: #fcfcfc;font-size: 100%\">YE\u015e\u0130L<\/span><\/td>\n<\/tr>\n<tr style=\"height: 21px\">\n<td style=\"border-style: solid;border-color: #000000;width: 1.86567%;height: 21px;text-align: center\"><span style=\"font-size: 100%\"><strong><span style=\"color: #000000\">4<\/span><\/strong><\/span><\/td>\n<td style=\"border-style: solid;border-color: #000000;width: 25%;height: 21px\"><span style=\"color: #000000;font-size: 100%\">OH540.170.4.3.035<\/span><\/td>\n<td style=\"border-style: solid;border-color: #000000;width: 21.8283%;height: 21px;text-align: center\"><span style=\"color: #000000;font-size: 100%\">OVALAMA HORTUMU<\/span><\/td>\n<td style=\"border-style: solid;border-color: #000000;width: 39.5523%;height: 21px;text-align: center\"><span style=\"color: #000000;font-size: 100%\">540 (\u00d8172) x 170 x 4.3mm<\/span><\/td>\n<td style=\"border-style: solid;border-color: #000000;width: 11.5672%;background-color: #7d7a7a;height: 21px;text-align: center\"><span style=\"color: #fcfcfc;font-size: 100%\">GR\u0130<\/span><\/td>\n<\/tr>\n<tr style=\"height: 21px\">\n<td style=\"border-style: solid;border-color: #000000;width: 1.86567%;height: 21px;text-align: center\"><span style=\"font-size: 100%\"><strong><span style=\"color: #000000\">5<\/span><\/strong><\/span><\/td>\n<td style=\"border-style: solid;border-color: #000000;width: 25%;height: 21px\"><span style=\"color: #000000;font-size: 100%\">OH550.170.4.035<\/span><\/td>\n<td style=\"border-style: solid;border-color: #000000;width: 21.8283%;height: 21px;text-align: center\"><span style=\"color: #000000;font-size: 100%\">OVALAMA HORTUMU<\/span><\/td>\n<td style=\"border-style: solid;border-color: #000000;width: 39.5523%;height: 21px;text-align: center\"><span style=\"color: #000000;font-size: 100%\">550 (\u00d8175) x 170 x 4.0mm<\/span><\/td>\n<td style=\"border-style: solid;border-color: #000000;width: 11.5672%;background-color: #7d7a7a;height: 21px;text-align: center\"><span style=\"color: #fcfcfc;font-size: 100%\">GR\u0130<\/span><\/td>\n<\/tr>\n<tr style=\"height: 21px\">\n<td style=\"border-style: solid;border-color: #000000;width: 1.86567%;height: 21px;text-align: center\"><span style=\"font-size: 100%\"><strong><span style=\"color: #000000\">6<\/span><\/strong><\/span><\/td>\n<td style=\"border-style: solid;border-color: #000000;width: 25%;height: 21px\"><span style=\"color: #000000;font-size: 100%\">OH550.155.4.035G<\/span><\/td>\n<td style=\"border-style: solid;border-color: #000000;width: 21.8283%;height: 21px;text-align: center\"><span style=\"color: #000000;font-size: 100%\">OVALAMA HORTUMU<\/span><\/td>\n<td style=\"border-style: solid;border-color: #000000;width: 39.5523%;height: 21px;text-align: center\"><span style=\"color: #000000;font-size: 100%\">550 (\u00d8175) x 155 x 4.0mm<\/span><\/td>\n<td style=\"border-style: solid;border-color: #000000;width: 11.5672%;background-color: #7d7a7a;height: 21px;text-align: center\"><span style=\"color: #fcfcfc;font-size: 100%\">GR\u0130<\/span><\/td>\n<\/tr>\n<\/tbody>\n<\/table>\n<\/div>\n","protected":false},"featured_media":2823,"comment_status":"closed","ping_status":"closed","template":"","meta":[],"product_cat":[275,280],"product_tag":[],"class_list":{"0":"post-2822","1":"product","2":"type-product","3":"status-publish","4":"has-post-thumbnail","6":"product_cat-other-textile-machine-parts","7":"product_cat-scrubbing-hoses-for-finisher-machines","9":"first","10":"instock","11":"shipping-taxable","12":"product-type-simple"},"aioseo_notices":[],"_links":{"self":[{"href":"https:\/\/erayman.com\/en\/wp-json\/wp\/v2\/product\/2822"}],"collection":[{"href":"https:\/\/erayman.com\/en\/wp-json\/wp\/v2\/product"}],"about":[{"href":"https:\/\/erayman.com\/en\/wp-json\/wp\/v2\/types\/product"}],"replies":[{"embeddable":true,"href":"https:\/\/erayman.com\/en\/wp-json\/wp\/v2\/comments?post=2822"}],"wp:featuredmedia":[{"embeddable":true,"href":"https:\/\/erayman.com\/en\/wp-json\/wp\/v2\/media\/2823"}],"wp:attachment":[{"href":"https:\/\/erayman.com\/en\/wp-json\/wp\/v2\/media?parent=2822"}],"wp:term":[{"taxonomy":"product_cat","embeddable":true,"href":"https:\/\/erayman.com\/en\/wp-json\/wp\/v2\/product_cat?post=2822"},{"taxonomy":"product_tag","embeddable":true,"href":"https:\/\/erayman.com\/en\/wp-json\/wp\/v2\/product_tag?post=2822"}],"curies":[{"name":"wp","href":"https:\/\/api.w.org\/{rel}","templated":true}]}}