{"id":2817,"date":"2024-09-27T17:41:57","date_gmt":"2024-09-27T14:41:57","guid":{"rendered":"https:\/\/erayman.com\/en\/product\/duz-kontrol-balonu-besh-tipi\/"},"modified":"2024-10-16T01:48:07","modified_gmt":"2024-10-15T22:48:07","slug":"flat-control-balloon-besh-type","status":"publish","type":"product","link":"https:\/\/erayman.com\/en\/product\/flat-control-balloon-besh-type\/","title":{"rendered":"FLAT CONTROL BALLOON \u201cBESH\u201d TYPE"},"content":{"rendered":"","protected":false},"excerpt":{"rendered":"<div class=\"product-short-description\">\n<table class=\" alignleft aligncenter\" style=\"height: 167px; width: 110%; border-color: #000000; border-style: solid;\" border=\"0\" cellspacing=\"0\" cellpadding=\"0\">\n<tbody>\n<tr style=\"height: 39px;\">\n<td style=\"border-style: solid; border-color: #000000; background-color: #f0eded; width: 1.06157%; height: 10px; text-align: center;\"><span style=\"color: #000000;\"><strong>#<\/strong><\/span><\/td>\n<td style=\"border-style: solid; border-color: #000000; background-color: #f0eded; width: 16.6021%; height: 10px; text-align: center;\"><span style=\"color: #000000; font-size: 100%;\"><strong>KOD<\/strong><\/span><\/td>\n<td style=\"border-style: solid; border-color: #000000; background-color: #f0eded; width: 6.71772%; height: 10px; text-align: center;\"><span style=\"color: #000000; font-size: 100%;\"><strong>BOY<\/strong><\/span><\/td>\n<td style=\"border-style: solid; border-color: #000000; background-color: #f0eded; width: 9.54419%; height: 10px; text-align: center;\"><span style=\"color: #000000; font-size: 100%;\"><strong>DI\u015e \u00d8<\/strong><\/span><\/td>\n<td style=\"border-style: solid; border-color: #000000; background-color: #f0eded; width: 10.0812%; height: 10px; text-align: center;\"><span style=\"color: #000000; font-size: 100%;\"><strong>KALINLIK<\/strong><\/span><\/td>\n<td style=\"border-style: solid; border-color: #000000; background-color: #f0eded; width: 11.536%; height: 10px; text-align: center;\"><span style=\"color: #000000; font-size: 100%;\"><strong>SHORE&nbsp;<\/strong><\/span><\/td>\n<td style=\"border-style: solid; border-color: #000000; background-color: #f0eded; width: 25.5655%; height: 10px; text-align: center;\"><span style=\"color: #000000; font-size: 100%;\"><strong>Y\u00dcZEY<\/strong><\/span><\/td>\n<td style=\"border-style: solid; border-color: #000000; background-color: #f0eded; width: 26.0104%; height: 10px; text-align: center;\"><span style=\"color: #000000; font-size: 100%;\"><strong>RENK<\/strong><\/span><\/td>\n<\/tr>\n<tr style=\"height: 21px;\">\n<td style=\"border-style: solid; border-color: #000000; width: 1.06157%; height: 21px; text-align: center;\"><span style=\"color: #000000;\"><strong><span style=\"font-size: 100%;\">1<\/span><\/strong><\/span><\/td>\n<td style=\"border-style: solid; border-color: #000000; width: 16.6021%; height: 21px; text-align: left;\"><span style=\"color: #000000;\">BKMCH57M<\/span><\/td>\n<td style=\"border-style: solid; border-color: #000000; width: 6.71772%; height: 21px; text-align: center;\"><span style=\"color: #000000; font-size: 100%;\">57<\/span><\/td>\n<td style=\"border-style: solid; border-color: #000000; width: 9.54419%; height: 21px; text-align: center;\"><span style=\"color: #000000; font-size: 100%;\">30<\/span><\/td>\n<td style=\"border-style: solid; border-color: #000000; width: 10.0812%; height: 21px; text-align: center;\"><span style=\"color: #000000; font-size: 100%;\">1.40<\/span><\/td>\n<td style=\"border-style: solid; border-color: #000000; width: 11.536%; height: 21px; text-align: center;\"><span style=\"color: #000000; font-size: 100%;\">75\u00b0<\/span><\/td>\n<td style=\"border-style: solid; border-color: #000000; width: 25.5655%; height: 21px; background-color: #fcfcfc; text-align: left;\"><span style=\"color: #000000; font-size: 100%;\">KLORLU Y\u00dcZEY<\/span><\/td>\n<td style=\"border-style: solid; border-color: #000000; width: 26.0104%; background-color: #4a3218; height: 21px; text-align: center;\"><span style=\"color: #fcfcfc; font-size: 100%;\">KAHVERENG\u0130<br \/>\n<\/span><\/td>\n<\/tr>\n<tr style=\"height: 21px;\">\n<td style=\"border-style: solid; border-color: #000000; width: 1.06157%; height: 21px; text-align: center;\"><span style=\"color: #000000;\"><strong><span style=\"font-size: 100%;\">2<\/span><\/strong><\/span><\/td>\n<td style=\"border-style: solid; border-color: #000000; width: 16.6021%; height: 21px; text-align: left;\"><span style=\"color: #000000;\">BKMCH57M-S<\/span><\/td>\n<td style=\"border-style: solid; border-color: #000000; width: 6.71772%; height: 21px; text-align: center;\"><span style=\"color: #000000; font-size: 100%;\">57<\/span><\/td>\n<td style=\"border-style: solid; border-color: #000000; width: 9.54419%; height: 21px; text-align: center;\"><span style=\"color: #000000; font-size: 100%;\">30<\/span><\/td>\n<td style=\"border-style: solid; border-color: #000000; width: 10.0812%; height: 21px; text-align: center;\"><span style=\"color: #000000; font-size: 100%;\">1.40<\/span><\/td>\n<td style=\"border-style: solid; border-color: #000000; width: 11.536%; height: 21px; text-align: center;\"><span style=\"color: #000000; font-size: 100%;\">63\u00b0<\/span><\/td>\n<td style=\"border-style: solid; border-color: #000000; width: 25.5655%; height: 21px; background-color: #fcfcfc; text-align: left;\"><span style=\"color: #000000; font-size: 100%;\">KLORLU Y\u00dcZEY<\/span><\/td>\n<td style=\"border-style: solid; border-color: #000000; width: 26.0104%; background-color: #4a3218; height: 21px; text-align: center;\"><span style=\"color: #fcfcfc; font-size: 100%;\">KAHVERENG\u0130<br \/>\n<\/span><\/td>\n<\/tr>\n<tr style=\"height: 21px;\">\n<td style=\"border-style: solid; border-color: #000000; width: 1.06157%; height: 21px; text-align: center;\"><span style=\"color: #000000;\"><strong><span style=\"font-size: 100%;\">3<\/span><\/strong><\/span><\/td>\n<td style=\"border-style: solid; border-color: #000000; width: 16.6021%; height: 21px; text-align: left;\"><span style=\"color: #000000;\">BKMCH57V<\/span><\/td>\n<td style=\"border-style: solid; border-color: #000000; width: 6.71772%; height: 21px; text-align: center;\"><span style=\"color: #000000; font-size: 100%;\">57<\/span><\/td>\n<td style=\"border-style: solid; border-color: #000000; width: 9.54419%; height: 21px; text-align: center;\"><span style=\"color: #000000; font-size: 100%;\">30<\/span><\/td>\n<td style=\"border-style: solid; border-color: #000000; width: 10.0812%; height: 21px; text-align: center;\"><span style=\"color: #000000; font-size: 100%;\">1.60<\/span><\/td>\n<td style=\"border-style: solid; border-color: #000000; width: 11.536%; height: 21px; text-align: center;\"><span style=\"color: #000000; font-size: 100%;\">75\u00b0<\/span><\/td>\n<td style=\"border-style: solid; border-color: #000000; width: 25.5655%; height: 21px; background-color: #fcfcfc; text-align: left;\"><span style=\"color: #000000; font-size: 100%;\">KLORLU Y\u00dcZEY<\/span><\/td>\n<td style=\"border-style: solid; border-color: #000000; width: 26.0104%; background-color: #b1b579; height: 21px; text-align: center;\"><span style=\"color: #fcfcfc; font-size: 100%;\">YE\u015e\u0130L<\/span><\/td>\n<\/tr>\n<tr style=\"height: 21px;\">\n<td style=\"border-style: solid; border-color: #000000; width: 1.06157%; height: 21px; text-align: center;\"><span style=\"color: #000000;\"><strong><span style=\"font-size: 100%;\">4<\/span><\/strong><\/span><\/td>\n<td style=\"border-style: solid; border-color: #000000; width: 16.6021%; height: 21px; text-align: left;\"><span style=\"color: #000000;\">BKMCH57V-S<\/span><\/td>\n<td style=\"border-style: solid; border-color: #000000; width: 6.71772%; height: 21px; text-align: center;\"><span style=\"color: #000000; font-size: 100%;\">57<\/span><\/td>\n<td style=\"border-style: solid; border-color: #000000; width: 9.54419%; height: 21px; text-align: center;\"><span style=\"color: #000000; font-size: 100%;\">30<\/span><\/td>\n<td style=\"border-style: solid; border-color: #000000; width: 10.0812%; height: 21px; text-align: center;\"><span style=\"color: #000000; font-size: 100%;\">1.60<\/span><\/td>\n<td style=\"border-style: solid; border-color: #000000; width: 11.536%; height: 21px; text-align: center;\"><span style=\"color: #000000; font-size: 100%;\">63\u00b0<\/span><\/td>\n<td style=\"border-style: solid; border-color: #000000; width: 25.5655%; height: 21px; background-color: #fcfcfc; text-align: left;\"><span style=\"color: #000000; font-size: 100%;\">KLORLU Y\u00dcZEY<\/span><\/td>\n<td style=\"border-style: solid; border-color: #000000; width: 26.0104%; background-color: #b1b579; height: 21px; text-align: center;\"><span style=\"color: #fcfcfc; font-size: 100%;\">YE\u015e\u0130L<\/span><\/td>\n<\/tr>\n<tr style=\"height: 21px;\">\n<td style=\"border-style: solid; border-color: #000000; width: 1.06157%; height: 21px; text-align: center;\"><span style=\"color: #000000;\"><strong><span style=\"font-size: 100%;\">5<\/span><\/strong><\/span><\/td>\n<td style=\"border-style: solid; border-color: #000000; width: 16.6021%; height: 21px; text-align: left;\"><span style=\"color: #000000;\">BKMIP57M<\/span><\/td>\n<td style=\"border-style: solid; border-color: #000000; width: 6.71772%; height: 21px; text-align: center;\"><span style=\"color: #000000; font-size: 100%;\">57<\/span><\/td>\n<td style=\"border-style: solid; border-color: #000000; width: 9.54419%; height: 21px; text-align: center;\"><span style=\"color: #000000; font-size: 100%;\">30<\/span><\/td>\n<td style=\"border-style: solid; border-color: #000000; width: 10.0812%; height: 21px; text-align: center;\"><span style=\"color: #000000; font-size: 100%;\">1.40<\/span><\/td>\n<td style=\"border-style: solid; border-color: #000000; width: 11.536%; height: 21px; text-align: center;\"><span style=\"color: #000000; font-size: 100%;\">75\u00b0<\/span><\/td>\n<td style=\"border-style: solid; border-color: #000000; width: 25.5655%; height: 21px; background-color: #fcfcfc; text-align: left;\"><span style=\"color: #000000; font-size: 100%;\">FIR\u00c7ALANMI\u015e Y\u00dcZEY<\/span><\/td>\n<td style=\"border-style: solid; border-color: #000000; width: 26.0104%; background-color: #4a3218; height: 21px; text-align: center;\"><span style=\"color: #fcfcfc; font-size: 100%;\">KAHVERENG\u0130<br \/>\n<\/span><\/td>\n<\/tr>\n<tr style=\"height: 21px;\">\n<td style=\"border-style: solid; border-color: #000000; width: 1.06157%; height: 10px; text-align: center;\"><span style=\"color: #000000;\"><strong><span style=\"font-size: 100%;\">6<\/span><\/strong><\/span><\/td>\n<td style=\"border-style: solid; border-color: #000000; width: 16.6021%; height: 10px; text-align: left;\"><span style=\"color: #000000;\">BKMIP57V<\/span><\/td>\n<td style=\"border-style: solid; border-color: #000000; width: 6.71772%; height: 10px; text-align: center;\"><span style=\"color: #000000; font-size: 100%;\">57<\/span><\/td>\n<td style=\"border-style: solid; border-color: #000000; width: 9.54419%; height: 10px; text-align: center;\"><span style=\"color: #000000; font-size: 100%;\">30<\/span><\/td>\n<td style=\"border-style: solid; border-color: #000000; width: 10.0812%; height: 10px; text-align: center;\"><span style=\"color: #000000; font-size: 100%;\">1.60<\/span><\/td>\n<td style=\"border-style: solid; border-color: #000000; width: 11.536%; height: 10px; text-align: center;\"><span style=\"color: #000000; font-size: 100%;\">75\u00b0<\/span><\/td>\n<td style=\"border-style: solid; border-color: #000000; width: 25.5655%; height: 10px; background-color: #fcfcfc; text-align: left;\"><span style=\"color: #000000; font-size: 100%;\">FIR\u00c7ALANMI\u015e Y\u00dcZEY<\/span><\/td>\n<td style=\"border-style: solid; border-color: #000000; width: 26.0104%; background-color: #b1b579; height: 10px; text-align: center;\"><span style=\"color: #fcfcfc; font-size: 100%;\">YE\u015e\u0130L<\/span><\/td>\n<\/tr>\n<tr style=\"height: 21px;\">\n<td style=\"border-style: solid; border-color: #000000; width: 1.06157%; height: 21px; text-align: center;\"><span style=\"color: #000000;\"><strong><span style=\"font-size: 100%;\">7<\/span><\/strong><\/span><\/td>\n<td style=\"border-style: solid; border-color: #000000; width: 16.6021%; height: 21px; text-align: left;\"><span style=\"color: #000000;\">BKMON57M<\/span><\/td>\n<td style=\"border-style: solid; border-color: #000000; width: 6.71772%; height: 21px; text-align: center;\"><span style=\"color: #000000; font-size: 100%;\">57<\/span><\/td>\n<td style=\"border-style: solid; border-color: #000000; width: 9.54419%; height: 21px; text-align: center;\"><span style=\"color: #000000; font-size: 100%;\">30<\/span><\/td>\n<td style=\"border-style: solid; border-color: #000000; width: 10.0812%; height: 21px; text-align: center;\"><span style=\"color: #000000; font-size: 100%;\">1.55<\/span><\/td>\n<td style=\"border-style: solid; border-color: #000000; width: 11.536%; height: 21px; text-align: center;\"><span style=\"color: #000000; font-size: 100%;\">65\u00b0<\/span><\/td>\n<td style=\"border-style: solid; border-color: #000000; width: 25.5655%; height: 21px; background-color: #fcfcfc; text-align: left;\"><span style=\"color: #000000; font-size: 100%;\">P\u00dcR\u00dcZS\u00dcZ Y\u00dcZEY<\/span><\/td>\n<td style=\"border-style: solid; border-color: #000000; width: 26.0104%; background-color: #4a3218; height: 21px; text-align: center;\"><span style=\"color: #fcfcfc; font-size: 100%;\">KAHVERENG\u0130<br \/>\n<\/span><\/td>\n<\/tr>\n<tr style=\"height: 21px;\">\n<td style=\"border-style: solid; border-color: #000000; width: 1.06157%; height: 21px; text-align: center;\"><span style=\"color: #000000;\"><strong><span style=\"font-size: 100%;\">8<\/span><\/strong><\/span><\/td>\n<td style=\"border-style: solid; border-color: #000000; width: 16.6021%; height: 21px; text-align: left;\"><span style=\"color: #000000;\">BKMON57V<\/span><\/td>\n<td style=\"border-style: solid; border-color: #000000; width: 6.71772%; height: 21px; text-align: center;\"><span style=\"color: #000000; font-size: 100%;\">57<\/span><\/td>\n<td style=\"border-style: solid; border-color: #000000; width: 9.54419%; height: 21px; text-align: center;\"><span style=\"color: #000000; font-size: 100%;\">30<\/span><\/td>\n<td style=\"border-style: solid; border-color: #000000; width: 10.0812%; height: 21px; text-align: center;\"><span style=\"color: #000000; font-size: 100%;\">1.70<\/span><\/td>\n<td style=\"border-style: solid; border-color: #000000; width: 11.536%; height: 21px; text-align: center;\"><span style=\"color: #000000; font-size: 100%;\">65\u00b0<\/span><\/td>\n<td style=\"border-style: solid; border-color: #000000; width: 25.5655%; height: 21px; background-color: #fcfcfc; text-align: left;\"><span style=\"color: #000000; font-size: 100%;\">P\u00dcR\u00dcZS\u00dcZ Y\u00dcZEY<\/span><\/td>\n<td style=\"border-style: solid; border-color: #000000; width: 26.0104%; background-color: #b1b579; height: 21px; text-align: center;\"><span style=\"color: #fcfcfc; font-size: 100%;\">YE\u015e\u0130L<\/span><\/td>\n<\/tr>\n<\/tbody>\n<\/table>\n<\/div>\n","protected":false},"featured_media":2818,"comment_status":"closed","ping_status":"closed","template":"","meta":[],"product_cat":[278,275],"product_tag":[],"class_list":{"0":"post-2817","1":"product","2":"type-product","3":"status-publish","4":"has-post-thumbnail","6":"product_cat-control-balloons-bottle-aprons","7":"product_cat-other-textile-machine-parts","9":"first","10":"instock","11":"shipping-taxable","12":"product-type-simple"},"aioseo_notices":[],"_links":{"self":[{"href":"https:\/\/erayman.com\/en\/wp-json\/wp\/v2\/product\/2817"}],"collection":[{"href":"https:\/\/erayman.com\/en\/wp-json\/wp\/v2\/product"}],"about":[{"href":"https:\/\/erayman.com\/en\/wp-json\/wp\/v2\/types\/product"}],"replies":[{"embeddable":true,"href":"https:\/\/erayman.com\/en\/wp-json\/wp\/v2\/comments?post=2817"}],"wp:featuredmedia":[{"embeddable":true,"href":"https:\/\/erayman.com\/en\/wp-json\/wp\/v2\/media\/2818"}],"wp:attachment":[{"href":"https:\/\/erayman.com\/en\/wp-json\/wp\/v2\/media?parent=2817"}],"wp:term":[{"taxonomy":"product_cat","embeddable":true,"href":"https:\/\/erayman.com\/en\/wp-json\/wp\/v2\/product_cat?post=2817"},{"taxonomy":"product_tag","embeddable":true,"href":"https:\/\/erayman.com\/en\/wp-json\/wp\/v2\/product_tag?post=2817"}],"curies":[{"name":"wp","href":"https:\/\/api.w.org\/{rel}","templated":true}]}}