{"id":2801,"date":"2024-09-27T18:05:27","date_gmt":"2024-09-27T15:05:27","guid":{"rendered":"https:\/\/erayman.com\/en\/product\/sonil-iplikler-icin-neon-gold-guc-un\/"},"modified":"2024-10-16T01:47:08","modified_gmt":"2024-10-15T22:47:08","slug":"neon-gold-for-chhenille-yarns-guc-un","status":"publish","type":"product","link":"https:\/\/erayman.com\/en\/product\/neon-gold-for-chhenille-yarns-guc-un\/","title":{"rendered":"NEON GOLD FOR CHHENILLE YARNS \u2013 G\u00dc\u00c7 \u00dcN"},"content":{"rendered":"","protected":false},"excerpt":{"rendered":"<tbody>\n<tr style=\"height: 20px;\">\n<td style=\"width: 100%; border-style: solid; border-color: #000000; background-color: #c2c2c2; height: 20px; text-align: center; vertical-align: middle;\" scope=\"row\"><span style=\"color: #000000; font-size: 100%;\"><strong>\u00d6ZELL\u0130KLER<\/strong><\/span><\/td>\n<\/tr>\n<tr>\n<td style=\"width: 100%; border-style: solid; border-color: #000000; vertical-align: middle; text-align: left;\"><span style=\"color: #000000; font-size: 100%;\">&nbsp;<strong>*<\/strong> 6 SENS\u00d6RE KADAR BA\u011eLAMA KAPAS\u0130TES\u0130<\/span><\/td>\n<\/tr>\n<tr style=\"height: 20px;\">\n<td style=\"width: 100%; border-style: solid; border-color: #000000; vertical-align: middle; height: 20px; text-align: left;\" scope=\"row\"><span style=\"color: #000000; font-size: 100%;\">&nbsp;<strong>*<\/strong> AYDINLATMALI EKRAN<\/span><\/td>\n<\/tr>\n<tr style=\"height: 20px;\">\n<td style=\"width: 100%; border-style: solid; border-color: #000000; vertical-align: middle; height: 20px; text-align: left;\" scope=\"row\"><span style=\"color: #000000; font-size: 100%;\">&nbsp;<strong>*<\/strong> \u0130NCE \/ KALIN HASSAS\u0130YET VE HATA BOYU D\u0130J\u0130TAL OLARAK G\u00d6RME<\/span><\/td>\n<\/tr>\n<tr style=\"height: 20px;\">\n<td style=\"width: 100%; border-style: solid; border-color: #000000; vertical-align: middle; height: 20px; text-align: left;\" scope=\"row\"><span style=\"color: #000000; font-size: 100%;\">&nbsp;<strong>*<\/strong> POTANS\u0130YOMETRE \u0130LE DE\u011eER G\u0130R\u0130LMES\u0130<\/span><\/td>\n<\/tr>\n<tr style=\"height: 20px;\">\n<td style=\"width: 100%; border-style: solid; border-color: #000000; vertical-align: middle; height: 20px; text-align: left;\" scope=\"row\"><span style=\"color: #000000; font-size: 100%;\">&nbsp;<strong>*<\/strong> VAR\u0130ST\u00d6RL\u00dc VOLTAJ KORUMASI<\/span><\/td>\n<\/tr>\n<tr style=\"height: 20px;\">\n<td style=\"width: 100%; border-style: solid; border-color: #000000; vertical-align: middle; height: 21px; text-align: left;\" scope=\"row\"><span style=\"color: #000000; font-size: 100%;\">&nbsp;<strong>*<\/strong> K\u0130L\u0130TL\u0130 \u00d6N KAPAK<\/span><\/td>\n<\/tr>\n<\/tbody>\n","protected":false},"featured_media":2802,"comment_status":"closed","ping_status":"closed","template":"","meta":[],"product_cat":[274],"product_tag":[],"class_list":{"0":"post-2801","1":"product","2":"type-product","3":"status-publish","4":"has-post-thumbnail","6":"product_cat-yarn-quality-control-sensor","8":"first","9":"instock","10":"shipping-taxable","11":"product-type-simple"},"aioseo_notices":[],"_links":{"self":[{"href":"https:\/\/erayman.com\/en\/wp-json\/wp\/v2\/product\/2801"}],"collection":[{"href":"https:\/\/erayman.com\/en\/wp-json\/wp\/v2\/product"}],"about":[{"href":"https:\/\/erayman.com\/en\/wp-json\/wp\/v2\/types\/product"}],"replies":[{"embeddable":true,"href":"https:\/\/erayman.com\/en\/wp-json\/wp\/v2\/comments?post=2801"}],"wp:featuredmedia":[{"embeddable":true,"href":"https:\/\/erayman.com\/en\/wp-json\/wp\/v2\/media\/2802"}],"wp:attachment":[{"href":"https:\/\/erayman.com\/en\/wp-json\/wp\/v2\/media?parent=2801"}],"wp:term":[{"taxonomy":"product_cat","embeddable":true,"href":"https:\/\/erayman.com\/en\/wp-json\/wp\/v2\/product_cat?post=2801"},{"taxonomy":"product_tag","embeddable":true,"href":"https:\/\/erayman.com\/en\/wp-json\/wp\/v2\/product_tag?post=2801"}],"curies":[{"name":"wp","href":"https:\/\/api.w.org\/{rel}","templated":true}]}}