{"id":2799,"date":"2024-09-27T18:06:59","date_gmt":"2024-09-27T15:06:59","guid":{"rendered":"https:\/\/erayman.com\/en\/product\/fantazi-iplikler-icin-neon-silver-programlama-el-unitesi\/"},"modified":"2024-10-16T01:46:58","modified_gmt":"2024-10-15T22:46:58","slug":"neon-silver-for-fancy-yarns-programming-hand-unit","status":"publish","type":"product","link":"https:\/\/erayman.com\/en\/product\/neon-silver-for-fancy-yarns-programming-hand-unit\/","title":{"rendered":"NEON SILVER FOR Fancy YARNS \u2013 PROGRAMMING HAND UNIT"},"content":{"rendered":"","protected":false},"excerpt":{"rendered":"<div class=\"product-short-description\">\n<table class=\" aligncenter alignleft\" style=\"height: 121px; width: 106.463%; border-collapse: collapse;\">\n<tbody>\n<tr style=\"height: 20px;\">\n<td style=\"width: 100%; border-style: solid; border-color: #000000; background-color: #c2c2c2; height: 20px; text-align: center; vertical-align: middle;\" scope=\"row\"><span style=\"color: #000000; font-size: 100%;\"><strong>\u00d6ZELL\u0130KLER<\/strong><\/span><\/td>\n<\/tr>\n<tr style=\"height: 20px;\">\n<td style=\"width: 100%; border-style: solid; border-color: #000000; vertical-align: middle; height: 20px; text-align: left;\" scope=\"row\"><span style=\"color: #000000; font-size: 100%;\">&nbsp;<strong>*<\/strong> 48 SENS\u00d6RE KADAR BA\u011eLAMA KAPAS\u0130TES\u0130<\/span><\/td>\n<\/tr>\n<tr style=\"height: 20px;\">\n<td style=\"width: 100%; border-style: solid; border-color: #000000; vertical-align: middle; height: 20px; text-align: left;\" scope=\"row\"><span style=\"color: #000000; font-size: 100%;\">&nbsp;<strong>*<\/strong> AYDINLATMALI D\u0130J\u0130TAL EKRAN<\/span><\/td>\n<\/tr>\n<tr>\n<td style=\"width: 100%; border-style: solid; border-color: #000000; vertical-align: middle; text-align: left;\"><span style=\"color: #000000; font-size: 100%;\">&nbsp;<strong>*<\/strong> \u0130NCE \/ KALIN HASSAS\u0130YET VE HATA BOYU DE\u011eER G\u0130R\u0130\u015e\u0130<\/span><\/td>\n<\/tr>\n<tr>\n<td style=\"width: 100%; border-style: solid; border-color: #000000; vertical-align: middle; text-align: left;\"><span style=\"color: #000000; font-size: 100%;\">&nbsp;<strong>*<\/strong> \u00c7ALI\u015eILAN \u0130PL\u0130\u011e\u0130N KAL\u0130BRE DE\u011eER G\u0130R\u0130\u015e\u0130&nbsp;<\/span><\/td>\n<\/tr>\n<tr>\n<td style=\"width: 100%; border-style: solid; border-color: #000000; vertical-align: middle; text-align: left;\"><span style=\"color: #000000; font-size: 100%;\">&nbsp;<strong>*<\/strong> METRE \/ DAK\u0130KA MAK\u0130NE HIZI G\u0130R\u0130\u015e\u0130<\/span><\/td>\n<\/tr>\n<tr>\n<td style=\"width: 100%; border-style: solid; border-color: #000000; vertical-align: middle; text-align: left;\"><span style=\"color: #000000; font-size: 100%;\">&nbsp;<strong>*<\/strong> EKRANDA HATA \u0130STAT\u0130ST\u0130K TABLOSU G\u00d6REB\u0130LME<\/span><\/td>\n<\/tr>\n<tr>\n<td style=\"width: 100%; border-style: solid; border-color: #000000; vertical-align: middle; text-align: left;\"><span style=\"color: #000000; font-size: 100%;\">&nbsp;<strong>*<\/strong> EKRAN K\u0130L\u0130TLEME<\/span><\/td>\n<\/tr>\n<tr>\n<td style=\"width: 100%; border-style: solid; border-color: #000000; vertical-align: middle; text-align: left;\"><span style=\"color: #000000; font-size: 100%;\">&nbsp;<strong>*<\/strong> METRE \/ FEET SE\u00c7EB\u0130LME \u0130MKANI<\/span><\/td>\n<\/tr>\n<tr>\n<td style=\"width: 100%; border-style: solid; border-color: #000000; vertical-align: middle; text-align: left;\"><span style=\"color: #000000; font-size: 100%;\">&nbsp;<strong>*<\/strong> OTOMAT\u0130K YADA ELLE PROGRAMLAMA<\/span><\/td>\n<\/tr>\n<tr style=\"height: 20px;\">\n<td style=\"width: 100%; border-style: solid; border-color: #000000; vertical-align: middle; height: 20px; text-align: left;\" scope=\"row\"><span style=\"color: #000000; font-size: 100%;\">&nbsp;<strong>*<\/strong> SP\u0130RAL KABLO BA\u011eLANTISI<\/span><\/td>\n<\/tr>\n<\/tbody>\n<\/table>\n<\/div>\n","protected":false},"featured_media":2800,"comment_status":"closed","ping_status":"closed","template":"","meta":[],"product_cat":[274],"product_tag":[],"class_list":{"0":"post-2799","1":"product","2":"type-product","3":"status-publish","4":"has-post-thumbnail","6":"product_cat-yarn-quality-control-sensor","8":"first","9":"instock","10":"shipping-taxable","11":"product-type-simple"},"aioseo_notices":[],"_links":{"self":[{"href":"https:\/\/erayman.com\/en\/wp-json\/wp\/v2\/product\/2799"}],"collection":[{"href":"https:\/\/erayman.com\/en\/wp-json\/wp\/v2\/product"}],"about":[{"href":"https:\/\/erayman.com\/en\/wp-json\/wp\/v2\/types\/product"}],"replies":[{"embeddable":true,"href":"https:\/\/erayman.com\/en\/wp-json\/wp\/v2\/comments?post=2799"}],"wp:featuredmedia":[{"embeddable":true,"href":"https:\/\/erayman.com\/en\/wp-json\/wp\/v2\/media\/2800"}],"wp:attachment":[{"href":"https:\/\/erayman.com\/en\/wp-json\/wp\/v2\/media?parent=2799"}],"wp:term":[{"taxonomy":"product_cat","embeddable":true,"href":"https:\/\/erayman.com\/en\/wp-json\/wp\/v2\/product_cat?post=2799"},{"taxonomy":"product_tag","embeddable":true,"href":"https:\/\/erayman.com\/en\/wp-json\/wp\/v2\/product_tag?post=2799"}],"curies":[{"name":"wp","href":"https:\/\/api.w.org\/{rel}","templated":true}]}}