{"id":2797,"date":"2024-09-27T18:19:37","date_gmt":"2024-09-27T15:19:37","guid":{"rendered":"https:\/\/erayman.com\/en\/product\/fantazi-iplikler-icin-neon-silver-guc-unitesi\/"},"modified":"2024-10-16T01:46:47","modified_gmt":"2024-10-15T22:46:47","slug":"neon-silver-power-pack-for-fantasy-yarns","status":"publish","type":"product","link":"https:\/\/erayman.com\/en\/product\/neon-silver-power-pack-for-fantasy-yarns\/","title":{"rendered":"NEON SILVER \u2013 POWER PACK FOR FANTASY YARNS"},"content":{"rendered":"","protected":false},"excerpt":{"rendered":"<tbody>\n<tr style=\"height: 20px;\">\n<td style=\"width: 100%; border-style: solid; border-color: #000000; background-color: #c2c2c2; height: 20px; text-align: center; vertical-align: middle;\" scope=\"row\"><span style=\"color: #000000; font-size: 100%;\"><strong>\u00d6ZELL\u0130KLER<\/strong><\/span><\/td>\n<\/tr>\n<tr style=\"height: 20px;\">\n<td style=\"width: 100%; border-style: solid; border-color: #000000; vertical-align: middle; height: 20px; text-align: left;\" scope=\"row\"><span style=\"color: #000000; font-size: 100%;\">&nbsp;<strong>*<\/strong> 48 SENS\u00d6RE KADAR BA\u011eLAMA KAPAS\u0130TES\u0130<\/span><\/td>\n<\/tr>\n<tr style=\"height: 20px;\">\n<td style=\"width: 100%; border-style: solid; border-color: #000000; vertical-align: middle; height: 20px; text-align: left;\" scope=\"row\"><span style=\"color: #000000; font-size: 100%;\">&nbsp;<strong>*<\/strong> VAR\u0130ST\u00d6RL\u00dc VOLTAJ KORUMASI<\/span><\/td>\n<\/tr>\n<tr style=\"height: 20px;\">\n<td style=\"width: 100%; border-style: solid; border-color: #000000; vertical-align: middle; height: 20px; text-align: left;\" scope=\"row\"><span style=\"color: #000000; font-size: 100%;\">&nbsp;<strong>*<\/strong> 110 VEYA 220 VOLTAJA AYARLAYAB\u0130LME&nbsp;<\/span><\/td>\n<\/tr>\n<\/tbody>\n","protected":false},"featured_media":2798,"comment_status":"closed","ping_status":"closed","template":"","meta":[],"product_cat":[274],"product_tag":[],"class_list":{"0":"post-2797","1":"product","2":"type-product","3":"status-publish","4":"has-post-thumbnail","6":"product_cat-yarn-quality-control-sensor","8":"first","9":"instock","10":"shipping-taxable","11":"product-type-simple"},"aioseo_notices":[],"_links":{"self":[{"href":"https:\/\/erayman.com\/en\/wp-json\/wp\/v2\/product\/2797"}],"collection":[{"href":"https:\/\/erayman.com\/en\/wp-json\/wp\/v2\/product"}],"about":[{"href":"https:\/\/erayman.com\/en\/wp-json\/wp\/v2\/types\/product"}],"replies":[{"embeddable":true,"href":"https:\/\/erayman.com\/en\/wp-json\/wp\/v2\/comments?post=2797"}],"wp:featuredmedia":[{"embeddable":true,"href":"https:\/\/erayman.com\/en\/wp-json\/wp\/v2\/media\/2798"}],"wp:attachment":[{"href":"https:\/\/erayman.com\/en\/wp-json\/wp\/v2\/media?parent=2797"}],"wp:term":[{"taxonomy":"product_cat","embeddable":true,"href":"https:\/\/erayman.com\/en\/wp-json\/wp\/v2\/product_cat?post=2797"},{"taxonomy":"product_tag","embeddable":true,"href":"https:\/\/erayman.com\/en\/wp-json\/wp\/v2\/product_tag?post=2797"}],"curies":[{"name":"wp","href":"https:\/\/api.w.org\/{rel}","templated":true}]}}