{"id":2789,"date":"2024-09-29T16:05:26","date_gmt":"2024-09-29T13:05:26","guid":{"rendered":"https:\/\/erayman.com\/en\/product\/driver-iplik-surucusu\/"},"modified":"2024-10-16T01:46:09","modified_gmt":"2024-10-15T22:46:09","slug":"driver-yarn-drive","status":"publish","type":"product","link":"https:\/\/erayman.com\/en\/product\/driver-yarn-drive\/","title":{"rendered":"DRIVER \u2013 YARN DRIVE"},"content":{"rendered":"","protected":false},"excerpt":{"rendered":"<div class=\"product-short-description\">\n<table style=\"border-collapse: collapse;width: 93.4875%;height: 360px\">\n<tbody>\n<tr style=\"height: 20px\">\n<td style=\"width: 6.66853%;border-style: solid;border-color: #000000;background-color: #e3e1e1;text-align: center;height: 20px\"><span style=\"font-size: 100%;color: #000000\"><strong>#<\/strong><\/span><\/td>\n<td style=\"width: 26.2171%;border-style: solid;border-color: #000000;background-color: #e3e1e1;height: 20px;text-align: center\"><span style=\"font-size: 100%;color: #000000\"><strong>T = KALINLIK<\/strong><\/span><\/td>\n<td style=\"width: 32.2041%;border-style: solid;border-color: #000000;background-color: #e3e1e1;height: 20px;text-align: center\"><span style=\"font-size: 100%;color: #000000\"><strong>D\u0130\u015e<\/strong><\/span><\/td>\n<td style=\"width: 21.7148%;border-style: solid;border-color: #000000;background-color: #e3e1e1;height: 20px;text-align: center\"><span style=\"font-size: 100%;color: #000000\"><strong>d = DEL\u0130K<\/strong><\/span><\/td>\n<td style=\"width: 17.6887%;border-style: solid;border-color: #000000;background-color: #e3e1e1;height: 20px;text-align: center\"><span style=\"font-size: 100%;color: #000000\"><strong>\u00c7EL\u0130K<\/strong><\/span><\/td>\n<\/tr>\n<tr style=\"height: 20px\">\n<td style=\"width: 6.66853%;height: 20px;border-style: solid;border-color: #000000;text-align: center\"><span style=\"color: #000000\"><strong>1<\/strong><\/span><\/td>\n<td style=\"width: 26.2171%;height: 20px;border-style: solid;border-color: #000000;text-align: center\"><span style=\"font-size: 100%;color: #000000\">2.0mm<\/span><\/td>\n<td style=\"width: 32.2041%;height: 20px;border-style: solid;border-color: #000000;text-align: center\"><span style=\"font-size: 100%;color: #000000\">Orta, \u00d6zel<\/span><\/td>\n<td style=\"width: 21.7148%;height: 20px;border-style: solid;border-color: #000000;text-align: center\"><span style=\"font-size: 100%;color: #000000\">6mm, 8mm<\/span><\/td>\n<td style=\"width: 17.6887%;height: 20px;border-style: solid;border-color: #000000;text-align: center\"><span style=\"font-size: 100%;color: #000000\">F<\/span><\/td>\n<\/tr>\n<tr style=\"height: 20px\">\n<td style=\"width: 6.66853%;height: 20px;border-style: solid;border-color: #000000;text-align: center\"><span style=\"color: #000000\"><strong>2<\/strong><\/span><\/td>\n<td style=\"width: 26.2171%;height: 20px;border-style: solid;border-color: #000000;text-align: center\"><span style=\"font-size: 100%;color: #000000\">2.5mm<\/span><\/td>\n<td style=\"width: 32.2041%;height: 20px;border-style: solid;border-color: #000000;text-align: center\"><span style=\"font-size: 100%;color: #000000\">Orta, B\u00fcy\u00fck, \u00d6zel<\/span><\/td>\n<td style=\"width: 21.7148%;height: 20px;border-style: solid;border-color: #000000;text-align: center\"><span style=\"font-size: 100%;color: #000000\">6mm, 8mm<\/span><\/td>\n<td style=\"width: 17.6887%;height: 20px;border-style: solid;border-color: #000000;text-align: center\"><span style=\"font-size: 100%;color: #000000\">F<\/span><\/td>\n<\/tr>\n<tr style=\"height: 20px\">\n<td style=\"width: 6.66853%;height: 20px;border-style: solid;border-color: #000000;text-align: center\"><span style=\"color: #000000\"><strong>3<\/strong><\/span><\/td>\n<td style=\"width: 26.2171%;height: 20px;border-style: solid;border-color: #000000;text-align: center\"><span style=\"font-size: 100%;color: #000000\">3.0mm<\/span><\/td>\n<td style=\"width: 32.2041%;height: 20px;border-style: solid;border-color: #000000;text-align: center\"><span style=\"font-size: 100%;color: #000000\">Orta, B\u00fcy\u00fck, \u00d6zel<\/span><\/td>\n<td style=\"width: 21.7148%;height: 20px;border-style: solid;border-color: #000000;text-align: center\"><span style=\"font-size: 100%;color: #000000\">6mm, 8mm<\/span><\/td>\n<td style=\"width: 17.6887%;height: 20px;border-style: solid;border-color: #000000;text-align: center\"><span style=\"font-size: 100%;color: #000000\">F<\/span><\/td>\n<\/tr>\n<tr style=\"height: 20px\">\n<td style=\"width: 6.66853%;height: 20px;border-style: solid;border-color: #000000;text-align: center\"><span style=\"color: #000000\"><strong>4<\/strong><\/span><\/td>\n<td style=\"width: 26.2171%;height: 20px;border-style: solid;border-color: #000000;text-align: center\"><span style=\"font-size: 100%;color: #000000\">3.5mm<\/span><\/td>\n<td style=\"width: 32.2041%;height: 20px;border-style: solid;border-color: #000000;text-align: center\"><span style=\"font-size: 100%;color: #000000\">Orta, B\u00fcy\u00fck, \u00d6zel<\/span><\/td>\n<td style=\"width: 21.7148%;height: 20px;border-style: solid;border-color: #000000;text-align: center\"><span style=\"font-size: 100%;color: #000000\">6mm, 8mm<\/span><\/td>\n<td style=\"width: 17.6887%;height: 20px;border-style: solid;border-color: #000000;text-align: center\"><span style=\"font-size: 100%;color: #000000\">F<\/span><\/td>\n<\/tr>\n<tr style=\"height: 20px\">\n<td style=\"width: 6.66853%;height: 20px;border-style: solid;border-color: #000000;text-align: center\"><span style=\"color: #000000\"><strong>5<\/strong><\/span><\/td>\n<td style=\"width: 26.2171%;height: 20px;border-style: solid;border-color: #000000;text-align: center\"><span style=\"font-size: 100%;color: #000000\">4.0mm<\/span><\/td>\n<td style=\"width: 32.2041%;height: 20px;border-style: solid;border-color: #000000;text-align: center\"><span style=\"font-size: 100%;color: #000000\">Orta, B\u00fcy\u00fck, \u00d6zel<\/span><\/td>\n<td style=\"width: 21.7148%;height: 20px;border-style: solid;border-color: #000000;text-align: center\"><span style=\"font-size: 100%;color: #000000\">6mm, 8mm<\/span><\/td>\n<td style=\"width: 17.6887%;height: 20px;border-style: solid;border-color: #000000;text-align: center\"><span style=\"font-size: 100%;color: #000000\">F<\/span><\/td>\n<\/tr>\n<tr style=\"height: 20px\">\n<td style=\"width: 6.66853%;height: 20px;border-style: solid;border-color: #000000;text-align: center\"><span style=\"color: #000000\"><strong>6<\/strong><\/span><\/td>\n<td style=\"width: 26.2171%;height: 20px;border-style: solid;border-color: #000000;text-align: center\"><span style=\"font-size: 100%;color: #000000\">4.5mm<\/span><\/td>\n<td style=\"width: 32.2041%;height: 20px;border-style: solid;border-color: #000000;text-align: center\"><span style=\"font-size: 100%;color: #000000\">Orta, B\u00fcy\u00fck, \u00d6zel<\/span><\/td>\n<td style=\"width: 21.7148%;height: 20px;border-style: solid;border-color: #000000;text-align: center\"><span style=\"font-size: 100%;color: #000000\">6mm, 8mm<\/span><\/td>\n<td style=\"width: 17.6887%;height: 20px;border-style: solid;border-color: #000000;text-align: center\"><span style=\"font-size: 100%;color: #000000\">F<\/span><\/td>\n<\/tr>\n<tr style=\"height: 20px\">\n<td style=\"width: 6.66853%;height: 20px;border-style: solid;border-color: #000000;text-align: center\"><span style=\"color: #000000\"><strong>7<\/strong><\/span><\/td>\n<td style=\"width: 26.2171%;height: 20px;border-style: solid;border-color: #000000;text-align: center\"><span style=\"font-size: 100%;color: #000000\">5.5mm<\/span><\/td>\n<td style=\"width: 32.2041%;height: 20px;border-style: solid;border-color: #000000;text-align: center\"><span style=\"font-size: 100%;color: #000000\">Orta, B\u00fcy\u00fck<\/span><\/td>\n<td style=\"width: 21.7148%;height: 20px;border-style: solid;border-color: #000000;text-align: center\"><span style=\"font-size: 100%;color: #000000\">6mm, 8mm<\/span><\/td>\n<td style=\"width: 17.6887%;height: 20px;border-style: solid;border-color: #000000;text-align: center\"><span style=\"font-size: 100%;color: #000000\">F<\/span><\/td>\n<\/tr>\n<tr style=\"height: 20px\">\n<td style=\"width: 6.66853%;height: 20px;border-style: solid;border-color: #000000;text-align: center\"><span style=\"color: #000000\"><strong>8<\/strong><\/span><\/td>\n<td style=\"width: 26.2171%;height: 20px;border-style: solid;border-color: #000000;text-align: center\"><span style=\"font-size: 100%;color: #000000\">6.5mm<\/span><\/td>\n<td style=\"width: 32.2041%;height: 20px;border-style: solid;border-color: #000000;text-align: center\"><span style=\"font-size: 100%;color: #000000\">Orta, B\u00fcy\u00fck<\/span><\/td>\n<td style=\"width: 21.7148%;height: 20px;border-style: solid;border-color: #000000;text-align: center\"><span style=\"font-size: 100%;color: #000000\">6mm, 8mm<\/span><\/td>\n<td style=\"width: 17.6887%;height: 20px;border-style: solid;border-color: #000000;text-align: center\"><span style=\"font-size: 100%;color: #000000\">F<\/span><\/td>\n<\/tr>\n<tr style=\"height: 20px\">\n<td style=\"width: 6.66853%;height: 20px;border-style: solid;border-color: #000000;text-align: center\"><span style=\"color: #000000\"><strong>9<\/strong><\/span><\/td>\n<td style=\"width: 26.2171%;height: 20px;border-style: solid;border-color: #000000;text-align: center\"><span style=\"font-size: 100%;color: #000000\">7.5mm<\/span><\/td>\n<td style=\"width: 32.2041%;height: 20px;border-style: solid;border-color: #000000;text-align: center\"><span style=\"font-size: 100%;color: #000000\">Orta, B\u00fcy\u00fck<\/span><\/td>\n<td style=\"width: 21.7148%;height: 20px;border-style: solid;border-color: #000000;text-align: center\"><span style=\"font-size: 100%;color: #000000\">6mm, 8mm<\/span><\/td>\n<td style=\"width: 17.6887%;height: 20px;border-style: solid;border-color: #000000;text-align: center\"><span style=\"font-size: 100%;color: #000000\">F<\/span><\/td>\n<\/tr>\n<tr style=\"height: 20px\">\n<td style=\"width: 6.66853%;height: 20px;border-style: solid;border-color: #000000;text-align: center\"><span style=\"color: #000000\"><strong>10<\/strong><\/span><\/td>\n<td style=\"width: 26.2171%;height: 20px;border-style: solid;border-color: #000000;text-align: center\"><span style=\"font-size: 100%;color: #000000\">8.5mm<\/span><\/td>\n<td style=\"width: 32.2041%;height: 20px;border-style: solid;border-color: #000000;text-align: center\"><span style=\"font-size: 100%;color: #000000\">Orta, B\u00fcy\u00fck<\/span><\/td>\n<td style=\"width: 21.7148%;height: 20px;border-style: solid;border-color: #000000;text-align: center\"><span style=\"font-size: 100%;color: #000000\">6mm, 8mm<\/span><\/td>\n<td style=\"width: 17.6887%;height: 20px;border-style: solid;border-color: #000000;text-align: center\"><span style=\"font-size: 100%;color: #000000\">F<\/span><\/td>\n<\/tr>\n<tr style=\"height: 20px\">\n<td style=\"width: 6.66853%;height: 20px;border-style: solid;border-color: #000000;text-align: center\"><span style=\"color: #000000\"><strong>11<\/strong><\/span><\/td>\n<td style=\"width: 26.2171%;height: 20px;border-style: solid;border-color: #000000;text-align: center\"><span style=\"font-size: 100%;color: #000000\">9.5mm<\/span><\/td>\n<td style=\"width: 32.2041%;height: 20px;border-style: solid;border-color: #000000;text-align: center\"><span style=\"font-size: 100%;color: #000000\">Orta, B\u00fcy\u00fck<\/span><\/td>\n<td style=\"width: 21.7148%;height: 20px;border-style: solid;border-color: #000000;text-align: center\"><span style=\"font-size: 100%;color: #000000\">6mm, 8mm<\/span><\/td>\n<td style=\"width: 17.6887%;height: 20px;border-style: solid;border-color: #000000;text-align: center\"><span style=\"font-size: 100%;color: #000000\">F<\/span><\/td>\n<\/tr>\n<tr style=\"height: 20px\">\n<td style=\"width: 6.66853%;border-style: solid;border-color: #000000;height: 20px;text-align: center\"><span style=\"color: #000000\"><strong>12<\/strong><\/span><\/td>\n<td style=\"width: 26.2171%;border-style: solid;border-color: #000000;text-align: center;height: 20px\"><span style=\"font-size: 100%;color: #000000\">11.5mm<\/span><\/td>\n<td style=\"width: 32.2041%;border-style: solid;border-color: #000000;text-align: center;height: 20px\"><span style=\"font-size: 100%;color: #000000\">Orta, B\u00fcy\u00fck<\/span><\/td>\n<td style=\"width: 21.7148%;border-style: solid;border-color: #000000;text-align: center;height: 20px\"><span style=\"font-size: 100%;color: #000000\">6mm, 8mm<\/span><\/td>\n<td style=\"width: 17.6887%;border-style: solid;border-color: #000000;text-align: center;height: 20px\"><span style=\"font-size: 100%;color: #000000\">F<\/span><\/td>\n<\/tr>\n<tr style=\"height: 20px\">\n<td style=\"width: 6.66853%;border-style: solid;border-color: #000000;height: 20px;text-align: center\"><span style=\"color: #000000\"><strong>13<\/strong><\/span><\/td>\n<td style=\"width: 26.2171%;border-style: solid;border-color: #000000;text-align: center;height: 20px\"><span style=\"font-size: 100%;color: #000000\">12.0mm<\/span><\/td>\n<td style=\"width: 32.2041%;border-style: solid;border-color: #000000;text-align: center;height: 20px\"><span style=\"font-size: 100%;color: #000000\">Orta, B\u00fcy\u00fck<\/span><\/td>\n<td style=\"width: 21.7148%;border-style: solid;border-color: #000000;text-align: center;height: 20px\"><span style=\"font-size: 100%;color: #000000\">6mm, 8mm<\/span><\/td>\n<td style=\"width: 17.6887%;border-style: solid;border-color: #000000;text-align: center;height: 20px\"><span style=\"font-size: 100%;color: #000000\">F<\/span><\/td>\n<\/tr>\n<tr style=\"height: 20px\">\n<td style=\"width: 6.66853%;height: 20px;text-align: center;border-style: solid;border-color: #000000\"><span style=\"color: #000000\"><strong>14<\/strong><\/span><\/td>\n<td style=\"width: 26.2171%;text-align: center;height: 20px;border-style: solid;border-color: #000000\"><span style=\"font-size: 100%;color: #000000\">13.5mm<\/span><\/td>\n<td style=\"width: 32.2041%;text-align: center;height: 20px;border-style: solid;border-color: #000000\"><span style=\"font-size: 100%;color: #000000\">Orta, B\u00fcy\u00fck<\/span><\/td>\n<td style=\"width: 21.7148%;text-align: center;height: 20px;border-style: solid;border-color: #000000\"><span style=\"font-size: 100%;color: #000000\">6mm, 8mm<\/span><\/td>\n<td style=\"width: 17.6887%;text-align: center;height: 20px;border-style: solid;border-color: #000000\"><span style=\"font-size: 100%;color: #000000\">F<\/span><\/td>\n<\/tr>\n<tr style=\"height: 20px\">\n<td style=\"width: 6.66853%;height: 20px;text-align: center;border-style: solid;border-color: #000000\"><span style=\"color: #000000\"><strong>15<\/strong><\/span><\/td>\n<td style=\"width: 26.2171%;text-align: center;height: 20px;border-style: solid;border-color: #000000\"><span style=\"font-size: 100%;color: #000000\">14.0mm<\/span><\/td>\n<td style=\"width: 32.2041%;text-align: center;height: 20px;border-style: solid;border-color: #000000\"><span style=\"font-size: 100%;color: #000000\">Orta, B\u00fcy\u00fck<\/span><\/td>\n<td style=\"width: 21.7148%;text-align: center;height: 20px;border-style: solid;border-color: #000000\"><span style=\"font-size: 100%;color: #000000\">6mm, 8mm<\/span><\/td>\n<td style=\"width: 17.6887%;text-align: center;height: 20px;border-style: solid;border-color: #000000\"><span style=\"font-size: 100%;color: #000000\">F<\/span><\/td>\n<\/tr>\n<tr style=\"height: 20px\">\n<td style=\"width: 6.66853%;height: 20px;text-align: center;border-style: solid;border-color: #000000\"><span style=\"color: #000000\"><strong>16<\/strong><\/span><\/td>\n<td style=\"width: 26.2171%;text-align: center;height: 20px;border-style: solid;border-color: #000000\"><span style=\"font-size: 100%;color: #000000\">16.5mm<\/span><\/td>\n<td style=\"width: 32.2041%;text-align: center;height: 20px;border-style: solid;border-color: #000000\"><span style=\"font-size: 100%;color: #000000\">Orta, B\u00fcy\u00fck<\/span><\/td>\n<td style=\"width: 21.7148%;text-align: center;height: 20px;border-style: solid;border-color: #000000\"><span style=\"font-size: 100%;color: #000000\">6mm, 8mm<\/span><\/td>\n<td style=\"width: 17.6887%;text-align: center;height: 20px;border-style: solid;border-color: #000000\"><span style=\"font-size: 100%;color: #000000\">F<\/span><\/td>\n<\/tr>\n<tr style=\"height: 20px\">\n<td style=\"width: 6.66853%;height: 20px;text-align: center;border-style: solid;border-color: #000000\"><span style=\"color: #000000\"><strong>17<\/strong><\/span><\/td>\n<td style=\"width: 26.2171%;text-align: center;height: 20px;border-style: solid;border-color: #000000\"><span style=\"font-size: 100%;color: #000000\">21.5mm<\/span><\/td>\n<td style=\"width: 32.2041%;text-align: center;height: 20px;border-style: solid;border-color: #000000\"><span style=\"font-size: 100%;color: #000000\">Orta, B\u00fcy\u00fck<\/span><\/td>\n<td style=\"width: 21.7148%;text-align: center;height: 20px;border-style: solid;border-color: #000000\"><span style=\"font-size: 100%;color: #000000\">6mm, 8mm<\/span><\/td>\n<td style=\"width: 17.6887%;text-align: center;height: 20px;border-style: solid;border-color: #000000\"><span style=\"font-size: 100%;color: #000000\">F<\/span><\/td>\n<\/tr>\n<\/tbody>\n<\/table>\n<p>&nbsp;<\/p>\n<\/div>\n","protected":false},"featured_media":2790,"comment_status":"closed","ping_status":"closed","template":"","meta":[],"product_cat":[258,271],"product_tag":[],"class_list":{"0":"post-2789","1":"product","2":"type-product","3":"status-publish","4":"has-post-thumbnail","6":"product_cat-chenille-machine-spare-parts","7":"product_cat-driver-for-rotary-knife-machines","9":"first","10":"instock","11":"shipping-taxable","12":"product-type-simple"},"aioseo_notices":[],"_links":{"self":[{"href":"https:\/\/erayman.com\/en\/wp-json\/wp\/v2\/product\/2789"}],"collection":[{"href":"https:\/\/erayman.com\/en\/wp-json\/wp\/v2\/product"}],"about":[{"href":"https:\/\/erayman.com\/en\/wp-json\/wp\/v2\/types\/product"}],"replies":[{"embeddable":true,"href":"https:\/\/erayman.com\/en\/wp-json\/wp\/v2\/comments?post=2789"}],"wp:featuredmedia":[{"embeddable":true,"href":"https:\/\/erayman.com\/en\/wp-json\/wp\/v2\/media\/2790"}],"wp:attachment":[{"href":"https:\/\/erayman.com\/en\/wp-json\/wp\/v2\/media?parent=2789"}],"wp:term":[{"taxonomy":"product_cat","embeddable":true,"href":"https:\/\/erayman.com\/en\/wp-json\/wp\/v2\/product_cat?post=2789"},{"taxonomy":"product_tag","embeddable":true,"href":"https:\/\/erayman.com\/en\/wp-json\/wp\/v2\/product_tag?post=2789"}],"curies":[{"name":"wp","href":"https:\/\/api.w.org\/{rel}","templated":true}]}}