{"id":2781,"date":"2024-09-29T16:37:28","date_gmt":"2024-09-29T13:37:28","guid":{"rendered":"https:\/\/erayman.com\/en\/product\/b205-s-k-sonil-jileti-60x22\/"},"modified":"2024-10-16T01:45:26","modified_gmt":"2024-10-15T22:45:26","slug":"b205-s-k-chhenille-razor-60x22","status":"publish","type":"product","link":"https:\/\/erayman.com\/en\/product\/b205-s-k-chhenille-razor-60x22\/","title":{"rendered":"B205 S K \u2013 CHHENILLE RAZOR 60\u00d722"},"content":{"rendered":"","protected":false},"excerpt":{"rendered":"<p>01. \u015e\u00d6N\u0130L J\u0130LET\u0130 60x22x0.15mm, Paslanmaz + TiN Kaplama, Ortadan K\u0131r\u0131labilir, 250\u2019li Kutu<\/p>\n<p>02. \u015e\u00d6N\u0130L J\u0130LET\u0130 43x22x0.20mm, Paslanmaz + TiN Kaplama, Ortadan K\u0131r\u0131labilir, 175\u2019li Kutu<\/p>\n","protected":false},"featured_media":2782,"comment_status":"closed","ping_status":"closed","template":"","meta":[],"product_cat":[268,258],"product_tag":[],"class_list":{"0":"post-2781","1":"product","2":"type-product","3":"status-publish","4":"has-post-thumbnail","6":"product_cat-chenille-cutting-razor-for-razor-machines","7":"product_cat-chenille-machine-spare-parts","9":"first","10":"instock","11":"shipping-taxable","12":"product-type-simple"},"aioseo_notices":[],"_links":{"self":[{"href":"https:\/\/erayman.com\/en\/wp-json\/wp\/v2\/product\/2781"}],"collection":[{"href":"https:\/\/erayman.com\/en\/wp-json\/wp\/v2\/product"}],"about":[{"href":"https:\/\/erayman.com\/en\/wp-json\/wp\/v2\/types\/product"}],"replies":[{"embeddable":true,"href":"https:\/\/erayman.com\/en\/wp-json\/wp\/v2\/comments?post=2781"}],"wp:featuredmedia":[{"embeddable":true,"href":"https:\/\/erayman.com\/en\/wp-json\/wp\/v2\/media\/2782"}],"wp:attachment":[{"href":"https:\/\/erayman.com\/en\/wp-json\/wp\/v2\/media?parent=2781"}],"wp:term":[{"taxonomy":"product_cat","embeddable":true,"href":"https:\/\/erayman.com\/en\/wp-json\/wp\/v2\/product_cat?post=2781"},{"taxonomy":"product_tag","embeddable":true,"href":"https:\/\/erayman.com\/en\/wp-json\/wp\/v2\/product_tag?post=2781"}],"curies":[{"name":"wp","href":"https:\/\/api.w.org\/{rel}","templated":true}]}}