{"id":2779,"date":"2024-09-29T16:38:15","date_gmt":"2024-09-29T13:38:15","guid":{"rendered":"https:\/\/erayman.com\/en\/product\/j0150sf-jn-sonil-jileti-57x13\/"},"modified":"2024-10-16T01:45:17","modified_gmt":"2024-10-15T22:45:17","slug":"j0150sf-jn-chenille-razor-57x13","status":"publish","type":"product","link":"https:\/\/erayman.com\/en\/product\/j0150sf-jn-chenille-razor-57x13\/","title":{"rendered":"J0150SF-JN CHENILLE RAZOR 57\u00d713"},"content":{"rendered":"","protected":false},"excerpt":{"rendered":"<p>01. \u015e\u00d6N\u0130L J\u0130LET\u0130 57x13x0.15mm, Paslanmaz + Kaplama, 1000\u2019li Kutu<\/p>\n","protected":false},"featured_media":2780,"comment_status":"closed","ping_status":"closed","template":"","meta":[],"product_cat":[268,258],"product_tag":[],"class_list":{"0":"post-2779","1":"product","2":"type-product","3":"status-publish","4":"has-post-thumbnail","6":"product_cat-chenille-cutting-razor-for-razor-machines","7":"product_cat-chenille-machine-spare-parts","9":"first","10":"instock","11":"shipping-taxable","12":"product-type-simple"},"aioseo_notices":[],"_links":{"self":[{"href":"https:\/\/erayman.com\/en\/wp-json\/wp\/v2\/product\/2779"}],"collection":[{"href":"https:\/\/erayman.com\/en\/wp-json\/wp\/v2\/product"}],"about":[{"href":"https:\/\/erayman.com\/en\/wp-json\/wp\/v2\/types\/product"}],"replies":[{"embeddable":true,"href":"https:\/\/erayman.com\/en\/wp-json\/wp\/v2\/comments?post=2779"}],"wp:featuredmedia":[{"embeddable":true,"href":"https:\/\/erayman.com\/en\/wp-json\/wp\/v2\/media\/2780"}],"wp:attachment":[{"href":"https:\/\/erayman.com\/en\/wp-json\/wp\/v2\/media?parent=2779"}],"wp:term":[{"taxonomy":"product_cat","embeddable":true,"href":"https:\/\/erayman.com\/en\/wp-json\/wp\/v2\/product_cat?post=2779"},{"taxonomy":"product_tag","embeddable":true,"href":"https:\/\/erayman.com\/en\/wp-json\/wp\/v2\/product_tag?post=2779"}],"curies":[{"name":"wp","href":"https:\/\/api.w.org\/{rel}","templated":true}]}}