{"id":2752,"date":"2024-09-29T17:38:28","date_gmt":"2024-09-29T14:38:28","guid":{"rendered":"https:\/\/erayman.com\/en\/product\/saka01t\/"},"modified":"2024-09-29T17:38:28","modified_gmt":"2024-09-29T14:38:28","slug":"saka01t","status":"publish","type":"product","link":"https:\/\/erayman.com\/en\/product\/saka01t\/","title":{"rendered":"SAKA01T"},"content":{"rendered":"","protected":false},"excerpt":{"rendered":"<p>Plastik G\u00f6vde<br \/>\nDe\u011fi\u015ftirilebilir Sabit U\u00e7lu<br \/>\nSa\u011f ve Sol El \u0130\u00e7in Kullan\u0131ma Uygun<br \/>\nPirin\u00e7 Kanca U\u00e7 \u0130le Kullan\u0131l\u0131r<\/p>\n","protected":false},"featured_media":2753,"comment_status":"closed","ping_status":"closed","template":"","meta":[],"product_cat":[258,259],"product_tag":[],"class_list":{"0":"post-2752","1":"product","2":"type-product","3":"status-publish","4":"has-post-thumbnail","6":"product_cat-chenille-machine-spare-parts","7":"product_cat-other-spare-parts-for-chenille-machines","9":"first","10":"instock","11":"shipping-taxable","12":"product-type-simple"},"aioseo_notices":[],"_links":{"self":[{"href":"https:\/\/erayman.com\/en\/wp-json\/wp\/v2\/product\/2752"}],"collection":[{"href":"https:\/\/erayman.com\/en\/wp-json\/wp\/v2\/product"}],"about":[{"href":"https:\/\/erayman.com\/en\/wp-json\/wp\/v2\/types\/product"}],"replies":[{"embeddable":true,"href":"https:\/\/erayman.com\/en\/wp-json\/wp\/v2\/comments?post=2752"}],"wp:featuredmedia":[{"embeddable":true,"href":"https:\/\/erayman.com\/en\/wp-json\/wp\/v2\/media\/2753"}],"wp:attachment":[{"href":"https:\/\/erayman.com\/en\/wp-json\/wp\/v2\/media?parent=2752"}],"wp:term":[{"taxonomy":"product_cat","embeddable":true,"href":"https:\/\/erayman.com\/en\/wp-json\/wp\/v2\/product_cat?post=2752"},{"taxonomy":"product_tag","embeddable":true,"href":"https:\/\/erayman.com\/en\/wp-json\/wp\/v2\/product_tag?post=2752"}],"curies":[{"name":"wp","href":"https:\/\/api.w.org\/{rel}","templated":true}]}}