{"id":2750,"date":"2024-09-29T17:40:29","date_gmt":"2024-09-29T14:40:29","guid":{"rendered":"https:\/\/erayman.com\/en\/product\/suka01-el-bicagi-surgulu-kanca\/"},"modified":"2024-10-16T01:44:30","modified_gmt":"2024-10-15T22:44:30","slug":"suka01-hand-knife-sliding-hook-2","status":"publish","type":"product","link":"https:\/\/erayman.com\/en\/product\/suka01-hand-knife-sliding-hook-2\/","title":{"rendered":"SUKA01 HAND KNIFE \u2013 SLIDING HOOK"},"content":{"rendered":"","protected":false},"excerpt":{"rendered":"<p>Y\u00fcksek Dayan\u0131ml\u0131 Plastik G\u00f6vde<br \/>\nS\u00fcrmeli ve Kilitlemeli Emniyet Mekanizmas\u0131<br \/>\nSa\u011f ve Sol El \u0130\u00e7in Kullan\u0131ma Uygun<br \/>\nIF-1 ve IF-2 Siyah Kanca U\u00e7 \u0130le Kullan\u0131labilir<\/p>\n","protected":false},"featured_media":2447,"comment_status":"closed","ping_status":"closed","template":"","meta":[],"product_cat":[258,259],"product_tag":[],"class_list":{"0":"post-2750","1":"product","2":"type-product","3":"status-publish","4":"has-post-thumbnail","6":"product_cat-chenille-machine-spare-parts","7":"product_cat-other-spare-parts-for-chenille-machines","9":"first","10":"instock","11":"shipping-taxable","12":"product-type-simple"},"aioseo_notices":[],"_links":{"self":[{"href":"https:\/\/erayman.com\/en\/wp-json\/wp\/v2\/product\/2750"}],"collection":[{"href":"https:\/\/erayman.com\/en\/wp-json\/wp\/v2\/product"}],"about":[{"href":"https:\/\/erayman.com\/en\/wp-json\/wp\/v2\/types\/product"}],"replies":[{"embeddable":true,"href":"https:\/\/erayman.com\/en\/wp-json\/wp\/v2\/comments?post=2750"}],"wp:featuredmedia":[{"embeddable":true,"href":"https:\/\/erayman.com\/en\/wp-json\/wp\/v2\/media\/2447"}],"wp:attachment":[{"href":"https:\/\/erayman.com\/en\/wp-json\/wp\/v2\/media?parent=2750"}],"wp:term":[{"taxonomy":"product_cat","embeddable":true,"href":"https:\/\/erayman.com\/en\/wp-json\/wp\/v2\/product_cat?post=2750"},{"taxonomy":"product_tag","embeddable":true,"href":"https:\/\/erayman.com\/en\/wp-json\/wp\/v2\/product_tag?post=2750"}],"curies":[{"name":"wp","href":"https:\/\/api.w.org\/{rel}","templated":true}]}}