{"id":2741,"date":"2024-10-04T12:37:02","date_gmt":"2024-10-04T09:37:02","guid":{"rendered":"https:\/\/erayman.com\/en\/product\/43-x-22-dik-kose-jilet-b202s\/"},"modified":"2024-10-16T01:43:42","modified_gmt":"2024-10-15T22:43:42","slug":"43-x-22-vertical-corner-razor-b202s","status":"publish","type":"product","link":"https:\/\/erayman.com\/en\/product\/43-x-22-vertical-corner-razor-b202s\/","title":{"rendered":"43 x 22 VERTICAL CORNER RAZOR B202S"},"content":{"rendered":"","protected":false},"excerpt":{"rendered":"<p>01. 3-DEL\u0130KL\u0130 J\u0130LET 43x22x0.10mm, Karbon, Dik K\u00f6\u015fe, 350\u2019li Kutu<\/p>\n<p>02. 3-DEL\u0130KL\u0130 J\u0130LET 43x22x0.10mm, Karbon + Titanyum, Dik K\u00f6\u015fe, 250\u2019li Kutu<\/p>\n<p>03. 3-DEL\u0130KL\u0130 J\u0130LET 43x22x0.10mm, Karbon + Seramik, Dik K\u00f6\u015fe, 100\u2019l\u00fc Kutu<\/p>\n<p>04. 3-DEL\u0130KL\u0130 J\u0130LET 43x22x0.10mm, Yekpare Tungsten, Dik K\u00f6\u015fe, 5\u2019li F\u00f6y<\/p>\n<p>05. 3-DEL\u0130KL\u0130 J\u0130LET 43x22x0.15mm, Karbon, Dik K\u00f6\u015fe, 250\u2019li Kutu<\/p>\n<p>06. 3-DEL\u0130KL\u0130 J\u0130LET 43x22x0.15mm, Paslanmaz + Titanyum, Dik K\u00f6\u015fe, 250\u2019li Kutu<\/p>\n<p>07. 3-DEL\u0130KL\u0130 J\u0130LET 43x22x0.15mm, Paslanmaz + XCD, Dik K\u00f6\u015fe, 100\u2019l\u00fc Kutu<\/p>\n<p>08. 3-DEL\u0130KL\u0130 J\u0130LET 43x22x0.15mm, Karbon + Seramik, Dik K\u00f6\u015fe, 100\u2019l\u00fc Kutu<\/p>\n<p>09. 3-DEL\u0130KL\u0130 J\u0130LET 43x22x0.15mm, Yekpare Tungsten, Dik K\u00f6\u015fe, 5\u2019li F\u00f6y<\/p>\n<p>10. 3-DEL\u0130KL\u0130 J\u0130LET 43x22x0.15mm, Yekpare Seramik, Dik K\u00f6\u015fe, 5\u2019li F\u00f6y<\/p>\n<p>11. 3-DEL\u0130KL\u0130 J\u0130LET 43x22x0.20mm, Karbon, Dik K\u00f6\u015fe, 175\u2019li Kutu<\/p>\n<p>12. 3-DEL\u0130KL\u0130 J\u0130LET 43x22x0.20mm, Paslanmaz + Titanyum, Dik K\u00f6\u015fe, 175\u2019li Kutu<\/p>\n<p>13. 3-DEL\u0130KL\u0130 J\u0130LET 43x22x0.20mm, Paslanmaz + XCD, Dik K\u00f6\u015fe, 100\u2019l\u00fc Kutu<\/p>\n<p>14. 3-DEL\u0130KL\u0130 J\u0130LET 43x22x0.20mm, Karbon + Seramik, Dik K\u00f6\u015fe, 100\u2019l\u00fc Kutu<\/p>\n<p>15. 3-DEL\u0130KL\u0130 J\u0130LET 43x22x0.20mm, Yekpare Tungsten, Dik K\u00f6\u015fe, 5\u2019li F\u00f6y<\/p>\n<p>16. 3-DEL\u0130KL\u0130 J\u0130LET 43x22x0.20mm, Yekpare Seramik, Dik K\u00f6\u015fe, 5\u2019li F\u00f6y<\/p>\n<p>17. 3-DEL\u0130KL\u0130 J\u0130LET 43x22x0.30mm, Karbon, Dik K\u00f6\u015fe, 125\u2019li Kutu<\/p>\n<p>18. 3-DEL\u0130KL\u0130 J\u0130LET 43x22x0.30mm, Paslanmaz + Titanyum, Dik K\u00f6\u015fe, 125\u2019li Kutu<\/p>\n<p>19. 3-DEL\u0130KL\u0130 J\u0130LET 43x22x0.30mm, Yekpare Tungsten, Dik K\u00f6\u015fe, 5\u2019li F\u00f6y<\/p>\n<p>20. 3-DEL\u0130KL\u0130 J\u0130LET 43x22x0.30mm, Yekpare Seramik, Dik K\u00f6\u015fe, 5\u2019li F\u00f6y<\/p>\n<p>21. 3-DEL\u0130KL\u0130 J\u0130LET 43x22x0.40mm, Karbon, Dik K\u00f6\u015fe, 100\u2019l\u00fc Kutu<\/p>\n<p>22. 3-DEL\u0130KL\u0130 J\u0130LET 43x22x0.40mm, Karbon + Seramik, Dik K\u00f6\u015fe, 100\u2019l\u00fc Kutu<\/p>\n<p>23. 3-DEL\u0130KL\u0130 J\u0130LET 43x22x0.40mm, Yekpare Tungsten, Dik K\u00f6\u015fe, 5\u2019li F\u00f6y<\/p>\n","protected":false},"featured_media":2742,"comment_status":"closed","ping_status":"closed","template":"","meta":[],"product_cat":[257,238],"product_tag":[],"class_list":{"0":"post-2741","1":"product","2":"type-product","3":"status-publish","4":"has-post-thumbnail","6":"product_cat-3-hole-slicing-blades","7":"product_cat-industrial-blades","9":"first","10":"instock","11":"shipping-taxable","12":"product-type-simple"},"aioseo_notices":[],"_links":{"self":[{"href":"https:\/\/erayman.com\/en\/wp-json\/wp\/v2\/product\/2741"}],"collection":[{"href":"https:\/\/erayman.com\/en\/wp-json\/wp\/v2\/product"}],"about":[{"href":"https:\/\/erayman.com\/en\/wp-json\/wp\/v2\/types\/product"}],"replies":[{"embeddable":true,"href":"https:\/\/erayman.com\/en\/wp-json\/wp\/v2\/comments?post=2741"}],"wp:featuredmedia":[{"embeddable":true,"href":"https:\/\/erayman.com\/en\/wp-json\/wp\/v2\/media\/2742"}],"wp:attachment":[{"href":"https:\/\/erayman.com\/en\/wp-json\/wp\/v2\/media?parent=2741"}],"wp:term":[{"taxonomy":"product_cat","embeddable":true,"href":"https:\/\/erayman.com\/en\/wp-json\/wp\/v2\/product_cat?post=2741"},{"taxonomy":"product_tag","embeddable":true,"href":"https:\/\/erayman.com\/en\/wp-json\/wp\/v2\/product_tag?post=2741"}],"curies":[{"name":"wp","href":"https:\/\/api.w.org\/{rel}","templated":true}]}}