{"id":2737,"date":"2024-10-04T12:38:16","date_gmt":"2024-10-04T09:38:16","guid":{"rendered":"https:\/\/erayman.com\/en\/product\/60-x-22-dik-kose-jilet-ortadan-kirilabilir-b205s-k\/"},"modified":"2024-10-16T01:43:27","modified_gmt":"2024-10-15T22:43:27","slug":"60-x-22-vertical-corner-razor-breakable-in-the-middle-b205s-k","status":"publish","type":"product","link":"https:\/\/erayman.com\/en\/product\/60-x-22-vertical-corner-razor-breakable-in-the-middle-b205s-k\/","title":{"rendered":"60 x 22 VERTICAL CORNER RAZOR \u2013 BREAKABLE IN THE MIDDLE B205S-K"},"content":{"rendered":"","protected":false},"excerpt":{"rendered":"<p>01. 3-DEL\u0130KL\u0130 J\u0130LET 60x22x0.15mm, Paslanmaz + Titanyum, Dik K\u00f6\u015fe \u2013 Ortadan K\u0131r\u0131labilir, 250\u2019li Kutu<\/p>\n<p>02. 3-DEL\u0130KL\u0130 J\u0130LET 60x22x0.20mm, Paslanmaz + Titanyum, Dik K\u00f6\u015fe \u2013 Ortadan K\u0131r\u0131labilir, 150\u2019li Kutu<\/p>\n","protected":false},"featured_media":2738,"comment_status":"closed","ping_status":"closed","template":"","meta":[],"product_cat":[257,238],"product_tag":[],"class_list":{"0":"post-2737","1":"product","2":"type-product","3":"status-publish","4":"has-post-thumbnail","6":"product_cat-3-hole-slicing-blades","7":"product_cat-industrial-blades","9":"first","10":"instock","11":"shipping-taxable","12":"product-type-simple"},"aioseo_notices":[],"_links":{"self":[{"href":"https:\/\/erayman.com\/en\/wp-json\/wp\/v2\/product\/2737"}],"collection":[{"href":"https:\/\/erayman.com\/en\/wp-json\/wp\/v2\/product"}],"about":[{"href":"https:\/\/erayman.com\/en\/wp-json\/wp\/v2\/types\/product"}],"replies":[{"embeddable":true,"href":"https:\/\/erayman.com\/en\/wp-json\/wp\/v2\/comments?post=2737"}],"wp:featuredmedia":[{"embeddable":true,"href":"https:\/\/erayman.com\/en\/wp-json\/wp\/v2\/media\/2738"}],"wp:attachment":[{"href":"https:\/\/erayman.com\/en\/wp-json\/wp\/v2\/media?parent=2737"}],"wp:term":[{"taxonomy":"product_cat","embeddable":true,"href":"https:\/\/erayman.com\/en\/wp-json\/wp\/v2\/product_cat?post=2737"},{"taxonomy":"product_tag","embeddable":true,"href":"https:\/\/erayman.com\/en\/wp-json\/wp\/v2\/product_tag?post=2737"}],"curies":[{"name":"wp","href":"https:\/\/api.w.org\/{rel}","templated":true}]}}