{"id":2732,"date":"2024-10-04T12:43:32","date_gmt":"2024-10-04T09:43:32","guid":{"rendered":"https:\/\/erayman.com\/en\/product\/b103-slotted-dilme-jileti-tip-c-standart-tip\/"},"modified":"2024-10-16T01:42:45","modified_gmt":"2024-10-15T22:42:45","slug":"b103-slotted-slicing-blade-type-c-standard-type","status":"publish","type":"product","link":"https:\/\/erayman.com\/en\/product\/b103-slotted-slicing-blade-type-c-standard-type\/","title":{"rendered":"B103 SLOTTED SLICING BLADE \u2013 TYPE C (STANDARD TYPE)"},"content":{"rendered":"","protected":false},"excerpt":{"rendered":"<p>01. SLOTTED J\u0130LET 57x19x0.38mm Karbon, \u00c7ift Kenar Keskin, Dik K\u00f6\u015fe, 100\u2019l\u00fc Kutu<\/p>\n<p>02. SLOTTED J\u0130LET 57x19x0.38mm Karbon + Titanyum, \u00c7ift Kenar Keskin, Dik K\u00f6\u015fe, 100\u2019l\u00fc Kutu<\/p>\n<p>03. SLOTTED J\u0130LET 57x19x0.38mm Paslanmaz + XCD, \u00c7ift Kenar Keskin, Dik K\u00f6\u015fe, 100\u2019l\u00fc Kutu<\/p>\n<p>04. SLOTTED J\u0130LET 57x19x0.38mm Karbon + Seramik, \u00c7ift Kenar Keskin, Dik K\u00f6\u015fe, 100\u2019l\u00fc Kutu<\/p>\n<p>05. SLOTTED J\u0130LET 57x19x0.38mm Endurium + Seramik, \u00c7ift Kenar Keskin, Dik K\u00f6\u015fe, 100\u2019l\u00fc Kutu<\/p>\n<p>06. SLOTTED J\u0130LET 57x19x0.25mm Yekpare Tungsten, \u00c7ift Kenar Keskin, Dik K\u00f6\u015fe, 5\u2019li F\u00f6y<\/p>\n<p>07. SLOTTED J\u0130LET 57x19x0.38mm Yekpare Tungsten, \u00c7ift Kenar Keskin, Dik K\u00f6\u015fe, 5\u2019li F\u00f6y<\/p>\n<p>08. SLOTTED J\u0130LET 57x19x0.38mm Yekpare Seramik, \u00c7ift Kenar Keskin, Dik K\u00f6\u015fe, 5\u2019li F\u00f6y<\/p>\n<p>09. SLOTTED J\u0130LET 57x19x0.63mm Yekpare Seramik, \u00c7ift Kenar Keskin, Dik K\u00f6\u015fe, 5\u2019li F\u00f6y<\/p>\n","protected":false},"featured_media":2409,"comment_status":"closed","ping_status":"closed","template":"","meta":[],"product_cat":[238,256],"product_tag":[],"class_list":{"0":"post-2732","1":"product","2":"type-product","3":"status-publish","4":"has-post-thumbnail","6":"product_cat-industrial-blades","7":"product_cat-slotted-slicing-blades","9":"first","10":"instock","11":"shipping-taxable","12":"product-type-simple"},"aioseo_notices":[],"_links":{"self":[{"href":"https:\/\/erayman.com\/en\/wp-json\/wp\/v2\/product\/2732"}],"collection":[{"href":"https:\/\/erayman.com\/en\/wp-json\/wp\/v2\/product"}],"about":[{"href":"https:\/\/erayman.com\/en\/wp-json\/wp\/v2\/types\/product"}],"replies":[{"embeddable":true,"href":"https:\/\/erayman.com\/en\/wp-json\/wp\/v2\/comments?post=2732"}],"wp:featuredmedia":[{"embeddable":true,"href":"https:\/\/erayman.com\/en\/wp-json\/wp\/v2\/media\/2409"}],"wp:attachment":[{"href":"https:\/\/erayman.com\/en\/wp-json\/wp\/v2\/media?parent=2732"}],"wp:term":[{"taxonomy":"product_cat","embeddable":true,"href":"https:\/\/erayman.com\/en\/wp-json\/wp\/v2\/product_cat?post=2732"},{"taxonomy":"product_tag","embeddable":true,"href":"https:\/\/erayman.com\/en\/wp-json\/wp\/v2\/product_tag?post=2732"}],"curies":[{"name":"wp","href":"https:\/\/api.w.org\/{rel}","templated":true}]}}