{"id":2731,"date":"2024-10-04T12:44:06","date_gmt":"2024-10-04T09:44:06","guid":{"rendered":"https:\/\/erayman.com\/en\/product\/b104-slotted-dilme-jileti-tip-d\/"},"modified":"2024-10-16T01:42:36","modified_gmt":"2024-10-15T22:42:36","slug":"b104-slotted-slicing-razor-type-d","status":"publish","type":"product","link":"https:\/\/erayman.com\/en\/product\/b104-slotted-slicing-razor-type-d\/","title":{"rendered":"B104 SLOTTED SLICING RAZOR \u2013 TYPE D"},"content":{"rendered":"","protected":false},"excerpt":{"rendered":"<p>01. SLOTTED J\u0130LET 57x19x0.38mm Karbon, Tek Kenar Keskin, Dik K\u00f6\u015fe, 100\u2019l\u00fc Kutu<\/p>\n<p>02. SLOTTED J\u0130LET 57x19x0.38mm Paslanmaz, Tek Kenar Keskin, Dik K\u00f6\u015fe, 500\u2019l\u00fc Kutu<\/p>\n","protected":false},"featured_media":2391,"comment_status":"closed","ping_status":"closed","template":"","meta":[],"product_cat":[238,256],"product_tag":[],"class_list":{"0":"post-2731","1":"product","2":"type-product","3":"status-publish","4":"has-post-thumbnail","6":"product_cat-industrial-blades","7":"product_cat-slotted-slicing-blades","9":"first","10":"instock","11":"shipping-taxable","12":"product-type-simple"},"aioseo_notices":[],"_links":{"self":[{"href":"https:\/\/erayman.com\/en\/wp-json\/wp\/v2\/product\/2731"}],"collection":[{"href":"https:\/\/erayman.com\/en\/wp-json\/wp\/v2\/product"}],"about":[{"href":"https:\/\/erayman.com\/en\/wp-json\/wp\/v2\/types\/product"}],"replies":[{"embeddable":true,"href":"https:\/\/erayman.com\/en\/wp-json\/wp\/v2\/comments?post=2731"}],"wp:featuredmedia":[{"embeddable":true,"href":"https:\/\/erayman.com\/en\/wp-json\/wp\/v2\/media\/2391"}],"wp:attachment":[{"href":"https:\/\/erayman.com\/en\/wp-json\/wp\/v2\/media?parent=2731"}],"wp:term":[{"taxonomy":"product_cat","embeddable":true,"href":"https:\/\/erayman.com\/en\/wp-json\/wp\/v2\/product_cat?post=2731"},{"taxonomy":"product_tag","embeddable":true,"href":"https:\/\/erayman.com\/en\/wp-json\/wp\/v2\/product_tag?post=2731"}],"curies":[{"name":"wp","href":"https:\/\/api.w.org\/{rel}","templated":true}]}}