{"id":2729,"date":"2024-10-04T12:46:59","date_gmt":"2024-10-04T09:46:59","guid":{"rendered":"https:\/\/erayman.com\/en\/product\/38-x-8-injektor-dilme-jileti-yuvasiz-b203\/"},"modified":"2024-10-16T01:42:27","modified_gmt":"2024-10-15T22:42:27","slug":"38-x-8-injector-slicing-razor-without-slot-b203","status":"publish","type":"product","link":"https:\/\/erayman.com\/en\/product\/38-x-8-injector-slicing-razor-without-slot-b203\/","title":{"rendered":"38 x 8 INJECTOR SLICING RAZOR \u2013 WITHOUT SLOT B203"},"content":{"rendered":"","protected":false},"excerpt":{"rendered":"<p>01. \u0130NJEKT\u00d6R D\u0130LME J\u0130LET\u0130 38x8x0.25mm, Yekpare Tungsten, Yuvas\u0131z, 5\u2019li F\u00f6y<\/p>\n<p>02. \u0130NJEKT\u00d6R D\u0130LME J\u0130LET\u0130 38x8x0.25mm, Yekpare Seramik, Yuvas\u0131z, 5\u2019li F\u00f6y<\/p>\n<p>03. \u0130NJEKT\u00d6R D\u0130LME J\u0130LET\u0130 38x8x0.30mm, Yekpare Seramik, Yuvas\u0131z, 5\u2019li F\u00f6y<\/p>\n<p>04. \u0130NJEKT\u00d6R D\u0130LME J\u0130LET\u0130 38x8x0.38mm, Yekpare Seramik, Yuvas\u0131z, 5\u2019li F\u00f6y<\/p>\n<p>05. \u0130NJEKT\u00d6R D\u0130LME J\u0130LET\u0130 38x8x0.63mm, Yekpare Seramik, Yuvas\u0131z, 5\u2019li F\u00f6y<\/p>\n","protected":false},"featured_media":2730,"comment_status":"closed","ping_status":"closed","template":"","meta":[],"product_cat":[238,255],"product_tag":[],"class_list":{"0":"post-2729","1":"product","2":"type-product","3":"status-publish","4":"has-post-thumbnail","6":"product_cat-industrial-blades","7":"product_cat-injector-slicing-blades","9":"first","10":"instock","11":"shipping-taxable","12":"product-type-simple"},"aioseo_notices":[],"_links":{"self":[{"href":"https:\/\/erayman.com\/en\/wp-json\/wp\/v2\/product\/2729"}],"collection":[{"href":"https:\/\/erayman.com\/en\/wp-json\/wp\/v2\/product"}],"about":[{"href":"https:\/\/erayman.com\/en\/wp-json\/wp\/v2\/types\/product"}],"replies":[{"embeddable":true,"href":"https:\/\/erayman.com\/en\/wp-json\/wp\/v2\/comments?post=2729"}],"wp:featuredmedia":[{"embeddable":true,"href":"https:\/\/erayman.com\/en\/wp-json\/wp\/v2\/media\/2730"}],"wp:attachment":[{"href":"https:\/\/erayman.com\/en\/wp-json\/wp\/v2\/media?parent=2729"}],"wp:term":[{"taxonomy":"product_cat","embeddable":true,"href":"https:\/\/erayman.com\/en\/wp-json\/wp\/v2\/product_cat?post=2729"},{"taxonomy":"product_tag","embeddable":true,"href":"https:\/\/erayman.com\/en\/wp-json\/wp\/v2\/product_tag?post=2729"}],"curies":[{"name":"wp","href":"https:\/\/api.w.org\/{rel}","templated":true}]}}