{"id":2726,"date":"2024-10-04T12:50:54","date_gmt":"2024-10-04T09:50:54","guid":{"rendered":"https:\/\/erayman.com\/en\/product\/38-x-19-tek-kenar-jilet-kilifli-centikli-b201-standart-tip\/"},"modified":"2024-10-16T01:42:09","modified_gmt":"2024-10-15T22:42:09","slug":"38-x-19-single-edge-razor-sheathed-notched-b201-standard-type","status":"publish","type":"product","link":"https:\/\/erayman.com\/en\/product\/38-x-19-single-edge-razor-sheathed-notched-b201-standard-type\/","title":{"rendered":"38 x 19 SINGLE EDGE RAZOR \u2013 SHEATHED \u2013 NOTCHED B201 (STANDARD TYPE)"},"content":{"rendered":"","protected":false},"excerpt":{"rendered":"<p>01. TEK KENAR J\u0130LET 38x19x0.23mm, Karbon, 2 A\u00e7\u0131, Al\u00fcminyum K\u0131l\u0131f, \u00c7entikli, 100\u2019l\u00fc Kutu<\/p>\n<p>02. TEK KENAR J\u0130LET 38x19x0.23mm, Karbon, 2 A\u00e7\u0131, \u00c7elik K\u0131l\u0131f, \u00c7entikli, 100\u2019l\u00fc Kutu<\/p>\n<p>03. TEK KENAR J\u0130LET 38x19x0.23mm, Karbon, 2 A\u00e7\u0131, Al\u00fcminyum K\u0131l\u0131f, \u00c7entikli, Ka\u011f\u0131t Sarg\u0131s\u0131z, 240\u2019l\u0131 Kutu<\/p>\n<p>04. TEK KENAR J\u0130LET 38x19x0.23mm, Karbon, 2 A\u00e7\u0131, Al\u00fcminyum K\u0131l\u0131f, \u00c7entikli, Ka\u011f\u0131t Sarg\u0131s\u0131z, 440\u2019l\u0131 Kutu<\/p>\n<p>05. TEK KENAR J\u0130LET 38x19x0.23mm, Karbon, 3 A\u00e7\u0131, Al\u00fcminyum K\u0131l\u0131f, \u00c7entikli, Kaplamal\u0131, 100\u2019l\u00fc Kutu<\/p>\n<p>06. TEK KENAR J\u0130LET 38x19x0.23mm, Karbon, 3 A\u00e7\u0131, Al\u00fcminyum K\u0131l\u0131f, \u00c7entikli, Ka\u011f\u0131t Sarg\u0131s\u0131z, Kaplamal\u0131, 240\u2019l\u0131 Kutu<\/p>\n<p>07. TEK KENAR J\u0130LET 38x19x0.23mm, Paslanmaz, 3 A\u00e7\u0131, Al\u00fcminyum K\u0131l\u0131f, \u00c7entikli, Kaplamal\u0131, 100\u2019l\u00fc Kutu<\/p>\n<p>08. TEK KENAR J\u0130LET 38x19x0.23mm, Paslanmaz, 3 A\u00e7\u0131, \u00c7elik K\u0131l\u0131f, \u00c7entikli, Kaplamal\u0131, 100\u2019l\u00fc Kutu<\/p>\n<p>09. TEK KENAR J\u0130LET 38x19x0.30mm, Karbon, 2 A\u00e7\u0131, Al\u00fcminyum K\u0131l\u0131f, \u00c7entikli, 100\u2019l\u00fc Kutu<\/p>\n<p>10. TEK KENAR J\u0130LET 38x19x0.30mm, Karbon, 2 A\u00e7\u0131, \u00c7elik K\u0131l\u0131f, \u00c7entikli, 100\u2019l\u00fc Kutu<\/p>\n<p>KILIF SE\u00c7ENEKLER\u0130: ALUM\u0130NYUM \u2013 \u00c7EL\u0130K<\/p>\n<p>TEM\u0130ZL\u0130K: SADECE TEM\u0130ZLENM\u0130\u015e \u2013 YA\u011eDAN ARINDIRILMI\u015e<\/p>\n<p>PAKETLEME: 5 \u2013 10 \u2013 100 \u2013 115 \u2013 200 \u2013 225 \u2013 240 \u2013 440 ADET AMBALAJ<\/p>\n","protected":false},"featured_media":2727,"comment_status":"closed","ping_status":"closed","template":"","meta":[],"product_cat":[238,254],"product_tag":[],"class_list":{"0":"post-2726","1":"product","2":"type-product","3":"status-publish","4":"has-post-thumbnail","6":"product_cat-industrial-blades","7":"product_cat-single-edge-blades","9":"first","10":"instock","11":"shipping-taxable","12":"product-type-simple"},"aioseo_notices":[],"_links":{"self":[{"href":"https:\/\/erayman.com\/en\/wp-json\/wp\/v2\/product\/2726"}],"collection":[{"href":"https:\/\/erayman.com\/en\/wp-json\/wp\/v2\/product"}],"about":[{"href":"https:\/\/erayman.com\/en\/wp-json\/wp\/v2\/types\/product"}],"replies":[{"embeddable":true,"href":"https:\/\/erayman.com\/en\/wp-json\/wp\/v2\/comments?post=2726"}],"wp:featuredmedia":[{"embeddable":true,"href":"https:\/\/erayman.com\/en\/wp-json\/wp\/v2\/media\/2727"}],"wp:attachment":[{"href":"https:\/\/erayman.com\/en\/wp-json\/wp\/v2\/media?parent=2726"}],"wp:term":[{"taxonomy":"product_cat","embeddable":true,"href":"https:\/\/erayman.com\/en\/wp-json\/wp\/v2\/product_cat?post=2726"},{"taxonomy":"product_tag","embeddable":true,"href":"https:\/\/erayman.com\/en\/wp-json\/wp\/v2\/product_tag?post=2726"}],"curies":[{"name":"wp","href":"https:\/\/api.w.org\/{rel}","templated":true}]}}