{"id":2724,"date":"2024-10-04T12:53:05","date_gmt":"2024-10-04T09:53:05","guid":{"rendered":"https:\/\/erayman.com\/en\/product\/38-x-17-tek-kenar-jilet-kilifsiz-centikli-b201\/"},"modified":"2024-10-16T01:41:53","modified_gmt":"2024-10-15T22:41:53","slug":"38-x-17-single-edge-razor-without-sheath-notched-b201","status":"publish","type":"product","link":"https:\/\/erayman.com\/en\/product\/38-x-17-single-edge-razor-without-sheath-notched-b201\/","title":{"rendered":"38 x 17 SINGLE EDGE RAZOR \u2013 WITHOUT SHEATH \u2013 NOTCHED B201"},"content":{"rendered":"","protected":false},"excerpt":{"rendered":"<p>01. TEK KENAR J\u0130LET 38x17x0.23mm, Karbon, 3 A\u00e7\u0131, K\u0131l\u0131fs\u0131z, \u00c7entikli, Ka\u011f\u0131t Sarg\u0131s\u0131z, 1000\u2019li Kutu<\/p>\n<p>02. TEK KENAR J\u0130LET 38x17x0.23mm, Karbon, 3 A\u00e7\u0131, K\u0131l\u0131fs\u0131z, \u00c7entikli, 100\u2019l\u00fc Kutu<\/p>\n<p>03. TEK KENAR J\u0130LET 38x17x0.23mm, Paslanmaz, 3 A\u00e7\u0131, K\u0131l\u0131fs\u0131z, \u00c7entikli, Ya\u011fdan Ar\u0131nd\u0131r\u0131lm\u0131\u015f, 100\u2019l\u00fc Kutu<\/p>\n","protected":false},"featured_media":2725,"comment_status":"closed","ping_status":"closed","template":"","meta":[],"product_cat":[238,254],"product_tag":[],"class_list":{"0":"post-2724","1":"product","2":"type-product","3":"status-publish","4":"has-post-thumbnail","6":"product_cat-industrial-blades","7":"product_cat-single-edge-blades","9":"first","10":"instock","11":"shipping-taxable","12":"product-type-simple"},"aioseo_notices":[],"_links":{"self":[{"href":"https:\/\/erayman.com\/en\/wp-json\/wp\/v2\/product\/2724"}],"collection":[{"href":"https:\/\/erayman.com\/en\/wp-json\/wp\/v2\/product"}],"about":[{"href":"https:\/\/erayman.com\/en\/wp-json\/wp\/v2\/types\/product"}],"replies":[{"embeddable":true,"href":"https:\/\/erayman.com\/en\/wp-json\/wp\/v2\/comments?post=2724"}],"wp:featuredmedia":[{"embeddable":true,"href":"https:\/\/erayman.com\/en\/wp-json\/wp\/v2\/media\/2725"}],"wp:attachment":[{"href":"https:\/\/erayman.com\/en\/wp-json\/wp\/v2\/media?parent=2724"}],"wp:term":[{"taxonomy":"product_cat","embeddable":true,"href":"https:\/\/erayman.com\/en\/wp-json\/wp\/v2\/product_cat?post=2724"},{"taxonomy":"product_tag","embeddable":true,"href":"https:\/\/erayman.com\/en\/wp-json\/wp\/v2\/product_tag?post=2724"}],"curies":[{"name":"wp","href":"https:\/\/api.w.org\/{rel}","templated":true}]}}