{"id":2722,"date":"2024-10-04T12:54:33","date_gmt":"2024-10-04T09:54:33","guid":{"rendered":"https:\/\/erayman.com\/en\/product\/38-x-19-tek-kenar-jilet-kilifli-centiksiz-b201\/"},"modified":"2024-10-16T01:41:43","modified_gmt":"2024-10-15T22:41:43","slug":"38-x-19-single-edge-razor-with-sheath-without-notch-b201","status":"publish","type":"product","link":"https:\/\/erayman.com\/en\/product\/38-x-19-single-edge-razor-with-sheath-without-notch-b201\/","title":{"rendered":"38 x 19 SINGLE EDGE RAZOR \u2013 WITH SHEATH \u2013 WITHOUT NOTCH B201"},"content":{"rendered":"","protected":false},"excerpt":{"rendered":"<p>01. TEK KENAR J\u0130LET 38x19x0.23mm, Karbon, 2 A\u00e7\u0131, \u00c7elik K\u0131l\u0131f, \u00c7entiksiz, 100\u2019l\u00fc Kutu<\/p>\n<p>02. TEK KENAR J\u0130LET 38x19x0.30mm, Karbon, 2 A\u00e7\u0131, \u00c7elik K\u0131l\u0131f, \u00c7entiksiz, 200\u2019l\u00fc Kutu<\/p>\n","protected":false},"featured_media":2723,"comment_status":"closed","ping_status":"closed","template":"","meta":[],"product_cat":[238,254],"product_tag":[],"class_list":{"0":"post-2722","1":"product","2":"type-product","3":"status-publish","4":"has-post-thumbnail","6":"product_cat-industrial-blades","7":"product_cat-single-edge-blades","9":"first","10":"instock","11":"shipping-taxable","12":"product-type-simple"},"aioseo_notices":[],"_links":{"self":[{"href":"https:\/\/erayman.com\/en\/wp-json\/wp\/v2\/product\/2722"}],"collection":[{"href":"https:\/\/erayman.com\/en\/wp-json\/wp\/v2\/product"}],"about":[{"href":"https:\/\/erayman.com\/en\/wp-json\/wp\/v2\/types\/product"}],"replies":[{"embeddable":true,"href":"https:\/\/erayman.com\/en\/wp-json\/wp\/v2\/comments?post=2722"}],"wp:featuredmedia":[{"embeddable":true,"href":"https:\/\/erayman.com\/en\/wp-json\/wp\/v2\/media\/2723"}],"wp:attachment":[{"href":"https:\/\/erayman.com\/en\/wp-json\/wp\/v2\/media?parent=2722"}],"wp:term":[{"taxonomy":"product_cat","embeddable":true,"href":"https:\/\/erayman.com\/en\/wp-json\/wp\/v2\/product_cat?post=2722"},{"taxonomy":"product_tag","embeddable":true,"href":"https:\/\/erayman.com\/en\/wp-json\/wp\/v2\/product_tag?post=2722"}],"curies":[{"name":"wp","href":"https:\/\/api.w.org\/{rel}","templated":true}]}}