{"id":2718,"date":"2024-10-04T13:07:23","date_gmt":"2024-10-04T10:07:23","guid":{"rendered":"https:\/\/erayman.com\/en\/product\/b207-trapez-kalin\/"},"modified":"2024-10-16T01:41:05","modified_gmt":"2024-10-15T22:41:05","slug":"b207-trapeze-thick","status":"publish","type":"product","link":"https:\/\/erayman.com\/en\/product\/b207-trapeze-thick\/","title":{"rendered":"B207 TRAPEZE \u2013 THICK"},"content":{"rendered":"","protected":false},"excerpt":{"rendered":"<p>01. TRAPEZ 60x19x0.63mm, 2 \u00c7entik, 4 Delik<\/p>\n<p>02. TRAPEZ 60x19x0.63mm, 2 \u00c7entik, 4 Delik, TiN Kaplama<\/p>\n<p>03. TRAPEZ 53x19x0.63mm, 3 \u00c7entik, 5 Delik<\/p>\n<p>04. TRAPEZ 51x19x0.63mm, 3 \u00c7entik, 5 Delik, TiN Kaplama<\/p>\n<p>05. TRAPEZ 60x19x0.63mm, 2 \u00c7entik<\/p>\n<p>06. TRAPEZ 60x19x1.00mm, 2 \u00c7entik, Paslanmaz<\/p>\n<p>07. TRAPEZ 58x19x0.63mm, 3 \u00c7entik, 3 Delik<\/p>\n<p>08. TRAPEZ 60x19x0.63mm, 2 \u00c7entik, 1 Delik<\/p>\n<p>09. TRAPEZ 60x19x0.63mm, 2 \u00c7entik, Tek Taraftan Bileme<\/p>\n<p>10. TRAPEZ 53x19x0.63mm, 3 \u00c7entik, 5 Delik, Yuvarlat\u0131lm\u0131\u015f U\u00e7<\/p>\n","protected":false},"featured_media":2719,"comment_status":"closed","ping_status":"closed","template":"","meta":[],"product_cat":[238,253],"product_tag":[],"class_list":{"0":"post-2718","1":"product","2":"type-product","3":"status-publish","4":"has-post-thumbnail","6":"product_cat-industrial-blades","7":"product_cat-trapeze-knives","9":"first","10":"instock","11":"shipping-taxable","12":"product-type-simple"},"aioseo_notices":[],"_links":{"self":[{"href":"https:\/\/erayman.com\/en\/wp-json\/wp\/v2\/product\/2718"}],"collection":[{"href":"https:\/\/erayman.com\/en\/wp-json\/wp\/v2\/product"}],"about":[{"href":"https:\/\/erayman.com\/en\/wp-json\/wp\/v2\/types\/product"}],"replies":[{"embeddable":true,"href":"https:\/\/erayman.com\/en\/wp-json\/wp\/v2\/comments?post=2718"}],"wp:featuredmedia":[{"embeddable":true,"href":"https:\/\/erayman.com\/en\/wp-json\/wp\/v2\/media\/2719"}],"wp:attachment":[{"href":"https:\/\/erayman.com\/en\/wp-json\/wp\/v2\/media?parent=2718"}],"wp:term":[{"taxonomy":"product_cat","embeddable":true,"href":"https:\/\/erayman.com\/en\/wp-json\/wp\/v2\/product_cat?post=2718"},{"taxonomy":"product_tag","embeddable":true,"href":"https:\/\/erayman.com\/en\/wp-json\/wp\/v2\/product_tag?post=2718"}],"curies":[{"name":"wp","href":"https:\/\/api.w.org\/{rel}","templated":true}]}}