{"id":2714,"date":"2024-10-04T13:08:52","date_gmt":"2024-10-04T10:08:52","guid":{"rendered":"https:\/\/erayman.com\/en\/product\/b082-trapez-tirtikli-kenar\/"},"modified":"2024-10-16T01:40:40","modified_gmt":"2024-10-15T22:40:40","slug":"b082-trapeze-served-edge","status":"publish","type":"product","link":"https:\/\/erayman.com\/en\/product\/b082-trapeze-served-edge\/","title":{"rendered":"B082 TRAPEZE \u2013 SERVED EDGE"},"content":{"rendered":"","protected":false},"excerpt":{"rendered":"<p>01. TRAPEZ 82x25x1.0mm, 2 Delik, Tek Taraftan T\u0131rt\u0131kl\u0131 Kenar<\/p>\n","protected":false},"featured_media":2715,"comment_status":"closed","ping_status":"closed","template":"","meta":[],"product_cat":[238,253],"product_tag":[],"class_list":{"0":"post-2714","1":"product","2":"type-product","3":"status-publish","4":"has-post-thumbnail","6":"product_cat-industrial-blades","7":"product_cat-trapeze-knives","9":"first","10":"instock","11":"shipping-taxable","12":"product-type-simple"},"aioseo_notices":[],"_links":{"self":[{"href":"https:\/\/erayman.com\/en\/wp-json\/wp\/v2\/product\/2714"}],"collection":[{"href":"https:\/\/erayman.com\/en\/wp-json\/wp\/v2\/product"}],"about":[{"href":"https:\/\/erayman.com\/en\/wp-json\/wp\/v2\/types\/product"}],"replies":[{"embeddable":true,"href":"https:\/\/erayman.com\/en\/wp-json\/wp\/v2\/comments?post=2714"}],"wp:featuredmedia":[{"embeddable":true,"href":"https:\/\/erayman.com\/en\/wp-json\/wp\/v2\/media\/2715"}],"wp:attachment":[{"href":"https:\/\/erayman.com\/en\/wp-json\/wp\/v2\/media?parent=2714"}],"wp:term":[{"taxonomy":"product_cat","embeddable":true,"href":"https:\/\/erayman.com\/en\/wp-json\/wp\/v2\/product_cat?post=2714"},{"taxonomy":"product_tag","embeddable":true,"href":"https:\/\/erayman.com\/en\/wp-json\/wp\/v2\/product_tag?post=2714"}],"curies":[{"name":"wp","href":"https:\/\/api.w.org\/{rel}","templated":true}]}}