{"id":2704,"date":"2024-10-04T13:31:11","date_gmt":"2024-10-04T10:31:11","guid":{"rendered":"https:\/\/erayman.com\/en\/product\/yuvarlatilmis-uclu-kanca-2\/"},"modified":"2024-10-16T01:39:53","modified_gmt":"2024-10-15T22:39:53","slug":"rounded-tip-hook","status":"publish","type":"product","link":"https:\/\/erayman.com\/en\/product\/rounded-tip-hook\/","title":{"rendered":"ROUNDED TIP HOOK"},"content":{"rendered":"","protected":false},"excerpt":{"rendered":"<p>01. KANCA 52x19x0.63mm, Yuvarlat\u0131lm\u0131\u015f U\u00e7, 2 \u00c7entik, 3 Delik<\/p>\n","protected":false},"featured_media":2705,"comment_status":"closed","ping_status":"closed","template":"","meta":[],"product_cat":[252,238],"product_tag":[],"class_list":{"0":"post-2704","1":"product","2":"type-product","3":"status-publish","4":"has-post-thumbnail","6":"product_cat-hook-knives","7":"product_cat-industrial-blades","9":"first","10":"instock","11":"shipping-taxable","12":"product-type-simple"},"aioseo_notices":[],"_links":{"self":[{"href":"https:\/\/erayman.com\/en\/wp-json\/wp\/v2\/product\/2704"}],"collection":[{"href":"https:\/\/erayman.com\/en\/wp-json\/wp\/v2\/product"}],"about":[{"href":"https:\/\/erayman.com\/en\/wp-json\/wp\/v2\/types\/product"}],"replies":[{"embeddable":true,"href":"https:\/\/erayman.com\/en\/wp-json\/wp\/v2\/comments?post=2704"}],"wp:featuredmedia":[{"embeddable":true,"href":"https:\/\/erayman.com\/en\/wp-json\/wp\/v2\/media\/2705"}],"wp:attachment":[{"href":"https:\/\/erayman.com\/en\/wp-json\/wp\/v2\/media?parent=2704"}],"wp:term":[{"taxonomy":"product_cat","embeddable":true,"href":"https:\/\/erayman.com\/en\/wp-json\/wp\/v2\/product_cat?post=2704"},{"taxonomy":"product_tag","embeddable":true,"href":"https:\/\/erayman.com\/en\/wp-json\/wp\/v2\/product_tag?post=2704"}],"curies":[{"name":"wp","href":"https:\/\/api.w.org\/{rel}","templated":true}]}}