{"id":2690,"date":"2024-10-04T17:24:37","date_gmt":"2024-10-04T14:24:37","guid":{"rendered":"https:\/\/erayman.com\/en\/product\/b121-segmentli-falcata-genislik-18mm\/"},"modified":"2024-10-16T01:38:14","modified_gmt":"2024-10-15T22:38:14","slug":"b121-segmented-cutter-width-18mm","status":"publish","type":"product","link":"https:\/\/erayman.com\/en\/product\/b121-segmented-cutter-width-18mm\/","title":{"rendered":"B121 SEGMENTED CUTTER WIDTH: 18mm"},"content":{"rendered":"","protected":false},"excerpt":{"rendered":"<p>01. FAL\u00c7ATA SEGMENTL\u0130 100x18x0.50mm<\/p>\n<p>02. FAL\u00c7ATA SEGMENTL\u0130 100x18x0.43mm<\/p>\n<p>03. FAL\u00c7ATA SEGMENTL\u0130 100x18x0.50mm, TiN Kaplama<\/p>\n<p>04. FAL\u00c7ATA SEGMENTL\u0130 (OLFA LB-10) 100x18x0.50mm<\/p>\n<p>05. FAL\u00c7ATA SEGMENTL\u0130 (OLFA LBB-50) 100x18x0.50mm, Ekstra Keskin<\/p>\n<p>06. FAL\u00c7ATA SEGMENTL\u0130 (OLFA LBD-50) 100x18x0.50mm, 15xSegment<\/p>\n<p>07. FAL\u00c7ATA SEGMENTL\u0130 (OLFA LWB-3B) 100x18x0.50mm, Di\u015fli Kenar<\/p>\n","protected":false},"featured_media":2691,"comment_status":"closed","ping_status":"closed","template":"","meta":[],"product_cat":[251,238],"product_tag":[],"class_list":{"0":"post-2690","1":"product","2":"type-product","3":"status-publish","4":"has-post-thumbnail","6":"product_cat-breaking-knife","7":"product_cat-industrial-blades","9":"first","10":"instock","11":"shipping-taxable","12":"product-type-simple"},"aioseo_notices":[],"_links":{"self":[{"href":"https:\/\/erayman.com\/en\/wp-json\/wp\/v2\/product\/2690"}],"collection":[{"href":"https:\/\/erayman.com\/en\/wp-json\/wp\/v2\/product"}],"about":[{"href":"https:\/\/erayman.com\/en\/wp-json\/wp\/v2\/types\/product"}],"replies":[{"embeddable":true,"href":"https:\/\/erayman.com\/en\/wp-json\/wp\/v2\/comments?post=2690"}],"wp:featuredmedia":[{"embeddable":true,"href":"https:\/\/erayman.com\/en\/wp-json\/wp\/v2\/media\/2691"}],"wp:attachment":[{"href":"https:\/\/erayman.com\/en\/wp-json\/wp\/v2\/media?parent=2690"}],"wp:term":[{"taxonomy":"product_cat","embeddable":true,"href":"https:\/\/erayman.com\/en\/wp-json\/wp\/v2\/product_cat?post=2690"},{"taxonomy":"product_tag","embeddable":true,"href":"https:\/\/erayman.com\/en\/wp-json\/wp\/v2\/product_tag?post=2690"}],"curies":[{"name":"wp","href":"https:\/\/api.w.org\/{rel}","templated":true}]}}