{"id":2686,"date":"2024-10-04T17:26:12","date_gmt":"2024-10-04T14:26:12","guid":{"rendered":"https:\/\/erayman.com\/en\/product\/b123-018-segmentsiz-falcata-genislik-18mm-kisa\/"},"modified":"2024-10-16T01:37:39","modified_gmt":"2024-10-15T22:37:39","slug":"b123-018-breaker-without-segment-width-18mm-short","status":"publish","type":"product","link":"https:\/\/erayman.com\/en\/product\/b123-018-breaker-without-segment-width-18mm-short\/","title":{"rendered":"B123 018 BREAKER WITHOUT SEGMENT WIDTH: 18mm \u2013 SHORT"},"content":{"rendered":"","protected":false},"excerpt":{"rendered":"<p>01. FAL\u00c7ATA SEGMENTS\u0130Z 60x18x0.50mm, K\u0131sa<\/p>\n","protected":false},"featured_media":2687,"comment_status":"closed","ping_status":"closed","template":"","meta":[],"product_cat":[251,238],"product_tag":[],"class_list":{"0":"post-2686","1":"product","2":"type-product","3":"status-publish","4":"has-post-thumbnail","6":"product_cat-breaking-knife","7":"product_cat-industrial-blades","9":"first","10":"instock","11":"shipping-taxable","12":"product-type-simple"},"aioseo_notices":[],"_links":{"self":[{"href":"https:\/\/erayman.com\/en\/wp-json\/wp\/v2\/product\/2686"}],"collection":[{"href":"https:\/\/erayman.com\/en\/wp-json\/wp\/v2\/product"}],"about":[{"href":"https:\/\/erayman.com\/en\/wp-json\/wp\/v2\/types\/product"}],"replies":[{"embeddable":true,"href":"https:\/\/erayman.com\/en\/wp-json\/wp\/v2\/comments?post=2686"}],"wp:featuredmedia":[{"embeddable":true,"href":"https:\/\/erayman.com\/en\/wp-json\/wp\/v2\/media\/2687"}],"wp:attachment":[{"href":"https:\/\/erayman.com\/en\/wp-json\/wp\/v2\/media?parent=2686"}],"wp:term":[{"taxonomy":"product_cat","embeddable":true,"href":"https:\/\/erayman.com\/en\/wp-json\/wp\/v2\/product_cat?post=2686"},{"taxonomy":"product_tag","embeddable":true,"href":"https:\/\/erayman.com\/en\/wp-json\/wp\/v2\/product_tag?post=2686"}],"curies":[{"name":"wp","href":"https:\/\/api.w.org\/{rel}","templated":true}]}}