{"id":2682,"date":"2024-10-04T17:27:51","date_gmt":"2024-10-04T14:27:51","guid":{"rendered":"https:\/\/erayman.com\/en\/product\/segmentli-falcata-genislik-12-5mm\/"},"modified":"2024-10-16T01:37:09","modified_gmt":"2024-10-15T22:37:09","slug":"segmented-breaker-width-12-5mm","status":"publish","type":"product","link":"https:\/\/erayman.com\/en\/product\/segmented-breaker-width-12-5mm\/","title":{"rendered":"SEGMENTED BREAKER WIDTH: 12.5mm"},"content":{"rendered":"","protected":false},"excerpt":{"rendered":"<p>01. FAL\u00c7ATA SEGMENTL\u0130 (OLFA MTB-10) 83.3\u00d712.5&#215;0.45mm<\/p>\n<p>02. FAL\u00c7ATA SEGMENTL\u0130 (OLFA FWB-10) 85\u00d712.5&#215;0.25mm, Ekstra Keskin<\/p>\n","protected":false},"featured_media":2683,"comment_status":"closed","ping_status":"closed","template":"","meta":[],"product_cat":[251,238],"product_tag":[],"class_list":{"0":"post-2682","1":"product","2":"type-product","3":"status-publish","4":"has-post-thumbnail","6":"product_cat-breaking-knife","7":"product_cat-industrial-blades","9":"first","10":"instock","11":"shipping-taxable","12":"product-type-simple"},"aioseo_notices":[],"_links":{"self":[{"href":"https:\/\/erayman.com\/en\/wp-json\/wp\/v2\/product\/2682"}],"collection":[{"href":"https:\/\/erayman.com\/en\/wp-json\/wp\/v2\/product"}],"about":[{"href":"https:\/\/erayman.com\/en\/wp-json\/wp\/v2\/types\/product"}],"replies":[{"embeddable":true,"href":"https:\/\/erayman.com\/en\/wp-json\/wp\/v2\/comments?post=2682"}],"wp:featuredmedia":[{"embeddable":true,"href":"https:\/\/erayman.com\/en\/wp-json\/wp\/v2\/media\/2683"}],"wp:attachment":[{"href":"https:\/\/erayman.com\/en\/wp-json\/wp\/v2\/media?parent=2682"}],"wp:term":[{"taxonomy":"product_cat","embeddable":true,"href":"https:\/\/erayman.com\/en\/wp-json\/wp\/v2\/product_cat?post=2682"},{"taxonomy":"product_tag","embeddable":true,"href":"https:\/\/erayman.com\/en\/wp-json\/wp\/v2\/product_tag?post=2682"}],"curies":[{"name":"wp","href":"https:\/\/api.w.org\/{rel}","templated":true}]}}