{"id":2680,"date":"2024-10-04T17:29:49","date_gmt":"2024-10-04T14:29:49","guid":{"rendered":"https:\/\/erayman.com\/en\/product\/lwb-segmentsiz-falcata-genislik-18mm-disli\/"},"modified":"2024-10-16T01:36:53","modified_gmt":"2024-10-15T22:36:53","slug":"lwb-without-segment-breaker-width-18mm-threaded","status":"publish","type":"product","link":"https:\/\/erayman.com\/en\/product\/lwb-without-segment-breaker-width-18mm-threaded\/","title":{"rendered":"LWB SEGMENTS\u0130Z FAL\u00c7ATA GEN\u0130\u015eL\u0130K: 18mm \u2013 D\u0130\u015eL\u0130"},"content":{"rendered":"","protected":false},"excerpt":{"rendered":"<p>01. FAL\u00c7ATA SEGMENTS\u0130Z (OLFA LWB-3B) 100x18x0.50mm, Di\u015fli Kenar<\/p>\n","protected":false},"featured_media":2681,"comment_status":"closed","ping_status":"closed","template":"","meta":[],"product_cat":[251,238],"product_tag":[],"class_list":{"0":"post-2680","1":"product","2":"type-product","3":"status-publish","4":"has-post-thumbnail","6":"product_cat-breaking-knife","7":"product_cat-industrial-blades","9":"first","10":"instock","11":"shipping-taxable","12":"product-type-simple"},"aioseo_notices":[],"_links":{"self":[{"href":"https:\/\/erayman.com\/en\/wp-json\/wp\/v2\/product\/2680"}],"collection":[{"href":"https:\/\/erayman.com\/en\/wp-json\/wp\/v2\/product"}],"about":[{"href":"https:\/\/erayman.com\/en\/wp-json\/wp\/v2\/types\/product"}],"replies":[{"embeddable":true,"href":"https:\/\/erayman.com\/en\/wp-json\/wp\/v2\/comments?post=2680"}],"wp:featuredmedia":[{"embeddable":true,"href":"https:\/\/erayman.com\/en\/wp-json\/wp\/v2\/media\/2681"}],"wp:attachment":[{"href":"https:\/\/erayman.com\/en\/wp-json\/wp\/v2\/media?parent=2680"}],"wp:term":[{"taxonomy":"product_cat","embeddable":true,"href":"https:\/\/erayman.com\/en\/wp-json\/wp\/v2\/product_cat?post=2680"},{"taxonomy":"product_tag","embeddable":true,"href":"https:\/\/erayman.com\/en\/wp-json\/wp\/v2\/product_tag?post=2680"}],"curies":[{"name":"wp","href":"https:\/\/api.w.org\/{rel}","templated":true}]}}