{"id":2674,"date":"2024-10-04T17:33:04","date_gmt":"2024-10-04T14:33:04","guid":{"rendered":"https:\/\/erayman.com\/en\/product\/hswb1-segmentsiz-falcata-genislik-25mm-disli\/"},"modified":"2024-10-16T01:35:56","modified_gmt":"2024-10-15T22:35:56","slug":"hswb1-segmentless-breaker-width-25mm-threaded","status":"publish","type":"product","link":"https:\/\/erayman.com\/en\/product\/hswb1-segmentless-breaker-width-25mm-threaded\/","title":{"rendered":"HSWB1 SEGMENTLESS BREAKER WIDTH: 25mm \u2013 THREADED"},"content":{"rendered":"","protected":false},"excerpt":{"rendered":"<p>01. FAL\u00c7ATA SEGMENTS\u0130Z (OLFA HSWB-1) 106x25x0.50mm, Di\u015fli Kenar<\/p>\n","protected":false},"featured_media":2675,"comment_status":"closed","ping_status":"closed","template":"","meta":[],"product_cat":[251,238],"product_tag":[],"class_list":{"0":"post-2674","1":"product","2":"type-product","3":"status-publish","4":"has-post-thumbnail","6":"product_cat-breaking-knife","7":"product_cat-industrial-blades","9":"first","10":"instock","11":"shipping-taxable","12":"product-type-simple"},"aioseo_notices":[],"_links":{"self":[{"href":"https:\/\/erayman.com\/en\/wp-json\/wp\/v2\/product\/2674"}],"collection":[{"href":"https:\/\/erayman.com\/en\/wp-json\/wp\/v2\/product"}],"about":[{"href":"https:\/\/erayman.com\/en\/wp-json\/wp\/v2\/types\/product"}],"replies":[{"embeddable":true,"href":"https:\/\/erayman.com\/en\/wp-json\/wp\/v2\/comments?post=2674"}],"wp:featuredmedia":[{"embeddable":true,"href":"https:\/\/erayman.com\/en\/wp-json\/wp\/v2\/media\/2675"}],"wp:attachment":[{"href":"https:\/\/erayman.com\/en\/wp-json\/wp\/v2\/media?parent=2674"}],"wp:term":[{"taxonomy":"product_cat","embeddable":true,"href":"https:\/\/erayman.com\/en\/wp-json\/wp\/v2\/product_cat?post=2674"},{"taxonomy":"product_tag","embeddable":true,"href":"https:\/\/erayman.com\/en\/wp-json\/wp\/v2\/product_tag?post=2674"}],"curies":[{"name":"wp","href":"https:\/\/api.w.org\/{rel}","templated":true}]}}