{"id":2672,"date":"2024-10-04T17:33:34","date_gmt":"2024-10-04T14:33:34","guid":{"rendered":"https:\/\/erayman.com\/en\/product\/b092-deliksiz\/"},"modified":"2024-10-16T01:35:46","modified_gmt":"2024-10-15T22:35:46","slug":"b092-imperforate","status":"publish","type":"product","link":"https:\/\/erayman.com\/en\/product\/b092-imperforate\/","title":{"rendered":"B092 IMPERFORATE"},"content":{"rendered":"","protected":false},"excerpt":{"rendered":"<p>01. FAL\u00c7ATA SEGMENTS\u0130Z (DEL\u0130KS\u0130Z) 92\u00d78.2&#215;0.43mm, Yekpare Seramik<\/p>\n","protected":false},"featured_media":2673,"comment_status":"closed","ping_status":"closed","template":"","meta":[],"product_cat":[251,238],"product_tag":[],"class_list":{"0":"post-2672","1":"product","2":"type-product","3":"status-publish","4":"has-post-thumbnail","6":"product_cat-breaking-knife","7":"product_cat-industrial-blades","9":"first","10":"instock","11":"shipping-taxable","12":"product-type-simple"},"aioseo_notices":[],"_links":{"self":[{"href":"https:\/\/erayman.com\/en\/wp-json\/wp\/v2\/product\/2672"}],"collection":[{"href":"https:\/\/erayman.com\/en\/wp-json\/wp\/v2\/product"}],"about":[{"href":"https:\/\/erayman.com\/en\/wp-json\/wp\/v2\/types\/product"}],"replies":[{"embeddable":true,"href":"https:\/\/erayman.com\/en\/wp-json\/wp\/v2\/comments?post=2672"}],"wp:featuredmedia":[{"embeddable":true,"href":"https:\/\/erayman.com\/en\/wp-json\/wp\/v2\/media\/2673"}],"wp:attachment":[{"href":"https:\/\/erayman.com\/en\/wp-json\/wp\/v2\/media?parent=2672"}],"wp:term":[{"taxonomy":"product_cat","embeddable":true,"href":"https:\/\/erayman.com\/en\/wp-json\/wp\/v2\/product_cat?post=2672"},{"taxonomy":"product_tag","embeddable":true,"href":"https:\/\/erayman.com\/en\/wp-json\/wp\/v2\/product_tag?post=2672"}],"curies":[{"name":"wp","href":"https:\/\/api.w.org\/{rel}","templated":true}]}}