{"id":2668,"date":"2024-10-07T11:51:52","date_gmt":"2024-10-07T08:51:52","guid":{"rendered":"https:\/\/erayman.com\/en\/product\/b111\/"},"modified":"2024-10-07T11:51:52","modified_gmt":"2024-10-07T08:51:52","slug":"b111","status":"publish","type":"product","link":"https:\/\/erayman.com\/en\/product\/b111\/","title":{"rendered":"B111"},"content":{"rendered":"","protected":false},"excerpt":{"rendered":"<p>01. HOB\u0130 J\u0130LET\u0130 55.5\u00d710.3&#215;0.53mm, Sivri U\u00e7lu<\/p>\n<p>02. HOB\u0130 J\u0130LET\u0130 55.5\u00d710.3&#215;0.53mm, Yuvart\u0131lm\u0131\u015f U\u00e7lu<\/p>\n","protected":false},"featured_media":2669,"comment_status":"closed","ping_status":"closed","template":"","meta":[],"product_cat":[250,238],"product_tag":[],"class_list":{"0":"post-2668","1":"product","2":"type-product","3":"status-publish","4":"has-post-thumbnail","6":"product_cat-hobby-blades","7":"product_cat-industrial-blades","9":"first","10":"instock","11":"shipping-taxable","12":"product-type-simple"},"aioseo_notices":[],"_links":{"self":[{"href":"https:\/\/erayman.com\/en\/wp-json\/wp\/v2\/product\/2668"}],"collection":[{"href":"https:\/\/erayman.com\/en\/wp-json\/wp\/v2\/product"}],"about":[{"href":"https:\/\/erayman.com\/en\/wp-json\/wp\/v2\/types\/product"}],"replies":[{"embeddable":true,"href":"https:\/\/erayman.com\/en\/wp-json\/wp\/v2\/comments?post=2668"}],"wp:featuredmedia":[{"embeddable":true,"href":"https:\/\/erayman.com\/en\/wp-json\/wp\/v2\/media\/2669"}],"wp:attachment":[{"href":"https:\/\/erayman.com\/en\/wp-json\/wp\/v2\/media?parent=2668"}],"wp:term":[{"taxonomy":"product_cat","embeddable":true,"href":"https:\/\/erayman.com\/en\/wp-json\/wp\/v2\/product_cat?post=2668"},{"taxonomy":"product_tag","embeddable":true,"href":"https:\/\/erayman.com\/en\/wp-json\/wp\/v2\/product_tag?post=2668"}],"curies":[{"name":"wp","href":"https:\/\/api.w.org\/{rel}","templated":true}]}}