{"id":2662,"date":"2024-10-07T12:35:04","date_gmt":"2024-10-07T09:35:04","guid":{"rendered":"https:\/\/erayman.com\/en\/product\/b114\/"},"modified":"2024-10-07T12:35:04","modified_gmt":"2024-10-07T09:35:04","slug":"b114","status":"publish","type":"product","link":"https:\/\/erayman.com\/en\/product\/b114\/","title":{"rendered":"B114"},"content":{"rendered":"","protected":false},"excerpt":{"rendered":"<p>01. HOB\u0130 J\u0130LET\u0130 50.3x9x0.60mm, TiN Kaplama<\/p>\n<p>02. HOB\u0130 J\u0130LET\u0130 50.3x9x0.60mm, Karbon<\/p>\n","protected":false},"featured_media":2663,"comment_status":"closed","ping_status":"closed","template":"","meta":[],"product_cat":[250,238],"product_tag":[],"class_list":{"0":"post-2662","1":"product","2":"type-product","3":"status-publish","4":"has-post-thumbnail","6":"product_cat-hobby-blades","7":"product_cat-industrial-blades","9":"first","10":"instock","11":"shipping-taxable","12":"product-type-simple"},"aioseo_notices":[],"_links":{"self":[{"href":"https:\/\/erayman.com\/en\/wp-json\/wp\/v2\/product\/2662"}],"collection":[{"href":"https:\/\/erayman.com\/en\/wp-json\/wp\/v2\/product"}],"about":[{"href":"https:\/\/erayman.com\/en\/wp-json\/wp\/v2\/types\/product"}],"replies":[{"embeddable":true,"href":"https:\/\/erayman.com\/en\/wp-json\/wp\/v2\/comments?post=2662"}],"wp:featuredmedia":[{"embeddable":true,"href":"https:\/\/erayman.com\/en\/wp-json\/wp\/v2\/media\/2663"}],"wp:attachment":[{"href":"https:\/\/erayman.com\/en\/wp-json\/wp\/v2\/media?parent=2662"}],"wp:term":[{"taxonomy":"product_cat","embeddable":true,"href":"https:\/\/erayman.com\/en\/wp-json\/wp\/v2\/product_cat?post=2662"},{"taxonomy":"product_tag","embeddable":true,"href":"https:\/\/erayman.com\/en\/wp-json\/wp\/v2\/product_tag?post=2662"}],"curies":[{"name":"wp","href":"https:\/\/api.w.org\/{rel}","templated":true}]}}