{"id":2656,"date":"2024-10-07T12:37:06","date_gmt":"2024-10-07T09:37:06","guid":{"rendered":"https:\/\/erayman.com\/en\/product\/b142-kucuk\/"},"modified":"2024-10-07T12:37:06","modified_gmt":"2024-10-07T09:37:06","slug":"b142-kucuk","status":"publish","type":"product","link":"https:\/\/erayman.com\/en\/product\/b142-kucuk\/","title":{"rendered":"B142 K\u00dc\u00c7\u00dcK"},"content":{"rendered":"","protected":false},"excerpt":{"rendered":"<p>01. HOB\u0130 J\u0130LET\u0130 40x9x0.53mm<\/p>\n<p>02. HOB\u0130 J\u0130LET\u0130 (OLFA KB4-S\/5) 40.5x8x0.50mm<\/p>\n","protected":false},"featured_media":2657,"comment_status":"closed","ping_status":"closed","template":"","meta":[],"product_cat":[250,238],"product_tag":[],"class_list":{"0":"post-2656","1":"product","2":"type-product","3":"status-publish","4":"has-post-thumbnail","6":"product_cat-hobby-blades","7":"product_cat-industrial-blades","9":"first","10":"instock","11":"shipping-taxable","12":"product-type-simple"},"aioseo_notices":[],"_links":{"self":[{"href":"https:\/\/erayman.com\/en\/wp-json\/wp\/v2\/product\/2656"}],"collection":[{"href":"https:\/\/erayman.com\/en\/wp-json\/wp\/v2\/product"}],"about":[{"href":"https:\/\/erayman.com\/en\/wp-json\/wp\/v2\/types\/product"}],"replies":[{"embeddable":true,"href":"https:\/\/erayman.com\/en\/wp-json\/wp\/v2\/comments?post=2656"}],"wp:featuredmedia":[{"embeddable":true,"href":"https:\/\/erayman.com\/en\/wp-json\/wp\/v2\/media\/2657"}],"wp:attachment":[{"href":"https:\/\/erayman.com\/en\/wp-json\/wp\/v2\/media?parent=2656"}],"wp:term":[{"taxonomy":"product_cat","embeddable":true,"href":"https:\/\/erayman.com\/en\/wp-json\/wp\/v2\/product_cat?post=2656"},{"taxonomy":"product_tag","embeddable":true,"href":"https:\/\/erayman.com\/en\/wp-json\/wp\/v2\/product_tag?post=2656"}],"curies":[{"name":"wp","href":"https:\/\/api.w.org\/{rel}","templated":true}]}}