{"id":2652,"date":"2024-10-07T12:38:38","date_gmt":"2024-10-07T09:38:38","guid":{"rendered":"https:\/\/erayman.com\/en\/product\/b144\/"},"modified":"2024-10-07T12:38:38","modified_gmt":"2024-10-07T09:38:38","slug":"b144","status":"publish","type":"product","link":"https:\/\/erayman.com\/en\/product\/b144\/","title":{"rendered":"B144"},"content":{"rendered":"","protected":false},"excerpt":{"rendered":"<p>01. HOB\u0130 J\u0130LET\u0130 40x10x0.53mm<\/p>\n","protected":false},"featured_media":2653,"comment_status":"closed","ping_status":"closed","template":"","meta":[],"product_cat":[250,238],"product_tag":[],"class_list":{"0":"post-2652","1":"product","2":"type-product","3":"status-publish","4":"has-post-thumbnail","6":"product_cat-hobby-blades","7":"product_cat-industrial-blades","9":"first","10":"instock","11":"shipping-taxable","12":"product-type-simple"},"aioseo_notices":[],"_links":{"self":[{"href":"https:\/\/erayman.com\/en\/wp-json\/wp\/v2\/product\/2652"}],"collection":[{"href":"https:\/\/erayman.com\/en\/wp-json\/wp\/v2\/product"}],"about":[{"href":"https:\/\/erayman.com\/en\/wp-json\/wp\/v2\/types\/product"}],"replies":[{"embeddable":true,"href":"https:\/\/erayman.com\/en\/wp-json\/wp\/v2\/comments?post=2652"}],"wp:featuredmedia":[{"embeddable":true,"href":"https:\/\/erayman.com\/en\/wp-json\/wp\/v2\/media\/2653"}],"wp:attachment":[{"href":"https:\/\/erayman.com\/en\/wp-json\/wp\/v2\/media?parent=2652"}],"wp:term":[{"taxonomy":"product_cat","embeddable":true,"href":"https:\/\/erayman.com\/en\/wp-json\/wp\/v2\/product_cat?post=2652"},{"taxonomy":"product_tag","embeddable":true,"href":"https:\/\/erayman.com\/en\/wp-json\/wp\/v2\/product_tag?post=2652"}],"curies":[{"name":"wp","href":"https:\/\/api.w.org\/{rel}","templated":true}]}}