{"id":2650,"date":"2024-10-07T12:39:13","date_gmt":"2024-10-07T09:39:13","guid":{"rendered":"https:\/\/erayman.com\/en\/product\/b145\/"},"modified":"2024-10-07T12:39:13","modified_gmt":"2024-10-07T09:39:13","slug":"b145","status":"publish","type":"product","link":"https:\/\/erayman.com\/en\/product\/b145\/","title":{"rendered":"B145"},"content":{"rendered":"","protected":false},"excerpt":{"rendered":"<p>01. HOB\u0130 J\u0130LET\u0130 45x12x0.63mm<\/p>\n<p>02. HOB\u0130 J\u0130LET\u0130 45x16x0.63mm<\/p>\n<p>03. HOB\u0130 J\u0130LET\u0130 45x20x0.63mm<\/p>\n<p>04. HOB\u0130 J\u0130LET\u0130 (OLFA KB4-F\/5) 35.5x8x0.55mm<\/p>\n","protected":false},"featured_media":2651,"comment_status":"closed","ping_status":"closed","template":"","meta":[],"product_cat":[250,238],"product_tag":[],"class_list":{"0":"post-2650","1":"product","2":"type-product","3":"status-publish","4":"has-post-thumbnail","6":"product_cat-hobby-blades","7":"product_cat-industrial-blades","9":"first","10":"instock","11":"shipping-taxable","12":"product-type-simple"},"aioseo_notices":[],"_links":{"self":[{"href":"https:\/\/erayman.com\/en\/wp-json\/wp\/v2\/product\/2650"}],"collection":[{"href":"https:\/\/erayman.com\/en\/wp-json\/wp\/v2\/product"}],"about":[{"href":"https:\/\/erayman.com\/en\/wp-json\/wp\/v2\/types\/product"}],"replies":[{"embeddable":true,"href":"https:\/\/erayman.com\/en\/wp-json\/wp\/v2\/comments?post=2650"}],"wp:featuredmedia":[{"embeddable":true,"href":"https:\/\/erayman.com\/en\/wp-json\/wp\/v2\/media\/2651"}],"wp:attachment":[{"href":"https:\/\/erayman.com\/en\/wp-json\/wp\/v2\/media?parent=2650"}],"wp:term":[{"taxonomy":"product_cat","embeddable":true,"href":"https:\/\/erayman.com\/en\/wp-json\/wp\/v2\/product_cat?post=2650"},{"taxonomy":"product_tag","embeddable":true,"href":"https:\/\/erayman.com\/en\/wp-json\/wp\/v2\/product_tag?post=2650"}],"curies":[{"name":"wp","href":"https:\/\/api.w.org\/{rel}","templated":true}]}}