{"id":2612,"date":"2024-10-07T13:50:52","date_gmt":"2024-10-07T10:50:52","guid":{"rendered":"https:\/\/erayman.com\/en\/product\/b308\/"},"modified":"2024-10-07T13:50:52","modified_gmt":"2024-10-07T10:50:52","slug":"b308","status":"publish","type":"product","link":"https:\/\/erayman.com\/en\/product\/b308\/","title":{"rendered":"B308"},"content":{"rendered":"","protected":false},"excerpt":{"rendered":"<p>01. B\u0130ST\u00dcR\u0130 \/ NE\u015eTER J\u0130LET\u0130 58\u00d711.4&#215;0.40mm<\/p>\n","protected":false},"featured_media":2613,"comment_status":"closed","ping_status":"closed","template":"","meta":[],"product_cat":[238,249],"product_tag":[],"class_list":{"0":"post-2612","1":"product","2":"type-product","3":"status-publish","4":"has-post-thumbnail","6":"product_cat-industrial-blades","7":"product_cat-scalpel-scalpel","9":"first","10":"instock","11":"shipping-taxable","12":"product-type-simple"},"aioseo_notices":[],"_links":{"self":[{"href":"https:\/\/erayman.com\/en\/wp-json\/wp\/v2\/product\/2612"}],"collection":[{"href":"https:\/\/erayman.com\/en\/wp-json\/wp\/v2\/product"}],"about":[{"href":"https:\/\/erayman.com\/en\/wp-json\/wp\/v2\/types\/product"}],"replies":[{"embeddable":true,"href":"https:\/\/erayman.com\/en\/wp-json\/wp\/v2\/comments?post=2612"}],"wp:featuredmedia":[{"embeddable":true,"href":"https:\/\/erayman.com\/en\/wp-json\/wp\/v2\/media\/2613"}],"wp:attachment":[{"href":"https:\/\/erayman.com\/en\/wp-json\/wp\/v2\/media?parent=2612"}],"wp:term":[{"taxonomy":"product_cat","embeddable":true,"href":"https:\/\/erayman.com\/en\/wp-json\/wp\/v2\/product_cat?post=2612"},{"taxonomy":"product_tag","embeddable":true,"href":"https:\/\/erayman.com\/en\/wp-json\/wp\/v2\/product_tag?post=2612"}],"curies":[{"name":"wp","href":"https:\/\/api.w.org\/{rel}","templated":true}]}}