{"id":2604,"date":"2024-10-07T13:54:21","date_gmt":"2024-10-07T10:54:21","guid":{"rendered":"https:\/\/erayman.com\/en\/product\/b312\/"},"modified":"2024-10-07T13:54:21","modified_gmt":"2024-10-07T10:54:21","slug":"b312","status":"publish","type":"product","link":"https:\/\/erayman.com\/en\/product\/b312\/","title":{"rendered":"B312"},"content":{"rendered":"","protected":false},"excerpt":{"rendered":"<p>01. B\u0130ST\u00dcR\u0130 \/ NE\u015eTER J\u0130LET\u0130 57x10x0.40mm<\/p>\n","protected":false},"featured_media":2605,"comment_status":"closed","ping_status":"closed","template":"","meta":[],"product_cat":[238,249],"product_tag":[],"class_list":{"0":"post-2604","1":"product","2":"type-product","3":"status-publish","4":"has-post-thumbnail","6":"product_cat-industrial-blades","7":"product_cat-scalpel-scalpel","9":"first","10":"instock","11":"shipping-taxable","12":"product-type-simple"},"aioseo_notices":[],"_links":{"self":[{"href":"https:\/\/erayman.com\/en\/wp-json\/wp\/v2\/product\/2604"}],"collection":[{"href":"https:\/\/erayman.com\/en\/wp-json\/wp\/v2\/product"}],"about":[{"href":"https:\/\/erayman.com\/en\/wp-json\/wp\/v2\/types\/product"}],"replies":[{"embeddable":true,"href":"https:\/\/erayman.com\/en\/wp-json\/wp\/v2\/comments?post=2604"}],"wp:featuredmedia":[{"embeddable":true,"href":"https:\/\/erayman.com\/en\/wp-json\/wp\/v2\/media\/2605"}],"wp:attachment":[{"href":"https:\/\/erayman.com\/en\/wp-json\/wp\/v2\/media?parent=2604"}],"wp:term":[{"taxonomy":"product_cat","embeddable":true,"href":"https:\/\/erayman.com\/en\/wp-json\/wp\/v2\/product_cat?post=2604"},{"taxonomy":"product_tag","embeddable":true,"href":"https:\/\/erayman.com\/en\/wp-json\/wp\/v2\/product_tag?post=2604"}],"curies":[{"name":"wp","href":"https:\/\/api.w.org\/{rel}","templated":true}]}}