{"id":2600,"date":"2024-10-07T14:24:30","date_gmt":"2024-10-07T11:24:30","guid":{"rendered":"https:\/\/erayman.com\/en\/product\/b644-mark-iv-b645-mark-v\/"},"modified":"2024-10-07T14:24:30","modified_gmt":"2024-10-07T11:24:30","slug":"b644-mark-iv-b645-mark-v","status":"publish","type":"product","link":"https:\/\/erayman.com\/en\/product\/b644-mark-iv-b645-mark-v\/","title":{"rendered":"B644 (MARK IV) \u2013 B645 (MARK V)"},"content":{"rendered":"","protected":false},"excerpt":{"rendered":"<p>01. ELYAF BI\u00c7A\u011eI (MARK IV) 74.5\u00d715.6\u00d70.88mm, Paslanmaz<\/p>\n<p>02. ELYAF BI\u00c7A\u011eI (MARK IV) 74.5\u00d715.6\u00d70.88mm, Paslanmaz + TiN Kaplama<\/p>\n<p>03. ELYAF BI\u00c7A\u011eI (MARK IV) 74.5\u00d715.6\u00d70.88mm, Yekpare Tungsten<\/p>\n<p>04. ELYAF BI\u00c7A\u011eI (MARK V) 117.5\u00d715.6\u00d70.88mm, Paslanmaz<\/p>\n<p>05. ELYAF BI\u00c7A\u011eI (MARK V) 117.5\u00d715.6\u00d70.88mm, Paslanmaz + TiN Kaplama<\/p>\n<p>06. ELYAF BI\u00c7A\u011eI (MARK V) 117.5\u00d715.6\u00d70.88mm, Yekpare Tungsten<\/p>\n","protected":false},"featured_media":2601,"comment_status":"closed","ping_status":"closed","template":"","meta":[],"product_cat":[248,238],"product_tag":[],"class_list":{"0":"post-2600","1":"product","2":"type-product","3":"status-publish","4":"has-post-thumbnail","6":"product_cat-cut-fiber-blades","7":"product_cat-industrial-blades","9":"first","10":"instock","11":"shipping-taxable","12":"product-type-simple"},"aioseo_notices":[],"_links":{"self":[{"href":"https:\/\/erayman.com\/en\/wp-json\/wp\/v2\/product\/2600"}],"collection":[{"href":"https:\/\/erayman.com\/en\/wp-json\/wp\/v2\/product"}],"about":[{"href":"https:\/\/erayman.com\/en\/wp-json\/wp\/v2\/types\/product"}],"replies":[{"embeddable":true,"href":"https:\/\/erayman.com\/en\/wp-json\/wp\/v2\/comments?post=2600"}],"wp:featuredmedia":[{"embeddable":true,"href":"https:\/\/erayman.com\/en\/wp-json\/wp\/v2\/media\/2601"}],"wp:attachment":[{"href":"https:\/\/erayman.com\/en\/wp-json\/wp\/v2\/media?parent=2600"}],"wp:term":[{"taxonomy":"product_cat","embeddable":true,"href":"https:\/\/erayman.com\/en\/wp-json\/wp\/v2\/product_cat?post=2600"},{"taxonomy":"product_tag","embeddable":true,"href":"https:\/\/erayman.com\/en\/wp-json\/wp\/v2\/product_tag?post=2600"}],"curies":[{"name":"wp","href":"https:\/\/api.w.org\/{rel}","templated":true}]}}