{"id":2598,"date":"2024-10-07T14:29:17","date_gmt":"2024-10-07T11:29:17","guid":{"rendered":"https:\/\/erayman.com\/en\/product\/b573-b574-herkul\/"},"modified":"2024-10-07T14:29:17","modified_gmt":"2024-10-07T11:29:17","slug":"b573-b574-herkul","status":"publish","type":"product","link":"https:\/\/erayman.com\/en\/product\/b573-b574-herkul\/","title":{"rendered":"B573 \u2013 B574 (HERK\u00dcL)"},"content":{"rendered":"","protected":false},"excerpt":{"rendered":"<p>01. ELYAF BI\u00c7A\u011eI (HERK\u00dcL-KISA) 95x19x0.88mm, Paslanmaz<\/p>\n<p>02. ELYAF BI\u00c7A\u011eI (HERK\u00dcL-KISA) 95x19x0.88mm, Paslanmaz + TiN Kaplama<\/p>\n<p>03. ELYAF BI\u00c7A\u011eI (HERK\u00dcL-UZUN) 114x19x0.88mm, Paslanmaz<\/p>\n<p>04. ELYAF BI\u00c7A\u011eI (HERK\u00dcL-UZUN) 114x19x0.88mm, Paslanmaz + TiN Kaplama<\/p>\n","protected":false},"featured_media":2599,"comment_status":"closed","ping_status":"closed","template":"","meta":[],"product_cat":[248,238],"product_tag":[],"class_list":{"0":"post-2598","1":"product","2":"type-product","3":"status-publish","4":"has-post-thumbnail","6":"product_cat-cut-fiber-blades","7":"product_cat-industrial-blades","9":"first","10":"instock","11":"shipping-taxable","12":"product-type-simple"},"aioseo_notices":[],"_links":{"self":[{"href":"https:\/\/erayman.com\/en\/wp-json\/wp\/v2\/product\/2598"}],"collection":[{"href":"https:\/\/erayman.com\/en\/wp-json\/wp\/v2\/product"}],"about":[{"href":"https:\/\/erayman.com\/en\/wp-json\/wp\/v2\/types\/product"}],"replies":[{"embeddable":true,"href":"https:\/\/erayman.com\/en\/wp-json\/wp\/v2\/comments?post=2598"}],"wp:featuredmedia":[{"embeddable":true,"href":"https:\/\/erayman.com\/en\/wp-json\/wp\/v2\/media\/2599"}],"wp:attachment":[{"href":"https:\/\/erayman.com\/en\/wp-json\/wp\/v2\/media?parent=2598"}],"wp:term":[{"taxonomy":"product_cat","embeddable":true,"href":"https:\/\/erayman.com\/en\/wp-json\/wp\/v2\/product_cat?post=2598"},{"taxonomy":"product_tag","embeddable":true,"href":"https:\/\/erayman.com\/en\/wp-json\/wp\/v2\/product_tag?post=2598"}],"curies":[{"name":"wp","href":"https:\/\/api.w.org\/{rel}","templated":true}]}}