{"id":2594,"date":"2024-10-07T14:32:32","date_gmt":"2024-10-07T11:32:32","guid":{"rendered":"https:\/\/erayman.com\/en\/product\/b581\/"},"modified":"2024-10-07T14:32:32","modified_gmt":"2024-10-07T11:32:32","slug":"b581","status":"publish","type":"product","link":"https:\/\/erayman.com\/en\/product\/b581\/","title":{"rendered":"B581"},"content":{"rendered":"","protected":false},"excerpt":{"rendered":"<p>01. CAM ELYAFI BI\u00c7A\u011eI Uzunlukx7.94&#215;0.71mm, Tungsten Ala\u015f\u0131ml\u0131<\/p>\n","protected":false},"featured_media":2595,"comment_status":"closed","ping_status":"closed","template":"","meta":[],"product_cat":[247,238],"product_tag":[],"class_list":{"0":"post-2594","1":"product","2":"type-product","3":"status-publish","4":"has-post-thumbnail","6":"product_cat-fiber-glass-blades","7":"product_cat-industrial-blades","9":"first","10":"instock","11":"shipping-taxable","12":"product-type-simple"},"aioseo_notices":[],"_links":{"self":[{"href":"https:\/\/erayman.com\/en\/wp-json\/wp\/v2\/product\/2594"}],"collection":[{"href":"https:\/\/erayman.com\/en\/wp-json\/wp\/v2\/product"}],"about":[{"href":"https:\/\/erayman.com\/en\/wp-json\/wp\/v2\/types\/product"}],"replies":[{"embeddable":true,"href":"https:\/\/erayman.com\/en\/wp-json\/wp\/v2\/comments?post=2594"}],"wp:featuredmedia":[{"embeddable":true,"href":"https:\/\/erayman.com\/en\/wp-json\/wp\/v2\/media\/2595"}],"wp:attachment":[{"href":"https:\/\/erayman.com\/en\/wp-json\/wp\/v2\/media?parent=2594"}],"wp:term":[{"taxonomy":"product_cat","embeddable":true,"href":"https:\/\/erayman.com\/en\/wp-json\/wp\/v2\/product_cat?post=2594"},{"taxonomy":"product_tag","embeddable":true,"href":"https:\/\/erayman.com\/en\/wp-json\/wp\/v2\/product_tag?post=2594"}],"curies":[{"name":"wp","href":"https:\/\/api.w.org\/{rel}","templated":true}]}}