{"id":2592,"date":"2024-10-07T14:35:43","date_gmt":"2024-10-07T11:35:43","guid":{"rendered":"https:\/\/erayman.com\/en\/product\/b657\/"},"modified":"2024-10-07T14:35:43","modified_gmt":"2024-10-07T11:35:43","slug":"b657","status":"publish","type":"product","link":"https:\/\/erayman.com\/en\/product\/b657\/","title":{"rendered":"B657"},"content":{"rendered":"","protected":false},"excerpt":{"rendered":"<p>01. DA\u0130RESEL J\u0130LET (OLFA RB18-2) 18\u00d77\/5&#215;0.30mm, Alt\u0131gen Delik, Paslanmaz<\/p>\n<p>02. DA\u0130RESEL J\u0130LET (OLFA RB28-10) 28\u00d77\/5&#215;0.30mm, 3 \u00c7entik<\/p>\n<p>03. DA\u0130RESEL J\u0130LET (OLFA RB45-10) 45\u00d710.2\/8.3&#215;0.30mm, 3 \u00c7entik<\/p>\n<p>04. DA\u0130RESEL J\u0130LET (OLFA RB60-1) 60\u00d713\/10&#215;0.35mm, 3 \u00c7entik<\/p>\n<p>05. DA\u0130RESEL J\u0130LET (OLFA PRB18-2) 18\u00d77\/5&#215;0.30mm, Alt\u0131gen Delik, 8 Perfore Kanal\u0131, Paslanmaz<\/p>\n","protected":false},"featured_media":2593,"comment_status":"closed","ping_status":"closed","template":"","meta":[],"product_cat":[246,238],"product_tag":[],"class_list":{"0":"post-2592","1":"product","2":"type-product","3":"status-publish","4":"has-post-thumbnail","6":"product_cat-circular-blades","7":"product_cat-industrial-blades","9":"first","10":"instock","11":"shipping-taxable","12":"product-type-simple"},"aioseo_notices":[],"_links":{"self":[{"href":"https:\/\/erayman.com\/en\/wp-json\/wp\/v2\/product\/2592"}],"collection":[{"href":"https:\/\/erayman.com\/en\/wp-json\/wp\/v2\/product"}],"about":[{"href":"https:\/\/erayman.com\/en\/wp-json\/wp\/v2\/types\/product"}],"replies":[{"embeddable":true,"href":"https:\/\/erayman.com\/en\/wp-json\/wp\/v2\/comments?post=2592"}],"wp:featuredmedia":[{"embeddable":true,"href":"https:\/\/erayman.com\/en\/wp-json\/wp\/v2\/media\/2593"}],"wp:attachment":[{"href":"https:\/\/erayman.com\/en\/wp-json\/wp\/v2\/media?parent=2592"}],"wp:term":[{"taxonomy":"product_cat","embeddable":true,"href":"https:\/\/erayman.com\/en\/wp-json\/wp\/v2\/product_cat?post=2592"},{"taxonomy":"product_tag","embeddable":true,"href":"https:\/\/erayman.com\/en\/wp-json\/wp\/v2\/product_tag?post=2592"}],"curies":[{"name":"wp","href":"https:\/\/api.w.org\/{rel}","templated":true}]}}