{"id":2586,"date":"2024-10-07T16:09:15","date_gmt":"2024-10-07T13:09:15","guid":{"rendered":"https:\/\/erayman.com\/en\/product\/b575-mikrotom-jileti-alcak-profil\/"},"modified":"2024-10-16T01:35:16","modified_gmt":"2024-10-15T22:35:16","slug":"b575-microtome-razor-low-profile","status":"publish","type":"product","link":"https:\/\/erayman.com\/en\/product\/b575-microtome-razor-low-profile\/","title":{"rendered":"B575 MICROTOME RAZOR \u2013 LOW PROFILE"},"content":{"rendered":"","protected":false},"excerpt":{"rendered":"<p>01. M\u0130KROTOM J\u0130LET\u0130 80.01\u00d78.13&#215;0.25mm, Al\u00e7ak Profil, 3 A\u00e7\u0131, Paslanmaz + Kaplama<\/p>\n","protected":false},"featured_media":2587,"comment_status":"closed","ping_status":"closed","template":"","meta":[],"product_cat":[243,238],"product_tag":[],"class_list":{"0":"post-2586","1":"product","2":"type-product","3":"status-publish","4":"has-post-thumbnail","6":"product_cat-dokubilim-microtome-razor","7":"product_cat-industrial-blades","9":"first","10":"instock","11":"shipping-taxable","12":"product-type-simple"},"aioseo_notices":[],"_links":{"self":[{"href":"https:\/\/erayman.com\/en\/wp-json\/wp\/v2\/product\/2586"}],"collection":[{"href":"https:\/\/erayman.com\/en\/wp-json\/wp\/v2\/product"}],"about":[{"href":"https:\/\/erayman.com\/en\/wp-json\/wp\/v2\/types\/product"}],"replies":[{"embeddable":true,"href":"https:\/\/erayman.com\/en\/wp-json\/wp\/v2\/comments?post=2586"}],"wp:featuredmedia":[{"embeddable":true,"href":"https:\/\/erayman.com\/en\/wp-json\/wp\/v2\/media\/2587"}],"wp:attachment":[{"href":"https:\/\/erayman.com\/en\/wp-json\/wp\/v2\/media?parent=2586"}],"wp:term":[{"taxonomy":"product_cat","embeddable":true,"href":"https:\/\/erayman.com\/en\/wp-json\/wp\/v2\/product_cat?post=2586"},{"taxonomy":"product_tag","embeddable":true,"href":"https:\/\/erayman.com\/en\/wp-json\/wp\/v2\/product_tag?post=2586"}],"curies":[{"name":"wp","href":"https:\/\/api.w.org\/{rel}","templated":true}]}}