{"id":2584,"date":"2024-10-07T16:10:52","date_gmt":"2024-10-07T13:10:52","guid":{"rendered":"https:\/\/erayman.com\/en\/product\/01-mikrotom-jileti-80-01x8-13x0-25mm-alcak-profil-3-aci-paslanmaz-kaplama\/"},"modified":"2024-10-16T01:35:08","modified_gmt":"2024-10-15T22:35:08","slug":"01-microtome-razor-80-01x8-13x0-25mm-low-profile-3-angles-stainless-coating","status":"publish","type":"product","link":"https:\/\/erayman.com\/en\/product\/01-microtome-razor-80-01x8-13x0-25mm-low-profile-3-angles-stainless-coating\/","title":{"rendered":"01. MICROTOME RAZOR 80.01\u00d78.13&#215;0.25mm, Low Profile, 3 Angles, Stainless + Coating"},"content":{"rendered":"","protected":false},"excerpt":{"rendered":"<p>01. M\u0130KROTOM J\u0130LET\u0130 80.01\u00d713.97&#215;0.30mm, Y\u00fcksek Profil, 3 A\u00e7\u0131, Paslanmaz + Kaplama<\/p>\n","protected":false},"featured_media":2585,"comment_status":"closed","ping_status":"closed","template":"","meta":[],"product_cat":[243,238],"product_tag":[],"class_list":{"0":"post-2584","1":"product","2":"type-product","3":"status-publish","4":"has-post-thumbnail","6":"product_cat-dokubilim-microtome-razor","7":"product_cat-industrial-blades","9":"first","10":"instock","11":"shipping-taxable","12":"product-type-simple"},"aioseo_notices":[],"_links":{"self":[{"href":"https:\/\/erayman.com\/en\/wp-json\/wp\/v2\/product\/2584"}],"collection":[{"href":"https:\/\/erayman.com\/en\/wp-json\/wp\/v2\/product"}],"about":[{"href":"https:\/\/erayman.com\/en\/wp-json\/wp\/v2\/types\/product"}],"replies":[{"embeddable":true,"href":"https:\/\/erayman.com\/en\/wp-json\/wp\/v2\/comments?post=2584"}],"wp:featuredmedia":[{"embeddable":true,"href":"https:\/\/erayman.com\/en\/wp-json\/wp\/v2\/media\/2585"}],"wp:attachment":[{"href":"https:\/\/erayman.com\/en\/wp-json\/wp\/v2\/media?parent=2584"}],"wp:term":[{"taxonomy":"product_cat","embeddable":true,"href":"https:\/\/erayman.com\/en\/wp-json\/wp\/v2\/product_cat?post=2584"},{"taxonomy":"product_tag","embeddable":true,"href":"https:\/\/erayman.com\/en\/wp-json\/wp\/v2\/product_tag?post=2584"}],"curies":[{"name":"wp","href":"https:\/\/api.w.org\/{rel}","templated":true}]}}