{"id":2582,"date":"2024-10-07T17:53:56","date_gmt":"2024-10-07T14:53:56","guid":{"rendered":"https:\/\/erayman.com\/en\/product\/b723-001-lasik-mikrokeratom-jileti-2-x-yuva\/"},"modified":"2024-10-16T01:34:57","modified_gmt":"2024-10-15T22:34:57","slug":"b723-001-lasik-microkeratoma-razor-2-x-slot","status":"publish","type":"product","link":"https:\/\/erayman.com\/en\/product\/b723-001-lasik-microkeratoma-razor-2-x-slot\/","title":{"rendered":"B723 001 LASIK \/ MICROKERATOMA RAZOR \u2013 2 x SLOT"},"content":{"rendered":"","protected":false},"excerpt":{"rendered":"<p>01. LAS\u0130K J\u0130LET\u0130 38.1\u00d77.94&#215;0.25mm, 2 Yuva, 3 A\u00e7\u0131, Paslanmaz, Ya\u011fdan Ar\u0131nd\u0131r\u0131lm\u0131\u015f<\/p>\n","protected":false},"featured_media":2583,"comment_status":"closed","ping_status":"closed","template":"","meta":[],"product_cat":[238,242],"product_tag":[],"class_list":{"0":"post-2582","1":"product","2":"type-product","3":"status-publish","4":"has-post-thumbnail","6":"product_cat-industrial-blades","7":"product_cat-lasik-microkeratoma-razor","9":"first","10":"instock","11":"shipping-taxable","12":"product-type-simple"},"aioseo_notices":[],"_links":{"self":[{"href":"https:\/\/erayman.com\/en\/wp-json\/wp\/v2\/product\/2582"}],"collection":[{"href":"https:\/\/erayman.com\/en\/wp-json\/wp\/v2\/product"}],"about":[{"href":"https:\/\/erayman.com\/en\/wp-json\/wp\/v2\/types\/product"}],"replies":[{"embeddable":true,"href":"https:\/\/erayman.com\/en\/wp-json\/wp\/v2\/comments?post=2582"}],"wp:featuredmedia":[{"embeddable":true,"href":"https:\/\/erayman.com\/en\/wp-json\/wp\/v2\/media\/2583"}],"wp:attachment":[{"href":"https:\/\/erayman.com\/en\/wp-json\/wp\/v2\/media?parent=2582"}],"wp:term":[{"taxonomy":"product_cat","embeddable":true,"href":"https:\/\/erayman.com\/en\/wp-json\/wp\/v2\/product_cat?post=2582"},{"taxonomy":"product_tag","embeddable":true,"href":"https:\/\/erayman.com\/en\/wp-json\/wp\/v2\/product_tag?post=2582"}],"curies":[{"name":"wp","href":"https:\/\/api.w.org\/{rel}","templated":true}]}}