{"id":2576,"date":"2024-10-07T17:59:41","date_gmt":"2024-10-07T14:59:41","guid":{"rendered":"https:\/\/erayman.com\/en\/product\/b204-klasik-jilet\/"},"modified":"2024-10-16T01:34:29","modified_gmt":"2024-10-15T22:34:29","slug":"b204-classic-razor","status":"publish","type":"product","link":"https:\/\/erayman.com\/en\/product\/b204-classic-razor\/","title":{"rendered":"B204 CLASSIC RAZOR"},"content":{"rendered":"","protected":false},"excerpt":{"rendered":"<p>01. KLAS\u0130K J\u0130LET 38x19x0.10mm, Paslanmaz, 3 A\u00e7\u0131<\/p>\n<p>02. KLAS\u0130K J\u0130LET 38x19x0.10mm, Paslanmaz, 3 A\u00e7\u0131, Kaplamal\u0131<\/p>\n<p>03. KLAS\u0130K J\u0130LET 38x19x0.10mm, Paslanmaz, 3 A\u00e7\u0131, Ya\u011fdan Ar\u0131nd\u0131r\u0131lm\u0131\u015f<\/p>\n<p>04. KLAS\u0130K J\u0130LET 38x19x0.10mm, Paslanmaz, 3 A\u00e7\u0131, Ya\u011fdan Ar\u0131nd\u0131r\u0131lm\u0131\u015f, Kaplamal\u0131<\/p>\n","protected":false},"featured_media":2577,"comment_status":"closed","ping_status":"closed","template":"","meta":[],"product_cat":[240,238],"product_tag":[],"class_list":{"0":"post-2576","1":"product","2":"type-product","3":"status-publish","4":"has-post-thumbnail","6":"product_cat-classic-razor","7":"product_cat-industrial-blades","9":"first","10":"instock","11":"shipping-taxable","12":"product-type-simple"},"aioseo_notices":[],"_links":{"self":[{"href":"https:\/\/erayman.com\/en\/wp-json\/wp\/v2\/product\/2576"}],"collection":[{"href":"https:\/\/erayman.com\/en\/wp-json\/wp\/v2\/product"}],"about":[{"href":"https:\/\/erayman.com\/en\/wp-json\/wp\/v2\/types\/product"}],"replies":[{"embeddable":true,"href":"https:\/\/erayman.com\/en\/wp-json\/wp\/v2\/comments?post=2576"}],"wp:featuredmedia":[{"embeddable":true,"href":"https:\/\/erayman.com\/en\/wp-json\/wp\/v2\/media\/2577"}],"wp:attachment":[{"href":"https:\/\/erayman.com\/en\/wp-json\/wp\/v2\/media?parent=2576"}],"wp:term":[{"taxonomy":"product_cat","embeddable":true,"href":"https:\/\/erayman.com\/en\/wp-json\/wp\/v2\/product_cat?post=2576"},{"taxonomy":"product_tag","embeddable":true,"href":"https:\/\/erayman.com\/en\/wp-json\/wp\/v2\/product_tag?post=2576"}],"curies":[{"name":"wp","href":"https:\/\/api.w.org\/{rel}","templated":true}]}}