{"id":2574,"date":"2024-10-07T18:01:21","date_gmt":"2024-10-07T15:01:21","guid":{"rendered":"https:\/\/erayman.com\/en\/product\/b207-xxl-uzun\/"},"modified":"2024-10-16T01:34:21","modified_gmt":"2024-10-15T22:34:21","slug":"b207-xxl-long","status":"publish","type":"product","link":"https:\/\/erayman.com\/en\/product\/b207-xxl-long\/","title":{"rendered":"B207 XXL (LONG)"},"content":{"rendered":"","protected":false},"excerpt":{"rendered":"<p>01. AL\u00c7I LEVHA BI\u00c7A\u011eI 170x19x0.80mm, 2 \u00c7entik, 4 Delik<\/p>\n","protected":false},"featured_media":2575,"comment_status":"closed","ping_status":"closed","template":"","meta":[],"product_cat":[238,239],"product_tag":[],"class_list":{"0":"post-2574","1":"product","2":"type-product","3":"status-publish","4":"has-post-thumbnail","6":"product_cat-industrial-blades","7":"product_cat-plasterboard-paper-plaster-knife","9":"first","10":"instock","11":"shipping-taxable","12":"product-type-simple"},"aioseo_notices":[],"_links":{"self":[{"href":"https:\/\/erayman.com\/en\/wp-json\/wp\/v2\/product\/2574"}],"collection":[{"href":"https:\/\/erayman.com\/en\/wp-json\/wp\/v2\/product"}],"about":[{"href":"https:\/\/erayman.com\/en\/wp-json\/wp\/v2\/types\/product"}],"replies":[{"embeddable":true,"href":"https:\/\/erayman.com\/en\/wp-json\/wp\/v2\/comments?post=2574"}],"wp:featuredmedia":[{"embeddable":true,"href":"https:\/\/erayman.com\/en\/wp-json\/wp\/v2\/media\/2575"}],"wp:attachment":[{"href":"https:\/\/erayman.com\/en\/wp-json\/wp\/v2\/media?parent=2574"}],"wp:term":[{"taxonomy":"product_cat","embeddable":true,"href":"https:\/\/erayman.com\/en\/wp-json\/wp\/v2\/product_cat?post=2574"},{"taxonomy":"product_tag","embeddable":true,"href":"https:\/\/erayman.com\/en\/wp-json\/wp\/v2\/product_tag?post=2574"}],"curies":[{"name":"wp","href":"https:\/\/api.w.org\/{rel}","templated":true}]}}